{"id":18706,"date":"2017-11-21T10:09:36","date_gmt":"2017-11-21T10:09:36","guid":{"rendered":"http:\/\/www.bendel.de\/tornador-extd\/"},"modified":"2018-07-06T18:14:37","modified_gmt":"2018-07-06T18:14:37","slug":"tornador-extd","status":"publish","type":"page","link":"https:\/\/www.rotador.de\/es\/tornador-extd\/","title":{"rendered":"Tornador\u00ae EXTD"},"content":{"rendered":"<p>[et_pb_section bb_built=\u00bb1&#8243; admin_label=\u00bbSection\u00bb fullwidth=\u00bboff\u00bb specialty=\u00bbon\u00bb _builder_version=\u00bb3.0.51&#8243; background_position_1=\u00bbtop_left\u00bb background_repeat_1=\u00bbno-repeat\u00bb background_position_2=\u00bbtop_left\u00bb background_repeat_2=\u00bbno-repeat\u00bb custom_padding=\u00bb||0px|\u00bb][et_pb_column type=\u00bb1_2&#8243;][et_pb_text background_layout=\u00bblight\u00bb text_orientation=\u00bbleft\u00bb border_style=\u00bbsolid\u00bb background_position=\u00bbtop_left\u00bb background_repeat=\u00bbrepeat\u00bb background_size=\u00bbinitial\u00bb _builder_version=\u00bb3.0.56&#8243; module_alignment=\u00bbleft\u00bb]<\/p>\n<h2><strong>Tornador\u00ae EXTD<\/strong><\/h2>\n<h2>Juego de prolongaciones<\/h2>\n<p>&nbsp;<\/p>\n<h3>N\u00ba de art.: 601 526<\/h3>\n<p>[\/et_pb_text][et_pb_image _builder_version=\u00bb3.0.51&#8243; show_in_lightbox=\u00bbon\u00bb url_new_window=\u00bboff\u00bb use_overlay=\u00bboff\u00bb sticky=\u00bboff\u00bb align=\u00bbleft\u00bb always_center_on_mobile=\u00bbon\u00bb border_style=\u00bbsolid\u00bb force_fullwidth=\u00bboff\u00bb src=\u00bbhttps:\/\/www.bendel.de\/wp-content\/uploads\/2017\/06\/601526-Tornador-EXTD.jpg\u00bb animation_style=\u00bbslide\u00bb animation_duration=\u00bb500ms\u00bb animation_intensity_slide=\u00bb10%\u00bb animation_direction=\u00bbleft\u00bb \/][\/et_pb_column][et_pb_column type=\u00bb1_2&#8243; specialty_columns=\u00bb2&#8243;][et_pb_row_inner admin_label=\u00bbRow\u00bb padding_mobile=\u00bboff\u00bb use_custom_gutter=\u00bboff\u00bb column_padding_mobile=\u00bbon\u00bb make_equal=\u00bbon\u00bb parallax_1=\u00bboff\u00bb parallax_method_1=\u00bboff\u00bb parallax_2=\u00bboff\u00bb parallax_method_2=\u00bboff\u00bb][et_pb_column_inner type=\u00bb4_4&#8243; saved_specialty_column_type=\u00bb1_2&#8243;][et_pb_text background_layout=\u00bblight\u00bb text_orientation=\u00bbleft\u00bb border_style=\u00bbsolid\u00bb background_position=\u00bbtop_left\u00bb background_repeat=\u00bbrepeat\u00bb background_size=\u00bbinitial\u00bb _builder_version=\u00bb3.0.51&#8243; module_alignment=\u00bbleft\u00bb]<\/p>\n<hr class=\"linie100g\" \/>\n<ul>\n<li>Juego de reequipamiento para Tornador\u00ae CLASSIC, BLACK y FOAM<\/li>\n<li>Regulador adicional con posibilidad de contratuerca<\/li>\n<li>El trabajo por encima de la cabeza sin gotas es posible.<\/li>\n<\/ul>\n<hr class=\"linie100g\" \/>\n<p><strong>La manguera de aspiraci\u00f3n de 2 metros de longitud<\/strong> con regulador de spray separado es ideal para limpiezas interiores y exteriores completas y costosas: ning\u00fan recipiente molesto y rellenado del l\u00edquido de limpieza: La manguera de aspiraci\u00f3n permite el procesamiento de grandes recipientes de detergente y el trabajo por encima de la cabeza sin el molesto goteo.<\/p>\n<p>[\/et_pb_text][\/et_pb_column_inner][\/et_pb_row_inner][\/et_pb_column][\/et_pb_section][et_pb_section bb_built=\u00bb1&#8243; fullwidth=\u00bboff\u00bb specialty=\u00bboff\u00bb _builder_version=\u00bb3.0.51&#8243; background_color=\u00bbrgba(255,255,255,0)\u00bb custom_padding=\u00bb0px||0px|\u00bb inner_shadow=\u00bbon\u00bb transparent_background=\u00bbon\u00bb][et_pb_row background_position=\u00bbtop_left\u00bb background_repeat=\u00bbrepeat\u00bb background_size=\u00bbinitial\u00bb _builder_version=\u00bb3.0.51&#8243; background_color_1=\u00bb#eaeaea\u00bb background_position_1=\u00bbtop_left\u00bb background_repeat_1=\u00bbno-repeat\u00bb padding_left_1=\u00bb20px\u00bb padding_top_1=\u00bb20px\u00bb padding_right_1=\u00bb20px\u00bb padding_bottom_1=\u00bb20px\u00bb][et_pb_column type=\u00bb4_4&#8243;][et_pb_text background_layout=\u00bblight\u00bb text_orientation=\u00bbleft\u00bb border_style=\u00bbsolid\u00bb background_position=\u00bbtop_left\u00bb background_repeat=\u00bbrepeat\u00bb background_size=\u00bbinitial\u00bb _builder_version=\u00bb3.0.60&#8243; module_alignment=\u00bbleft\u00bb]<\/p>\n<p><strong>El juego de prolongaci\u00f3n permite el cambio<\/strong> de un <strong>Tornador\u00ae CLASSIC<\/strong> o <strong>Tornador\u00ae BLACK<\/strong> a un modo de funcionamiento sin recipiente. En los trabajos de limpieza en grandes superficies a veces no es suficiente el recipiente o vaso de 1 l del <strong>Tornador\u00ae CLASSIC<\/strong> o <strong>Tornador\u00ae BLACK<\/strong>. Este juego de prolongaci\u00f3n le posibilita ahora el trabajo con recipientes grandes. El juego de prolongaci\u00f3n tambi\u00e9n se puede utilizar con el<strong> Tornador\u00ae FOAM<\/strong>.<\/p>\n<p>[\/et_pb_text][\/et_pb_column][\/et_pb_row][\/et_pb_section][et_pb_section bb_built=\u00bb1&#8243; fullwidth=\u00bboff\u00bb specialty=\u00bboff\u00bb transparent_background=\u00bboff\u00bb background_color=\u00bb#dddddd\u00bb allow_player_pause=\u00bboff\u00bb inner_shadow=\u00bboff\u00bb parallax=\u00bboff\u00bb parallax_method=\u00bbon\u00bb make_fullwidth=\u00bboff\u00bb use_custom_width=\u00bboff\u00bb width_unit=\u00bbon\u00bb make_equal=\u00bboff\u00bb use_custom_gutter=\u00bboff\u00bb custom_padding=\u00bb0px||0px|\u00bb][et_pb_row background_position=\u00bbtop_left\u00bb background_repeat=\u00bbrepeat\u00bb background_size=\u00bbinitial\u00bb][et_pb_column type=\u00bb4_4&#8243;][et_pb_text background_layout=\u00bblight\u00bb text_orientation=\u00bbleft\u00bb border_style=\u00bbsolid\u00bb background_position=\u00bbtop_left\u00bb background_repeat=\u00bbrepeat\u00bb background_size=\u00bbinitial\u00bb _builder_version=\u00bb3.0.51&#8243; module_alignment=\u00bbleft\u00bb]<\/p>\n<h5>OTRAS VISTAS:<\/h5>\n<p>[\/et_pb_text][et_pb_gallery gallery_ids=\u00bb9160,9159&#8243; fullwidth=\u00bboff\u00bb orientation=\u00bblandscape\u00bb show_title_and_caption=\u00bboff\u00bb show_pagination=\u00bbon\u00bb background_layout=\u00bblight\u00bb hover_overlay_color=\u00bbrgba(255,255,255,0.9)\u00bb caption_line_height=\u00bb14px\u00bb title_font_size=\u00bb14&#8243; posts_number=\u00bb12&#8243; saved_tabs=\u00bball\u00bb _builder_version=\u00bb3.0.83&#8243; zoom_icon_color=\u00bb#0f00a7&#8243; pagination_font_size_tablet=\u00bb51&#8243; pagination_line_height_tablet=\u00bb2&#8243; \/][et_pb_divider color=\u00bb#ffffff\u00bb show_divider=\u00bbon\u00bb divider_style=\u00bbsolid\u00bb divider_position=\u00bbcenter\u00bb hide_on_mobile=\u00bbon\u00bb divider_weight=\u00bb3&#8243; disabled_on=\u00bbon|on|off\u00bb \/][\/et_pb_column][\/et_pb_row][\/et_pb_section][et_pb_section bb_built=\u00bb1&#8243; fullwidth=\u00bboff\u00bb specialty=\u00bboff\u00bb transparent_background=\u00bboff\u00bb background_color=\u00bb#dddddd\u00bb allow_player_pause=\u00bboff\u00bb inner_shadow=\u00bboff\u00bb parallax=\u00bboff\u00bb parallax_method=\u00bbon\u00bb make_fullwidth=\u00bboff\u00bb use_custom_width=\u00bboff\u00bb width_unit=\u00bbon\u00bb make_equal=\u00bboff\u00bb use_custom_gutter=\u00bboff\u00bb custom_padding=\u00bb0px||0px|\u00bb][et_pb_row background_position=\u00bbtop_left\u00bb background_repeat=\u00bbrepeat\u00bb background_size=\u00bbinitial\u00bb][et_pb_column type=\u00bb4_4&#8243;][et_pb_text background_layout=\u00bblight\u00bb text_orientation=\u00bbleft\u00bb border_style=\u00bbsolid\u00bb background_position=\u00bbtop_left\u00bb background_repeat=\u00bbrepeat\u00bb background_size=\u00bbinitial\u00bb _builder_version=\u00bb3.0.51&#8243; module_alignment=\u00bbleft\u00bb]<\/p>\n<h5>APLICACIONES:<\/h5>\n<p>[\/et_pb_text][et_pb_gallery fullwidth=\u00bboff\u00bb posts_number=\u00bb10&#8243; orientation=\u00bblandscape\u00bb show_title_and_caption=\u00bboff\u00bb show_pagination=\u00bbon\u00bb background_layout=\u00bblight\u00bb hover_overlay_color=\u00bbrgba(255,255,255,0.9)\u00bb caption_line_height=\u00bb14px\u00bb title_font_size=\u00bb14&#8243; saved_tabs=\u00bball\u00bb gallery_ids=\u00bb9162&#8243; _builder_version=\u00bb3.0.83&#8243; zoom_icon_color=\u00bb#0f00a7&#8243; pagination_font_size_tablet=\u00bb51&#8243; pagination_line_height_tablet=\u00bb2&#8243; \/][et_pb_divider color=\u00bb#ffffff\u00bb show_divider=\u00bbon\u00bb divider_style=\u00bbsolid\u00bb divider_position=\u00bbcenter\u00bb hide_on_mobile=\u00bbon\u00bb divider_weight=\u00bb3&#8243; disabled_on=\u00bbon|on|off\u00bb \/][\/et_pb_column][\/et_pb_row][\/et_pb_section]<\/p>\n","protected":false},"excerpt":{"rendered":"<p>Tornador\u00ae EXTD Juego de prolongaciones &nbsp; N\u00ba de art.: 601 526 Juego de reequipamiento para Tornador\u00ae CLASSIC, BLACK y FOAM Regulador adicional con posibilidad de contratuerca El trabajo por encima de la cabeza sin gotas es posible. La manguera de aspiraci\u00f3n de 2 metros de longitud con regulador de spray separado es ideal para limpiezas [&hellip;]<\/p>\n","protected":false},"author":7,"featured_media":0,"parent":0,"menu_order":1001,"comment_status":"closed","ping_status":"closed","template":"","meta":{"_et_pb_use_builder":"on","_et_pb_old_content":"","_et_gb_content_width":"","footnotes":""},"class_list":["post-18706","page","type-page","status-publish","hentry"],"_links":{"self":[{"href":"https:\/\/www.rotador.de\/es\/wp-json\/wp\/v2\/pages\/18706","targetHints":{"allow":["GET"]}}],"collection":[{"href":"https:\/\/www.rotador.de\/es\/wp-json\/wp\/v2\/pages"}],"about":[{"href":"https:\/\/www.rotador.de\/es\/wp-json\/wp\/v2\/types\/page"}],"author":[{"embeddable":true,"href":"https:\/\/www.rotador.de\/es\/wp-json\/wp\/v2\/users\/7"}],"replies":[{"embeddable":true,"href":"https:\/\/www.rotador.de\/es\/wp-json\/wp\/v2\/comments?post=18706"}],"version-history":[{"count":4,"href":"https:\/\/www.rotador.de\/es\/wp-json\/wp\/v2\/pages\/18706\/revisions"}],"predecessor-version":[{"id":22100,"href":"https:\/\/www.rotador.de\/es\/wp-json\/wp\/v2\/pages\/18706\/revisions\/22100"}],"wp:attachment":[{"href":"https:\/\/www.rotador.de\/es\/wp-json\/wp\/v2\/media?parent=18706"}],"curies":[{"name":"wp","href":"https:\/\/api.w.org\/{rel}","templated":true}]}}