{"id":18712,"date":"2017-11-21T10:09:36","date_gmt":"2017-11-21T10:09:36","guid":{"rendered":"http:\/\/www.bendel.de\/tornador-ph-21\/"},"modified":"2018-07-06T18:14:35","modified_gmt":"2018-07-06T18:14:35","slug":"tornador-ph-21","status":"publish","type":"page","link":"https:\/\/www.rotador.de\/es\/tornador-ph-21\/","title":{"rendered":"Tornador\u00ae PH-21"},"content":{"rendered":"<p>[et_pb_section bb_built=\u00bb1&#8243; admin_label=\u00bbSection\u00bb fullwidth=\u00bboff\u00bb specialty=\u00bbon\u00bb _builder_version=\u00bb3.0.51&#8243; background_position_1=\u00bbtop_left\u00bb background_repeat_1=\u00bbno-repeat\u00bb background_position_2=\u00bbtop_left\u00bb background_repeat_2=\u00bbno-repeat\u00bb][et_pb_column type=\u00bb1_2&#8243;][et_pb_text background_layout=\u00bblight\u00bb text_orientation=\u00bbleft\u00bb border_style=\u00bbsolid\u00bb background_position=\u00bbtop_left\u00bb background_repeat=\u00bbrepeat\u00bb background_size=\u00bbinitial\u00bb _builder_version=\u00bb3.0.56&#8243; module_alignment=\u00bbleft\u00bb]<\/p>\n<h2><strong>Tornador\u00ae PH-21<\/strong><\/h2>\n<h2>Pulidora exc\u00e9ntrica el\u00e9ctrica<\/h2>\n<p>&nbsp;<\/p>\n<h3>N\u00ba de art.: 601 591<\/h3>\n<p>[\/et_pb_text][et_pb_image _builder_version=\u00bb3.0.51&#8243; show_in_lightbox=\u00bbon\u00bb url_new_window=\u00bboff\u00bb use_overlay=\u00bboff\u00bb sticky=\u00bboff\u00bb align=\u00bbleft\u00bb always_center_on_mobile=\u00bbon\u00bb border_style=\u00bbsolid\u00bb force_fullwidth=\u00bboff\u00bb src=\u00bbhttps:\/\/www.bendel.de\/wp-content\/uploads\/2017\/06\/601591-PH-21-Detail-9.jpg\u00bb animation_style=\u00bbslide\u00bb animation_duration=\u00bb500ms\u00bb animation_intensity_slide=\u00bb10%\u00bb animation_direction=\u00bbleft\u00bb show_bottom_space=\u00bbon\u00bb \/][et_pb_text background_layout=\u00bblight\u00bb text_orientation=\u00bbleft\u00bb border_style=\u00bbsolid\u00bb background_position=\u00bbtop_left\u00bb background_repeat=\u00bbrepeat\u00bb background_size=\u00bbinitial\u00bb _builder_version=\u00bb3.0.60&#8243; custom_margin=\u00bb||0px|\u00bb module_alignment=\u00bbleft\u00bb]<\/p>\n<h5>PLANO DE EXPLOSI\u00d3N:<\/h5>\n<p>[\/et_pb_text][et_pb_button button_url=\u00bbhttps:\/\/www.bendel.de\/wp-content\/uploads\/2017\/06\/PH21_Sprengz.pdf\u00bb url_new_window=\u00bbon\u00bb button_text=\u00bbPDF Download\u00bb button_alignment=\u00bbleft\u00bb background_layout=\u00bblight\u00bb custom_button=\u00bbon\u00bb button_icon_placement=\u00bbright\u00bb button_text_size=\u00bb15&#8243; button_bg_color=\u00bb#0f00a7&#8243; button_font=\u00bbSource Sans Pro|on|||\u00bb button_icon=\u00bb%%59%%\u00bb button_icon_color=\u00bb#ffffff\u00bb button_border_radius_hover=\u00bb4&#8243; button_text_color=\u00bb#ffffff\u00bb button_border_width=\u00bb7&#8243; _builder_version=\u00bb3.0.83&#8243; \/][et_pb_button button_url=\u00bbhttps:\/\/www.youtube.com\/watch?v=bPziiS5ZhZo\u00bb url_new_window=\u00bbon\u00bb button_text=\u00bbV\u00eddeo\u00bb button_alignment=\u00bbleft\u00bb background_layout=\u00bblight\u00bb custom_button=\u00bbon\u00bb button_letter_spacing=\u00bb0&#8243; button_use_icon=\u00bbon\u00bb button_icon_placement=\u00bbright\u00bb button_letter_spacing_hover=\u00bb0&#8243; button_text_size=\u00bb15&#8243; button_bg_color=\u00bb#0f00a7&#8243; button_font=\u00bbSource Sans Pro|on|||\u00bb button_icon=\u00bb%%59%%\u00bb button_icon_color=\u00bb#ffffff\u00bb button_border_radius_hover=\u00bb4&#8243; button_text_color=\u00bb#ffffff\u00bb button_border_width=\u00bb7&#8243; _builder_version=\u00bb3.0.65&#8243; \/][\/et_pb_column][et_pb_column type=\u00bb1_2&#8243; specialty_columns=\u00bb2&#8243;][et_pb_row_inner admin_label=\u00bbZeile\u00bb][et_pb_column_inner type=\u00bb4_4&#8243; saved_specialty_column_type=\u00bb1_2&#8243;][et_pb_text background_layout=\u00bblight\u00bb background_position=\u00bbtop_left\u00bb background_repeat=\u00bbrepeat\u00bb background_size=\u00bbinitial\u00bb _builder_version=\u00bb3.0.90&#8243; module_alignment=\u00bbleft\u00bb]<\/p>\n<hr class=\"linie100g\" \/>\n<h6>\n<table id=\"tablepress-639\" class=\"tablepress tablepress-id-639\">\n<tbody>\n<tr class=\"row-1\">\n\t<td class=\"column-1\">Carrera exc\u00e9ntrica<\/td><td class=\"column-2\">21 mm<\/td>\n<\/tr>\n<tr class=\"row-2\">\n\t<td class=\"column-1\">Rendimiento de alojamiento<\/td><td class=\"column-2\">500 W\/1200 W<\/td>\n<\/tr>\n<tr class=\"row-3\">\n\t<td class=\"column-1\">r.p.m.<\/td><td class=\"column-2\">1700 \u2013 4200<\/td>\n<\/tr>\n<tr class=\"row-4\">\n\t<td class=\"column-1\">Regulaci\u00f3n de revoluciones<\/td><td class=\"column-2\">electr\u00f3nica, continua<\/td>\n<\/tr>\n<tr class=\"row-5\">\n\t<td class=\"column-1\">Nivel de vibraciones<\/td><td class=\"column-2\">2,6 m\/s<\/td>\n<\/tr>\n<tr class=\"row-6\">\n\t<td class=\"column-1\">Plato de velcro<\/td><td class=\"column-2\">150 mm<\/td>\n<\/tr>\n<\/tbody>\n<\/table>\n<!-- #tablepress-639 from cache --><\/h6>\n<hr class=\"linie100g\" \/>\n<p>[\/et_pb_text][et_pb_text background_layout=\u00bblight\u00bb text_orientation=\u00bbleft\u00bb border_style=\u00bbsolid\u00bb background_position=\u00bbtop_left\u00bb background_repeat=\u00bbrepeat\u00bb background_size=\u00bbinitial\u00bb _builder_version=\u00bb3.0.60&#8243; module_alignment=\u00bbleft\u00bb border_style_all=\u00bbsolid\u00bb]<\/p>\n<ul>\n<li>Carrera exc\u00e9ntrica enorme de 21 mm<\/li>\n<li>Inclusive cable de 10 m para el equipo<\/li>\n<li>Regulaci\u00f3n de velocidad continua<\/li>\n<\/ul>\n<p>Potente pulidora exc\u00e9ntrica el\u00e9ctrica con una carrera de exc\u00e9ntrica de 21 mm (3\/4&#8243;). La m\u00e1quina completa se caracteriza por un centro de gravedad ideal que hace posible un sencillo manejo con una sola mano y por primera vez un sistema de pulido de una \u00fanica fase: 1 m\u00e1quina 1 taco de pulido 1 pulimento 1 sellado <strong>Esto significa para usted, ahorro de tiempo, material y costes y de este modo un aumento de las ganancias.<\/strong><\/p>\n<p>[\/et_pb_text][\/et_pb_column_inner][\/et_pb_row_inner][\/et_pb_column][\/et_pb_section][et_pb_section bb_built=\u00bb1&#8243; fullwidth=\u00bboff\u00bb specialty=\u00bboff\u00bb _builder_version=\u00bb3.0.51&#8243; background_color=\u00bbrgba(255,255,255,0)\u00bb custom_padding=\u00bb0px||0px|\u00bb inner_shadow=\u00bbon\u00bb transparent_background=\u00bbon\u00bb][et_pb_row background_position=\u00bbtop_left\u00bb background_repeat=\u00bbrepeat\u00bb background_size=\u00bbinitial\u00bb _builder_version=\u00bb3.0.51&#8243; background_color_1=\u00bb#eaeaea\u00bb background_position_1=\u00bbtop_left\u00bb background_repeat_1=\u00bbno-repeat\u00bb padding_left_1=\u00bb20px\u00bb padding_top_1=\u00bb20px\u00bb padding_right_1=\u00bb20px\u00bb padding_bottom_1=\u00bb20px\u00bb][et_pb_column type=\u00bb4_4&#8243;][et_pb_text background_layout=\u00bblight\u00bb text_orientation=\u00bbleft\u00bb border_style=\u00bbsolid\u00bb background_position=\u00bbtop_left\u00bb background_repeat=\u00bbrepeat\u00bb background_size=\u00bbinitial\u00bb _builder_version=\u00bb3.0.51&#8243; module_alignment=\u00bbleft\u00bb]<\/p>\n<p><strong>Con 6 velocidades ajustables se puede seleccionar en todo momento la relaci\u00f3n correcta entre revoluciones, esponja, pulimento y pintura.<\/strong> Gracias la carrera exc\u00e9ntrica de 21 mm se evitan los hologramas y las marcas de pulido, por ello incluso los usuarios con menos pr\u00e1ctica consiguen un acabado brillante. La carrera exc\u00e9ntrica de 21 mm garantiza una buena abrasi\u00f3n de manera r\u00e1pida, y de este modo un resultado de pulido excelente y un trabajo que verdaderamente ahorra tiempo: en tan solo un paso de trabajo se consigue un brillo f\u00edsico excelente en un tiempo m\u00ednimo con la esponja Tornador especialmente desarrollada y el pulimento Tornador.<\/p>\n<p>[\/et_pb_text][\/et_pb_column][\/et_pb_row][\/et_pb_section][et_pb_section bb_built=\u00bb1&#8243; fullwidth=\u00bboff\u00bb specialty=\u00bboff\u00bb transparent_background=\u00bboff\u00bb background_color=\u00bb#dddddd\u00bb allow_player_pause=\u00bboff\u00bb inner_shadow=\u00bboff\u00bb parallax=\u00bboff\u00bb parallax_method=\u00bbon\u00bb make_fullwidth=\u00bboff\u00bb use_custom_width=\u00bboff\u00bb width_unit=\u00bbon\u00bb make_equal=\u00bboff\u00bb use_custom_gutter=\u00bboff\u00bb custom_padding=\u00bb0px||0px|\u00bb][et_pb_row background_position=\u00bbtop_left\u00bb background_repeat=\u00bbrepeat\u00bb background_size=\u00bbinitial\u00bb][et_pb_column type=\u00bb4_4&#8243;][et_pb_text background_layout=\u00bblight\u00bb text_orientation=\u00bbleft\u00bb use_border_color=\u00bboff\u00bb border_color=\u00bb#ffffff\u00bb border_style=\u00bbsolid\u00bb background_position=\u00bbtop_left\u00bb background_repeat=\u00bbrepeat\u00bb background_size=\u00bbinitial\u00bb module_alignment=\u00bbleft\u00bb]<\/p>\n<h5>ACCESORIOS:<\/h5>\n<p>[\/et_pb_text][et_pb_gallery gallery_ids=\u00bb9163,9172,9167,9168,9170,9166,9165,9169,9164&#8243; fullwidth=\u00bboff\u00bb orientation=\u00bblandscape\u00bb show_title_and_caption=\u00bboff\u00bb show_pagination=\u00bbon\u00bb background_layout=\u00bblight\u00bb hover_overlay_color=\u00bbrgba(255,255,255,0.9)\u00bb caption_line_height=\u00bb14px\u00bb title_font_size=\u00bb14&#8243; posts_number=\u00bb12&#8243; saved_tabs=\u00bball\u00bb _builder_version=\u00bb3.0.83&#8243; zoom_icon_color=\u00bb#0f00a7&#8243; pagination_font_size_tablet=\u00bb51&#8243; pagination_line_height_tablet=\u00bb2&#8243; \/][et_pb_divider color=\u00bb#ffffff\u00bb show_divider=\u00bbon\u00bb divider_style=\u00bbsolid\u00bb divider_position=\u00bbcenter\u00bb hide_on_mobile=\u00bbon\u00bb divider_weight=\u00bb3&#8243; disabled_on=\u00bbon|on|off\u00bb \/][\/et_pb_column][\/et_pb_row][\/et_pb_section][et_pb_section bb_built=\u00bb1&#8243; fullwidth=\u00bboff\u00bb specialty=\u00bboff\u00bb transparent_background=\u00bboff\u00bb background_color=\u00bb#dddddd\u00bb allow_player_pause=\u00bboff\u00bb inner_shadow=\u00bboff\u00bb parallax=\u00bboff\u00bb parallax_method=\u00bbon\u00bb make_fullwidth=\u00bboff\u00bb use_custom_width=\u00bboff\u00bb width_unit=\u00bbon\u00bb make_equal=\u00bboff\u00bb use_custom_gutter=\u00bboff\u00bb custom_padding=\u00bb0px||0px|\u00bb][et_pb_row background_position=\u00bbtop_left\u00bb background_repeat=\u00bbrepeat\u00bb background_size=\u00bbinitial\u00bb][et_pb_column type=\u00bb4_4&#8243;][et_pb_text background_layout=\u00bblight\u00bb text_orientation=\u00bbleft\u00bb use_border_color=\u00bboff\u00bb border_color=\u00bb#ffffff\u00bb border_style=\u00bbsolid\u00bb background_position=\u00bbtop_left\u00bb background_repeat=\u00bbrepeat\u00bb background_size=\u00bbinitial\u00bb module_alignment=\u00bbleft\u00bb]<\/p>\n<h5>OTRAS VISTAS:<\/h5>\n<p>[\/et_pb_text][et_pb_gallery fullwidth=\u00bboff\u00bb posts_number=\u00bb10&#8243; orientation=\u00bblandscape\u00bb show_title_and_caption=\u00bboff\u00bb show_pagination=\u00bbon\u00bb background_layout=\u00bblight\u00bb hover_overlay_color=\u00bbrgba(255,255,255,0.9)\u00bb caption_line_height=\u00bb14px\u00bb title_font_size=\u00bb14&#8243; saved_tabs=\u00bball\u00bb gallery_ids=\u00bb9365,9367,9364,9366&#8243; _builder_version=\u00bb3.0.83&#8243; zoom_icon_color=\u00bb#0f00a7&#8243; pagination_font_size_tablet=\u00bb51&#8243; pagination_line_height_tablet=\u00bb2&#8243; \/][et_pb_divider color=\u00bb#ffffff\u00bb show_divider=\u00bbon\u00bb divider_style=\u00bbsolid\u00bb divider_position=\u00bbcenter\u00bb hide_on_mobile=\u00bbon\u00bb divider_weight=\u00bb3&#8243; disabled_on=\u00bbon|on|off\u00bb \/][\/et_pb_column][\/et_pb_row][\/et_pb_section]<\/p>\n","protected":false},"excerpt":{"rendered":"<p>Tornador\u00ae PH-21 Pulidora exc\u00e9ntrica el\u00e9ctrica &nbsp; N\u00ba de art.: 601 591 PLANO DE EXPLOSI\u00d3N: \n<table id=\"tablepress-639-no-2\" class=\"tablepress tablepress-id-639\">\n<tbody>\n<tr class=\"row-1\">\n\t<td class=\"column-1\">Carrera exc\u00e9ntrica<\/td><td class=\"column-2\">21 mm<\/td>\n<\/tr>\n<tr class=\"row-2\">\n\t<td class=\"column-1\">Rendimiento de alojamiento<\/td><td class=\"column-2\">500 W\/1200 W<\/td>\n<\/tr>\n<tr class=\"row-3\">\n\t<td class=\"column-1\">r.p.m.<\/td><td class=\"column-2\">1700 \u2013 4200<\/td>\n<\/tr>\n<tr class=\"row-4\">\n\t<td class=\"column-1\">Regulaci\u00f3n de revoluciones<\/td><td class=\"column-2\">electr\u00f3nica, continua<\/td>\n<\/tr>\n<tr class=\"row-5\">\n\t<td class=\"column-1\">Nivel de vibraciones<\/td><td class=\"column-2\">2,6 m\/s<\/td>\n<\/tr>\n<tr class=\"row-6\">\n\t<td class=\"column-1\">Plato de velcro<\/td><td class=\"column-2\">150 mm<\/td>\n<\/tr>\n<\/tbody>\n<\/table>\n Carrera exc\u00e9ntrica enorme de 21 mm Inclusive cable de 10 m para el equipo Regulaci\u00f3n de velocidad continua Potente pulidora exc\u00e9ntrica el\u00e9ctrica con una carrera de exc\u00e9ntrica de 21 mm (3\/4&#8243;). La m\u00e1quina completa se caracteriza por un [&hellip;]<\/p>\n","protected":false},"author":7,"featured_media":0,"parent":0,"menu_order":979,"comment_status":"closed","ping_status":"closed","template":"","meta":{"_et_pb_use_builder":"on","_et_pb_old_content":"","_et_gb_content_width":"","footnotes":""},"class_list":["post-18712","page","type-page","status-publish","hentry"],"_links":{"self":[{"href":"https:\/\/www.rotador.de\/es\/wp-json\/wp\/v2\/pages\/18712","targetHints":{"allow":["GET"]}}],"collection":[{"href":"https:\/\/www.rotador.de\/es\/wp-json\/wp\/v2\/pages"}],"about":[{"href":"https:\/\/www.rotador.de\/es\/wp-json\/wp\/v2\/types\/page"}],"author":[{"embeddable":true,"href":"https:\/\/www.rotador.de\/es\/wp-json\/wp\/v2\/users\/7"}],"replies":[{"embeddable":true,"href":"https:\/\/www.rotador.de\/es\/wp-json\/wp\/v2\/comments?post=18712"}],"version-history":[{"count":11,"href":"https:\/\/www.rotador.de\/es\/wp-json\/wp\/v2\/pages\/18712\/revisions"}],"predecessor-version":[{"id":22096,"href":"https:\/\/www.rotador.de\/es\/wp-json\/wp\/v2\/pages\/18712\/revisions\/22096"}],"wp:attachment":[{"href":"https:\/\/www.rotador.de\/es\/wp-json\/wp\/v2\/media?parent=18712"}],"curies":[{"name":"wp","href":"https:\/\/api.w.org\/{rel}","templated":true}]}}