{"id":18746,"date":"2017-11-21T10:09:39","date_gmt":"2017-11-21T10:09:39","guid":{"rendered":"http:\/\/www.bendel.de\/accesorios-para-lijadoras\/"},"modified":"2018-07-06T18:14:09","modified_gmt":"2018-07-06T18:14:09","slug":"accesorios-para-lijadoras","status":"publish","type":"page","link":"https:\/\/www.rotador.de\/es\/accesorios-para-lijadoras\/","title":{"rendered":"Accesorios para lijadoras"},"content":{"rendered":"<p>[et_pb_section bb_built=\u00bb1&#8243; admin_label=\u00bbsection\u00bb _builder_version=\u00bb3.0.50&#8243; background_color=\u00bb#dddddd\u00bb][et_pb_row background_position=\u00bbtop_left\u00bb background_repeat=\u00bbrepeat\u00bb background_size=\u00bbinitial\u00bb][et_pb_column type=\u00bb4_4&#8243;][et_pb_text _builder_version=\u00bb3.0.61&#8243; background_layout=\u00bblight\u00bb text_orientation=\u00bbleft\u00bb border_style=\u00bbsolid\u00bb]<\/p>\n<h2>Accesorios para lijadoras neum\u00e1ticas<\/h2>\n<p>[\/et_pb_text][et_pb_divider _builder_version=\u00bb3.0.50&#8243; show_divider=\u00bbon\u00bb divider_style=\u00bbsolid\u00bb divider_position=\u00bbcenter\u00bb divider_weight=\u00bb3&#8243; hide_on_mobile=\u00bbon\u00bb disabled_on=\u00bbon|on|off\u00bb \/][et_pb_text _builder_version=\u00bb3.0.92&#8243; background_layout=\u00bblight\u00bb]<\/p>\n<h3>Bandas de lijado<\/h3>\n<p>Bandas de lijado de corind\u00f3n sobre base de tejido resistente a la rotura. Apropiadas para todas las lijadoras de banda con tensi\u00f3n de muelle y un ancho de banda de 10 mm o 20 mm. Ideal para la reparaci\u00f3n inteligente, trabajos de carrocer\u00eda o para el lijado de metales.<\/p>\n<p><strong>Por lijadoras de banda 10mm: ZC-1040 10 x 330 mm grano 40, <\/strong><strong>ZC-1060 10 x 330 mm grano 60, <\/strong><strong>ZC-1080 10 x 330 mm grano 80, <\/strong><strong>ZC-1120 10 x 330 mm grano 120<\/strong><\/p>\n<p><strong>Por lijadoras de banda 20mm: ZC-2040 20 x 520 mm grano 40, <\/strong><strong>ZC-2060 20 x 520 mm grano 60, <\/strong><strong>ZC-2080 20 x 520 mm grano 80, <\/strong><strong>ZC-2100 20 x 520 mm grano 100<\/strong><\/p>\n<p>[\/et_pb_text][et_pb_gallery _builder_version=\u00bb3.0.61&#8243; posts_number=\u00bb15&#8243; show_title_and_caption=\u00bbon\u00bb show_pagination=\u00bbon\u00bb fullwidth=\u00bboff\u00bb orientation=\u00bblandscape\u00bb zoom_icon_color=\u00bb#0f00a7&#8243; hover_overlay_color=\u00bbrgba(255,255,255,0.9)\u00bb background_layout=\u00bblight\u00bb border_style=\u00bbsolid\u00bb auto=\u00bboff\u00bb gallery_ids=\u00bb8822,7214,8823,7215,8824,7216,8826,7217&#8243; title_font_size=\u00bb14&#8243; \/][et_pb_divider _builder_version=\u00bb3.0.50&#8243; show_divider=\u00bbon\u00bb divider_style=\u00bbsolid\u00bb divider_position=\u00bbcenter\u00bb divider_weight=\u00bb3&#8243; hide_on_mobile=\u00bbon\u00bb disabled_on=\u00bbon|on|off\u00bb \/][et_pb_text _builder_version=\u00bb3.0.61&#8243; background_layout=\u00bblight\u00bb text_orientation=\u00bbleft\u00bb border_style=\u00bbsolid\u00bb]<\/p>\n<h3><strong>Discos de lijado para todas las lijadoras con rosca Roloc&#x2122;<\/strong><\/h3>\n<p>Discos de lijado de grano y vell\u00f3n con rosca Roloc&#x2122;. Para alisar objetos met\u00e1licos y para la mejora de la estructura superficial. Ideal para eliminar decoloraciones, rebabas secundarias y para la reducci\u00f3n r\u00e1pida y eficiente de rugosidades. Cuanto m\u00e1s fino es el vell\u00f3n, m\u00e1s uniforme queda la superficie. Tambi\u00e9n se aumenta la resistencia a la corrosi\u00f3n. \u00c1mbitos de aplicaci\u00f3n: Smart-Repair, trabajos de carrocer\u00eda, talleres de pintura, mecanizado del metal, y mucho m\u00e1s.<\/p>\n<h6><\/h6>\n<p>[\/et_pb_text][et_pb_gallery _builder_version=\u00bb3.0.65&#8243; posts_number=\u00bb15&#8243; show_title_and_caption=\u00bbon\u00bb show_pagination=\u00bbon\u00bb fullwidth=\u00bboff\u00bb orientation=\u00bblandscape\u00bb zoom_icon_color=\u00bb#0f00a7&#8243; hover_overlay_color=\u00bbrgba(255,255,255,0.9)\u00bb background_layout=\u00bblight\u00bb border_style=\u00bbsolid\u00bb auto=\u00bboff\u00bb gallery_ids=\u00bb7212,10997,7218,8827,7208,8807&#8243; title_font_size=\u00bb14&#8243; \/][et_pb_divider _builder_version=\u00bb3.0.50&#8243; show_divider=\u00bbon\u00bb divider_style=\u00bbsolid\u00bb divider_position=\u00bbcenter\u00bb divider_weight=\u00bb3&#8243; hide_on_mobile=\u00bbon\u00bb disabled_on=\u00bbon|on|off\u00bb \/][et_pb_text _builder_version=\u00bb3.0.61&#8243; background_layout=\u00bblight\u00bb text_orientation=\u00bbleft\u00bb border_style=\u00bbsolid\u00bb]<\/p>\n<h3><strong>Discos de cepillado 3M\u00ae Bristle Disc para rosca Roloc&#x2122;<\/strong><\/h3>\n<p>El Bristle Disc se aplica en lijadoras anguladas para la eliminaci\u00f3n de \u00f3xido, pinturas, restos de adhesivo y contaminaciones superficiales. Es apropiado para acero, acero inoxidable y metales NE. El Bristle Disc est\u00e1 provisto de grano de lijado cer\u00e1mico Cubitron&#x2122; para un procesamiento profundo y protector de las superficies con rendimiento de eliminaci\u00f3n constante. Para unos buenos resultados es suficiente una ligera presi\u00f3n. <strong>Por medio de la rosca Roloc&#x2122; se puede cambiar de manera r\u00e1pida y sencilla:<\/strong> Los diferentes granulados desde K 50 hasta K 120 est\u00e1n identificados por colores para una asignaci\u00f3n r\u00e1pida y correcta. Montaje sin plato de apoyo adicional en casi todas las lijadoras angulares habituales en comercios, hasta un m\u00e1ximo de 25.000 r.p.m.<\/p>\n<p>[\/et_pb_text][et_pb_gallery _builder_version=\u00bb3.0.61&#8243; posts_number=\u00bb15&#8243; show_title_and_caption=\u00bbon\u00bb show_pagination=\u00bbon\u00bb fullwidth=\u00bboff\u00bb orientation=\u00bblandscape\u00bb zoom_icon_color=\u00bb#0f00a7&#8243; hover_overlay_color=\u00bbrgba(255,255,255,0.9)\u00bb background_layout=\u00bblight\u00bb border_style=\u00bbsolid\u00bb auto=\u00bboff\u00bb gallery_ids=\u00bb8828,7220,7221&#8243; title_font_size=\u00bb14&#8243; \/][et_pb_divider _builder_version=\u00bb3.0.50&#8243; show_divider=\u00bbon\u00bb divider_style=\u00bbsolid\u00bb divider_position=\u00bbcenter\u00bb divider_weight=\u00bb3&#8243; hide_on_mobile=\u00bbon\u00bb disabled_on=\u00bbon|on|off\u00bb \/][et_pb_text _builder_version=\u00bb3.0.61&#8243; background_layout=\u00bblight\u00bb text_orientation=\u00bbleft\u00bb border_style=\u00bbsolid\u00bb]<\/p>\n<h3>Plato de apoyo para lijadora exc\u00e9ntrica<\/h3>\n<h4><strong>Plato de apoyo para C-3366 y C-3672<\/strong><\/h4>\n<p>Plato de apoyo de 152 mm especialmente de alta calidad con 15 orificios para la utilizaci\u00f3n en equipos con aspiraci\u00f3n de polvo. Tambi\u00e9n apropiado para FESTO por medio del adaptador suministrado y de los discos distanciadores.<\/p>\n<p>[\/et_pb_text][et_pb_gallery _builder_version=\u00bb3.0.61&#8243; posts_number=\u00bb15&#8243; show_title_and_caption=\u00bbon\u00bb show_pagination=\u00bbon\u00bb fullwidth=\u00bboff\u00bb orientation=\u00bblandscape\u00bb zoom_icon_color=\u00bb#0f00a7&#8243; hover_overlay_color=\u00bbrgba(255,255,255,0.9)\u00bb background_layout=\u00bblight\u00bb border_style=\u00bbsolid\u00bb auto=\u00bboff\u00bb gallery_ids=\u00bb6930&#8243; title_font_size=\u00bb14&#8243; \/][et_pb_text _builder_version=\u00bb3.0.62&#8243; background_layout=\u00bblight\u00bb text_orientation=\u00bbleft\u00bb border_style=\u00bbsolid\u00bb]<\/p>\n<h4><strong>Plato de apoyo para C-3710<\/strong><\/h4>\n<p><strong>ZC-3710 50 mm versi\u00f3n de velcro extra fuerte, <\/strong><strong>ZC-3711 50 mm para rosetas de lijado autoadhesivas, <\/strong><strong>ZC-3712 30 mm versi\u00f3n de velcro extra fuerte, <\/strong><strong>ZC-3713 75 mm versi\u00f3n de velcro extra fuerte<\/strong> Plato de apoyo robusto en diferentes tama\u00f1os, equipado con un velcro extra fuerte para una retenci\u00f3n especialmente segura (excepto ZC-3711).<\/p>\n<p>[\/et_pb_text][et_pb_gallery _builder_version=\u00bb3.0.62&#8243; posts_number=\u00bb15&#8243; show_title_and_caption=\u00bbon\u00bb show_pagination=\u00bbon\u00bb fullwidth=\u00bboff\u00bb orientation=\u00bblandscape\u00bb zoom_icon_color=\u00bb#0f00a7&#8243; hover_overlay_color=\u00bbrgba(255,255,255,0.9)\u00bb background_layout=\u00bblight\u00bb border_style=\u00bbsolid\u00bb auto=\u00bboff\u00bb gallery_ids=\u00bb7223,8862,8833,8835&#8243; title_font_size=\u00bb14&#8243; \/][et_pb_text _builder_version=\u00bb3.0.62&#8243; background_layout=\u00bblight\u00bb text_orientation=\u00bbleft\u00bb border_style=\u00bbsolid\u00bb]<\/p>\n<h4><strong>Plato de apoyo de recambio para C-3851 Finish Sander<\/strong><\/h4>\n<p>Plato de apoyo de recambio, 30 mm, enroscable. Apropiado para rosetas de lijado de velcro o autoadhesivas a trav\u00e9s del nuevo recubrimiento Microklett. ZC-3800 tambi\u00e9n apropiado para el lijado en mojado.<\/p>\n<p>[\/et_pb_text][et_pb_gallery _builder_version=\u00bb3.0.61&#8243; posts_number=\u00bb15&#8243; show_title_and_caption=\u00bbon\u00bb show_pagination=\u00bbon\u00bb fullwidth=\u00bboff\u00bb orientation=\u00bblandscape\u00bb zoom_icon_color=\u00bb#0f00a7&#8243; hover_overlay_color=\u00bbrgba(255,255,255,0.9)\u00bb background_layout=\u00bblight\u00bb border_style=\u00bbsolid\u00bb auto=\u00bboff\u00bb gallery_ids=\u00bb8840&#8243; title_font_size=\u00bb14&#8243; \/][et_pb_text _builder_version=\u00bb3.0.62&#8243; background_layout=\u00bblight\u00bb text_orientation=\u00bbleft\u00bb border_style=\u00bbsolid\u00bb]<\/p>\n<h4><strong>Plato de apoyo para C-3860, C-3865 y C-3868:<\/strong><\/h4>\n<p>Apropiado para discos de lijado 3M\u00ae con rosca Roloc&#x2122;, disponible opcionalmente con adaptador para taladros (6 mm) sin sobreprecio.<\/p>\n<p>[\/et_pb_text][et_pb_gallery _builder_version=\u00bb3.0.61&#8243; posts_number=\u00bb15&#8243; show_title_and_caption=\u00bbon\u00bb show_pagination=\u00bbon\u00bb fullwidth=\u00bboff\u00bb orientation=\u00bblandscape\u00bb zoom_icon_color=\u00bb#0f00a7&#8243; hover_overlay_color=\u00bbrgba(255,255,255,0.9)\u00bb background_layout=\u00bblight\u00bb border_style=\u00bbsolid\u00bb auto=\u00bboff\u00bb gallery_ids=\u00bb8843&#8243; title_font_size=\u00bb14&#8243; \/][et_pb_divider _builder_version=\u00bb3.0.50&#8243; show_divider=\u00bbon\u00bb divider_style=\u00bbsolid\u00bb divider_position=\u00bbcenter\u00bb divider_weight=\u00bb3&#8243; hide_on_mobile=\u00bbon\u00bb disabled_on=\u00bbon|on|off\u00bb \/][et_pb_text _builder_version=\u00bb3.0.62&#8243; background_layout=\u00bblight\u00bb text_orientation=\u00bbleft\u00bb border_style=\u00bbsolid\u00bb]<\/p>\n<h3>Dedo de apoyo para C-3720<\/h3>\n<p><strong>ZC-3720 versi\u00f3n de velcro grueso, <\/strong><strong>ZC-3720 versi\u00f3n de velcro grueso, <\/strong><strong>ZC-3721 versi\u00f3n de velcro fino, <\/strong><strong>ZC-3722 versi\u00f3n de velcro, <\/strong><strong>ZC-3723 dedo con taco para rosetas de lijado de 30 mm de velcro o autoadhesivas, <\/strong><strong>ZC-3721 versi\u00f3n de velcro fino, <\/strong><strong>ZC-3722 versi\u00f3n de velcro, <\/strong><strong>ZC-3723 dedo con taco para rosetas de lijado de 30 mm de velcro o autoadhesivas<\/strong><strong>\u00a0<\/strong> dedo para tacos para C-3720 y C-3720XL<\/p>\n<p>[\/et_pb_text][et_pb_gallery _builder_version=\u00bb3.0.61&#8243; posts_number=\u00bb15&#8243; show_title_and_caption=\u00bbon\u00bb show_pagination=\u00bbon\u00bb fullwidth=\u00bboff\u00bb orientation=\u00bblandscape\u00bb zoom_icon_color=\u00bb#0f00a7&#8243; hover_overlay_color=\u00bbrgba(255,255,255,0.9)\u00bb background_layout=\u00bblight\u00bb border_style=\u00bbsolid\u00bb auto=\u00bboff\u00bb gallery_ids=\u00bb8810,8809,8808,10337,8811&#8243; title_font_size=\u00bb14&#8243; \/][et_pb_divider _builder_version=\u00bb3.0.50&#8243; show_divider=\u00bbon\u00bb divider_style=\u00bbsolid\u00bb divider_position=\u00bbcenter\u00bb divider_weight=\u00bb3&#8243; hide_on_mobile=\u00bbon\u00bb disabled_on=\u00bbon|on|off\u00bb \/][et_pb_text _builder_version=\u00bb3.0.62&#8243; background_layout=\u00bblight\u00bb text_orientation=\u00bbleft\u00bb border_style=\u00bbsolid\u00bb]<\/p>\n<h3><strong>Raspador de folios y placas<\/strong><\/h3>\n<p><strong>Raspador de folios y placas ZI-9120<\/strong> <strong>Disco de goma ZI-9120 y ZI 9120PT para raspador de folios I-6630:<\/strong> \u00a1El original! El disco de goma con \u00abolor a vainilla\u00bb. Para la eliminaci\u00f3n de restos de adhesivo, etiquetas adhesivas y grandes rotulaciones, sin da\u00f1ar la pintura. En combinaci\u00f3n con nuestro raspador de folios neum\u00e1tico I-6630 y sus revoluciones a ralent\u00ed m\u00e1ximas de 2.600 r.p.m. con 6,3 bares, estos \u00abcortes de vainilla\u00bb se han acreditado ya por millones. Con la ayuda del adaptador ZI-9121, el raspador de folios y placas se puede utilizar incluso con un taladro (m\u00e1x. 2.600 r.p.m.). Ideal tambi\u00e9n para la eliminaci\u00f3n de restos de contrapesos pegados en llantas de aluminio y de este modo tambi\u00e9n excelente para los talleres de servicio de neum\u00e1ticos, talleres de pintura y talleres en general.<\/p>\n<p>[\/et_pb_text][et_pb_gallery _builder_version=\u00bb3.0.92&#8243; posts_number=\u00bb15&#8243; show_title_and_caption=\u00bbon\u00bb show_pagination=\u00bbon\u00bb fullwidth=\u00bboff\u00bb orientation=\u00bblandscape\u00bb zoom_icon_color=\u00bb#0f00a7&#8243; hover_overlay_color=\u00bbrgba(255,255,255,0.9)\u00bb background_layout=\u00bblight\u00bb gallery_ids=\u00bb23277,23263,15693&#8243; title_font_size=\u00bb14&#8243; pagination_font_size_tablet=\u00bb51&#8243; pagination_line_height_tablet=\u00bb2&#8243; \/][et_pb_divider _builder_version=\u00bb3.0.50&#8243; show_divider=\u00bbon\u00bb divider_style=\u00bbsolid\u00bb divider_position=\u00bbcenter\u00bb divider_weight=\u00bb3&#8243; hide_on_mobile=\u00bbon\u00bb disabled_on=\u00bbon|on|off\u00bb \/][et_pb_text _builder_version=\u00bb3.0.61&#8243; background_layout=\u00bblight\u00bb text_orientation=\u00bbleft\u00bb border_style=\u00bbsolid\u00bb]<\/p>\n<h3>Disco separador para I-9315<\/h3>\n<p>El disco separador para la cortadora radial I-9315. Con ayuda de este disco seccionador industrial extremadamente fino de 1 mm se pueden alcanzar incluso puntos de dif\u00edcil acceso. Muy apropiado para chapas de acero finas, aunque tambi\u00e9n para pernos soldados, tubos de escape, articulaciones portantes y barras de acoplamiento. Incluso las chapas resistentes y de alta resistencia, los aceros inoxidables, as\u00ed como las chapas de aluminio finas no son ning\u00fan problema en combinaci\u00f3n con la forma constructiva \u00fanica del seccionador radial I-9315. <strong>1 VPE = 25 unidades<\/strong><\/p>\n<p>[\/et_pb_text][et_pb_gallery _builder_version=\u00bb3.0.62&#8243; posts_number=\u00bb15&#8243; show_title_and_caption=\u00bbon\u00bb show_pagination=\u00bbon\u00bb fullwidth=\u00bboff\u00bb orientation=\u00bblandscape\u00bb zoom_icon_color=\u00bb#0f00a7&#8243; hover_overlay_color=\u00bbrgba(255,255,255,0.9)\u00bb background_layout=\u00bblight\u00bb border_style=\u00bbsolid\u00bb auto=\u00bboff\u00bb gallery_ids=\u00bb10608,10609&#8243; title_font_size=\u00bb14&#8243; \/][\/et_pb_column][\/et_pb_row][\/et_pb_section]<\/p>\n","protected":false},"excerpt":{"rendered":"<p>Accesorios para lijadoras neum\u00e1ticas Bandas de lijado Bandas de lijado de corind\u00f3n sobre base de tejido resistente a la rotura. Apropiadas para todas las lijadoras de banda con tensi\u00f3n de muelle y un ancho de banda de 10 mm o 20 mm. Ideal para la reparaci\u00f3n inteligente, trabajos de carrocer\u00eda o para el lijado de [&hellip;]<\/p>\n","protected":false},"author":7,"featured_media":0,"parent":0,"menu_order":737,"comment_status":"closed","ping_status":"closed","template":"","meta":{"_et_pb_use_builder":"on","_et_pb_old_content":"","_et_gb_content_width":"","footnotes":""},"class_list":["post-18746","page","type-page","status-publish","hentry"],"_links":{"self":[{"href":"https:\/\/www.rotador.de\/es\/wp-json\/wp\/v2\/pages\/18746","targetHints":{"allow":["GET"]}}],"collection":[{"href":"https:\/\/www.rotador.de\/es\/wp-json\/wp\/v2\/pages"}],"about":[{"href":"https:\/\/www.rotador.de\/es\/wp-json\/wp\/v2\/types\/page"}],"author":[{"embeddable":true,"href":"https:\/\/www.rotador.de\/es\/wp-json\/wp\/v2\/users\/7"}],"replies":[{"embeddable":true,"href":"https:\/\/www.rotador.de\/es\/wp-json\/wp\/v2\/comments?post=18746"}],"version-history":[{"count":9,"href":"https:\/\/www.rotador.de\/es\/wp-json\/wp\/v2\/pages\/18746\/revisions"}],"predecessor-version":[{"id":23283,"href":"https:\/\/www.rotador.de\/es\/wp-json\/wp\/v2\/pages\/18746\/revisions\/23283"}],"wp:attachment":[{"href":"https:\/\/www.rotador.de\/es\/wp-json\/wp\/v2\/media?parent=18746"}],"curies":[{"name":"wp","href":"https:\/\/api.w.org\/{rel}","templated":true}]}}