{"id":18747,"date":"2017-11-21T10:09:39","date_gmt":"2017-11-21T10:09:39","guid":{"rendered":"http:\/\/www.bendel.de\/accesorios-para-taladros\/"},"modified":"2018-07-06T18:14:16","modified_gmt":"2018-07-06T18:14:16","slug":"accesorios-para-taladros","status":"publish","type":"page","link":"https:\/\/www.rotador.de\/es\/accesorios-para-taladros\/","title":{"rendered":"Accesorios para taladros"},"content":{"rendered":"<p>[et_pb_section bb_built=\u00bb1&#8243; admin_label=\u00bbsection\u00bb _builder_version=\u00bb3.0.50&#8243; background_color=\u00bb#dddddd\u00bb][et_pb_row background_position=\u00bbtop_left\u00bb background_repeat=\u00bbrepeat\u00bb background_size=\u00bbinitial\u00bb _builder_version=\u00bb3.0.56&#8243;][et_pb_column type=\u00bb4_4&#8243;][et_pb_text _builder_version=\u00bb3.0.61&#8243; background_layout=\u00bblight\u00bb text_orientation=\u00bbleft\u00bb border_style=\u00bbsolid\u00bb]<\/p>\n<h2>Accesorios para taladros neum\u00e1ticos<\/h2>\n<p>[\/et_pb_text][et_pb_divider _builder_version=\u00bb3.0.50&#8243; show_divider=\u00bbon\u00bb divider_style=\u00bbsolid\u00bb divider_position=\u00bbcenter\u00bb divider_weight=\u00bb3&#8243; hide_on_mobile=\u00bbon\u00bb disabled_on=\u00bbon|on|off\u00bb \/][et_pb_text _builder_version=\u00bb3.0.61&#8243; background_layout=\u00bblight\u00bb text_orientation=\u00bbleft\u00bb border_style=\u00bbsolid\u00bb]<\/p>\n<h3>Accesorios de aire comprimido<\/h3>\n<p>[\/et_pb_text][et_pb_gallery _builder_version=\u00bb3.0.65&#8243; posts_number=\u00bb15&#8243; show_title_and_caption=\u00bbon\u00bb show_pagination=\u00bbon\u00bb fullwidth=\u00bboff\u00bb orientation=\u00bblandscape\u00bb zoom_icon_color=\u00bb#0f00a7&#8243; hover_overlay_color=\u00bbrgba(255,255,255,0.9)\u00bb background_layout=\u00bblight\u00bb border_style=\u00bbsolid\u00bb auto=\u00bboff\u00bb gallery_ids=\u00bb7236,11014,7237,7238,8849,8850,7241,8851,7242,8852,7243,8853,8820,7244&#8243; title_font_size=\u00bb14&#8243; \/][et_pb_divider _builder_version=\u00bb3.0.50&#8243; show_divider=\u00bbon\u00bb divider_style=\u00bbsolid\u00bb divider_position=\u00bbcenter\u00bb divider_weight=\u00bb3&#8243; hide_on_mobile=\u00bbon\u00bb disabled_on=\u00bbon|on|off\u00bb \/][et_pb_text _builder_version=\u00bb3.0.61&#8243; background_layout=\u00bblight\u00bb text_orientation=\u00bbleft\u00bb border_style=\u00bbsolid\u00bb]<\/p>\n<h3>Brocas<\/h3>\n<p><strong>En la pesta\u00f1a de productos encontrar\u00e1 m\u00e1s informaciones de producto: Brocas<\/strong><\/p>\n<h4><strong>Broca para puntos de soldadura HSCo<\/strong><\/h4>\n<p>[\/et_pb_text][et_pb_gallery _builder_version=\u00bb3.0.98&#8243; posts_number=\u00bb15&#8243; show_title_and_caption=\u00bbon\u00bb show_pagination=\u00bbon\u00bb fullwidth=\u00bboff\u00bb orientation=\u00bblandscape\u00bb zoom_icon_color=\u00bb#0f00a7&#8243; hover_overlay_color=\u00bbrgba(255,255,255,0.9)\u00bb background_layout=\u00bblight\u00bb gallery_ids=\u00bb13008,13005,12984&#8243; title_font_size=\u00bb14&#8243; pagination_font_size_tablet=\u00bb51&#8243; pagination_line_height_tablet=\u00bb2&#8243; \/][et_pb_text _builder_version=\u00bb3.0.61&#8243; background_layout=\u00bblight\u00bb text_orientation=\u00bbleft\u00bb border_style=\u00bbsolid\u00bb]<\/p>\n<h4><strong>Broca para puntos de soldadura HSCo-TIN<\/strong><\/h4>\n<p>[\/et_pb_text][et_pb_gallery _builder_version=\u00bb3.0.98&#8243; posts_number=\u00bb15&#8243; show_title_and_caption=\u00bbon\u00bb show_pagination=\u00bbon\u00bb fullwidth=\u00bboff\u00bb orientation=\u00bblandscape\u00bb zoom_icon_color=\u00bb#0f00a7&#8243; hover_overlay_color=\u00bbrgba(255,255,255,0.9)\u00bb background_layout=\u00bblight\u00bb gallery_ids=\u00bb13011,13014&#8243; title_font_size=\u00bb14&#8243; pagination_font_size_tablet=\u00bb51&#8243; pagination_line_height_tablet=\u00bb2&#8243; \/][et_pb_text _builder_version=\u00bb3.0.98&#8243; background_layout=\u00bblight\u00bb]<\/p>\n<h4><strong>Broca para puntos de soldadura HSCo-TICN<\/strong><\/h4>\n<p>[\/et_pb_text][et_pb_gallery _builder_version=\u00bb3.0.98&#8243; posts_number=\u00bb15&#8243; show_title_and_caption=\u00bbon\u00bb show_pagination=\u00bbon\u00bb fullwidth=\u00bboff\u00bb orientation=\u00bblandscape\u00bb zoom_icon_color=\u00bb#0f00a7&#8243; hover_overlay_color=\u00bbrgba(255,255,255,0.9)\u00bb background_layout=\u00bblight\u00bb gallery_ids=\u00bb13059,13035,13038&#8243; title_font_size=\u00bb14&#8243; pagination_font_size_tablet=\u00bb51&#8243; pagination_line_height_tablet=\u00bb2&#8243; \/][\/et_pb_column][\/et_pb_row][\/et_pb_section]<\/p>\n","protected":false},"excerpt":{"rendered":"<p>Accesorios para taladros neum\u00e1ticos Accesorios de aire comprimido Brocas En la pesta\u00f1a de productos encontrar\u00e1 m\u00e1s informaciones de producto: Brocas Broca para puntos de soldadura HSCo Broca para puntos de soldadura HSCo-TIN Broca para puntos de soldadura HSCo-TICN<\/p>\n","protected":false},"author":7,"featured_media":0,"parent":0,"menu_order":801,"comment_status":"closed","ping_status":"closed","template":"","meta":{"_et_pb_use_builder":"on","_et_pb_old_content":"","_et_gb_content_width":"","footnotes":""},"class_list":["post-18747","page","type-page","status-publish","hentry"],"_links":{"self":[{"href":"https:\/\/www.rotador.de\/es\/wp-json\/wp\/v2\/pages\/18747","targetHints":{"allow":["GET"]}}],"collection":[{"href":"https:\/\/www.rotador.de\/es\/wp-json\/wp\/v2\/pages"}],"about":[{"href":"https:\/\/www.rotador.de\/es\/wp-json\/wp\/v2\/types\/page"}],"author":[{"embeddable":true,"href":"https:\/\/www.rotador.de\/es\/wp-json\/wp\/v2\/users\/7"}],"replies":[{"embeddable":true,"href":"https:\/\/www.rotador.de\/es\/wp-json\/wp\/v2\/comments?post=18747"}],"version-history":[{"count":10,"href":"https:\/\/www.rotador.de\/es\/wp-json\/wp\/v2\/pages\/18747\/revisions"}],"predecessor-version":[{"id":23388,"href":"https:\/\/www.rotador.de\/es\/wp-json\/wp\/v2\/pages\/18747\/revisions\/23388"}],"wp:attachment":[{"href":"https:\/\/www.rotador.de\/es\/wp-json\/wp\/v2\/media?parent=18747"}],"curies":[{"name":"wp","href":"https:\/\/api.w.org\/{rel}","templated":true}]}}