{"id":18748,"date":"2017-11-21T10:09:39","date_gmt":"2017-11-21T10:09:39","guid":{"rendered":"http:\/\/www.bendel.de\/accesorios-para-sierras\/"},"modified":"2018-07-06T18:14:18","modified_gmt":"2018-07-06T18:14:18","slug":"accesorios-para-sierras","status":"publish","type":"page","link":"https:\/\/www.rotador.de\/es\/accesorios-para-sierras\/","title":{"rendered":"Accesorios para sierras"},"content":{"rendered":"<p>[et_pb_section bb_built=\u00bb1&#8243; admin_label=\u00bbsection\u00bb _builder_version=\u00bb3.0.50&#8243; background_color=\u00bb#dddddd\u00bb][et_pb_row background_position=\u00bbtop_left\u00bb background_repeat=\u00bbrepeat\u00bb background_size=\u00bbinitial\u00bb][et_pb_column type=\u00bb4_4&#8243;][et_pb_text _builder_version=\u00bb3.0.50&#8243; background_layout=\u00bblight\u00bb text_orientation=\u00bbleft\u00bb border_style=\u00bbsolid\u00bb]<\/p>\n<h2>Accesorios para sierras<\/h2>\n<p>[\/et_pb_text][et_pb_divider _builder_version=\u00bb3.0.50&#8243; show_divider=\u00bbon\u00bb divider_style=\u00bbsolid\u00bb divider_position=\u00bbcenter\u00bb divider_weight=\u00bb3&#8243; hide_on_mobile=\u00bbon\u00bb \/][et_pb_text _builder_version=\u00bb3.0.61&#8243; background_layout=\u00bblight\u00bb text_orientation=\u00bbleft\u00bb border_style=\u00bbsolid\u00bb]<\/p>\n<h3><strong>Hojas de sierra adecuadas para versi\u00f3n SIG Bi-Metall, 5 piezas clasificadas por tama\u00f1o<\/strong><\/h3>\n<p>Hojas de sierra de bi-metal profesionales de alto rendimiento para trabajos en carrocer\u00edas con templado de dentado especial. Altamente flexibles con una vida \u00fatil prolongada. Apropiadas para cortes curvados. Adecuadas para SIG y sierras de calar de chapa flexible. <strong>5 unidades\/paquete<\/strong><\/p>\n<p>[\/et_pb_text][et_pb_gallery _builder_version=\u00bb3.0.61&#8243; posts_number=\u00bb15&#8243; show_title_and_caption=\u00bbon\u00bb show_pagination=\u00bbon\u00bb fullwidth=\u00bboff\u00bb orientation=\u00bblandscape\u00bb zoom_icon_color=\u00bb#0f00a7&#8243; hover_overlay_color=\u00bbrgba(255,255,255,0.9)\u00bb background_layout=\u00bblight\u00bb border_style=\u00bbsolid\u00bb auto=\u00bboff\u00bb gallery_ids=\u00bb10529,10530,10535,10536&#8243; title_font_size=\u00bb14&#8243; \/][et_pb_divider _builder_version=\u00bb3.0.50&#8243; show_divider=\u00bbon\u00bb divider_style=\u00bbsolid\u00bb divider_position=\u00bbcenter\u00bb divider_weight=\u00bb3&#8243; hide_on_mobile=\u00bbon\u00bb \/][et_pb_text _builder_version=\u00bb3.0.61&#8243; background_layout=\u00bblight\u00bb text_orientation=\u00bbleft\u00bb border_style=\u00bbsolid\u00bb]<\/p>\n<h3><strong>Hojas de sierra adecuadas bi-metal est\u00e1ndar, 5 piezas clasificadas por tama\u00f1o<\/strong><\/h3>\n<p>Hojas de sierra de bi-metal profesionales de alto rendimiento para trabajos en carrocer\u00edas con templado de dentado especial. Altamente flexibles con una vida \u00fatil prolongada. Apropiadas para cortes curvados. Apropiadas p. ej. para D-4130, D-4135, D-4166 <strong>5 unidades\/paquete<\/strong><\/p>\n<p>[\/et_pb_text][et_pb_gallery _builder_version=\u00bb3.0.61&#8243; posts_number=\u00bb15&#8243; show_title_and_caption=\u00bbon\u00bb show_pagination=\u00bbon\u00bb fullwidth=\u00bboff\u00bb orientation=\u00bblandscape\u00bb zoom_icon_color=\u00bb#0f00a7&#8243; hover_overlay_color=\u00bbrgba(255,255,255,0.9)\u00bb background_layout=\u00bblight\u00bb border_style=\u00bbsolid\u00bb auto=\u00bboff\u00bb gallery_ids=\u00bb10533,10532,10534&#8243; title_font_size=\u00bb14&#8243; \/][\/et_pb_column][\/et_pb_row][\/et_pb_section]<\/p>\n","protected":false},"excerpt":{"rendered":"<p>Accesorios para sierras Hojas de sierra adecuadas para versi\u00f3n SIG Bi-Metall, 5 piezas clasificadas por tama\u00f1o Hojas de sierra de bi-metal profesionales de alto rendimiento para trabajos en carrocer\u00edas con templado de dentado especial. Altamente flexibles con una vida \u00fatil prolongada. Apropiadas para cortes curvados. Adecuadas para SIG y sierras de calar de chapa flexible. [&hellip;]<\/p>\n","protected":false},"author":7,"featured_media":0,"parent":0,"menu_order":817,"comment_status":"closed","ping_status":"closed","template":"","meta":{"_et_pb_use_builder":"on","_et_pb_old_content":"","_et_gb_content_width":"","footnotes":""},"class_list":["post-18748","page","type-page","status-publish","hentry"],"_links":{"self":[{"href":"https:\/\/www.rotador.de\/es\/wp-json\/wp\/v2\/pages\/18748","targetHints":{"allow":["GET"]}}],"collection":[{"href":"https:\/\/www.rotador.de\/es\/wp-json\/wp\/v2\/pages"}],"about":[{"href":"https:\/\/www.rotador.de\/es\/wp-json\/wp\/v2\/types\/page"}],"author":[{"embeddable":true,"href":"https:\/\/www.rotador.de\/es\/wp-json\/wp\/v2\/users\/7"}],"replies":[{"embeddable":true,"href":"https:\/\/www.rotador.de\/es\/wp-json\/wp\/v2\/comments?post=18748"}],"version-history":[{"count":5,"href":"https:\/\/www.rotador.de\/es\/wp-json\/wp\/v2\/pages\/18748\/revisions"}],"predecessor-version":[{"id":21946,"href":"https:\/\/www.rotador.de\/es\/wp-json\/wp\/v2\/pages\/18748\/revisions\/21946"}],"wp:attachment":[{"href":"https:\/\/www.rotador.de\/es\/wp-json\/wp\/v2\/media?parent=18748"}],"curies":[{"name":"wp","href":"https:\/\/api.w.org\/{rel}","templated":true}]}}