{"id":18749,"date":"2017-11-21T10:09:39","date_gmt":"2017-11-21T10:09:39","guid":{"rendered":"http:\/\/www.bendel.de\/accesorios-para-atornilladores-de-impacto\/"},"modified":"2018-07-06T18:14:19","modified_gmt":"2018-07-06T18:14:19","slug":"accesorios-para-atornilladores-de-impacto","status":"publish","type":"page","link":"https:\/\/www.rotador.de\/es\/accesorios-para-atornilladores-de-impacto\/","title":{"rendered":"Accesorios para atornilladores de impacto"},"content":{"rendered":"<p>[et_pb_section bb_built=\u00bb1&#8243; admin_label=\u00bbsection\u00bb _builder_version=\u00bb3.0.50&#8243; background_color=\u00bb#dddddd\u00bb][et_pb_row background_position=\u00bbtop_left\u00bb background_repeat=\u00bbrepeat\u00bb background_size=\u00bbinitial\u00bb _builder_version=\u00bb3.0.56&#8243;][et_pb_column type=\u00bb4_4&#8243;][et_pb_text _builder_version=\u00bb3.0.62&#8243; background_layout=\u00bblight\u00bb text_orientation=\u00bbleft\u00bb border_style=\u00bbsolid\u00bb]<\/p>\n<h2>Accesorios para atornilladores de impacto neum\u00e1ticos<\/h2>\n<p>[\/et_pb_text][et_pb_divider _builder_version=\u00bb3.0.50&#8243; show_divider=\u00bbon\u00bb divider_style=\u00bbsolid\u00bb divider_position=\u00bbcenter\u00bb divider_weight=\u00bb3&#8243; hide_on_mobile=\u00bbon\u00bb \/][et_pb_text _builder_version=\u00bb3.0.65&#8243; background_layout=\u00bblight\u00bb text_orientation=\u00bbleft\u00bb border_style=\u00bbsolid\u00bb]<\/p>\n<h3>Accesorios de aire comprimido<\/h3>\n<p>[\/et_pb_text][et_pb_gallery _builder_version=\u00bb3.0.65&#8243; posts_number=\u00bb15&#8243; show_title_and_caption=\u00bbon\u00bb show_pagination=\u00bbon\u00bb fullwidth=\u00bboff\u00bb orientation=\u00bblandscape\u00bb zoom_icon_color=\u00bb#0f00a7&#8243; hover_overlay_color=\u00bbrgba(255,255,255,0.9)\u00bb background_layout=\u00bblight\u00bb border_style=\u00bbsolid\u00bb auto=\u00bboff\u00bb gallery_ids=\u00bb7236,11014,7237,7238,8849,8850,7241,8851,7242,8852,7243,8853,8820,7244&#8243; title_font_size=\u00bb14&#8243; \/][et_pb_divider _builder_version=\u00bb3.0.50&#8243; show_divider=\u00bbon\u00bb divider_style=\u00bbsolid\u00bb divider_position=\u00bbcenter\u00bb divider_weight=\u00bb3&#8243; hide_on_mobile=\u00bbon\u00bb \/][et_pb_text _builder_version=\u00bb3.0.61&#8243; background_layout=\u00bblight\u00bb text_orientation=\u00bbleft\u00bb border_style=\u00bbsolid\u00bb]<\/p>\n<h3>Latiguillos de aire comprimido<\/h3>\n<h6><span style=\"font-size: 14pt;\">\n<table id=\"tablepress-108\" class=\"tablepress tablepress-id-108\">\n<tbody>\n<tr class=\"row-1\">\n\t<td class=\"column-1\">Abmessungen<\/td><td class=\"column-2\">8,0 mm ID x 12,0 mm AD<\/td>\n<\/tr>\n<tr class=\"row-2\">\n\t<td class=\"column-1\">L\u00e4nge ohne Zug<\/td><td class=\"column-2\">ca. m<\/td>\n<\/tr>\n<tr class=\"row-3\">\n\t<td class=\"column-1\">Auszugsl\u00e4nge<\/td><td class=\"column-2\">10 m<\/td>\n<\/tr>\n<tr class=\"row-4\">\n\t<td class=\"column-1\">Anschl\u00fcsse<\/td><td class=\"column-2\">\u00bc\u201c Stecknippel,<br \/>\n\u00bc\u201c Kupplung<\/td>\n<\/tr>\n<\/tbody>\n<\/table>\n<!-- #tablepress-108 from cache --><\/span><\/h6>\n<p>Manguera espiral de PU lista para conectar. La protecci\u00f3n contra pliegue en ambos lados proporciona una alta estabilidad y de este modo una prolongada vida \u00fatil. Las mangueras de poliuretano se caracterizan por las siguientes propiedades: Peso propio reducido, resistencia a la fricci\u00f3n, alta flexibilidad, muy buena resistencia al aceite y a la gasolina, buena flexibilidad en fr\u00edo, radios de flexi\u00f3n muy peque\u00f1os, seguridad contra pliegues y una muy buena utilidad. <strong>Las mangueras en espiral de PU ahorran espacio y forman parte de todo taller profesional.<\/strong><\/p>\n<p>[\/et_pb_text][et_pb_gallery _builder_version=\u00bb3.0.61&#8243; posts_number=\u00bb15&#8243; show_title_and_caption=\u00bbon\u00bb show_pagination=\u00bbon\u00bb fullwidth=\u00bboff\u00bb orientation=\u00bblandscape\u00bb zoom_icon_color=\u00bb#0f00a7&#8243; hover_overlay_color=\u00bbrgba(255,255,255,0.9)\u00bb background_layout=\u00bblight\u00bb border_style=\u00bbsolid\u00bb auto=\u00bboff\u00bb gallery_ids=\u00bb7245,8854&#8243; title_font_size=\u00bb14&#8243; \/][et_pb_divider _builder_version=\u00bb3.0.50&#8243; show_divider=\u00bbon\u00bb divider_style=\u00bbsolid\u00bb divider_position=\u00bbcenter\u00bb divider_weight=\u00bb3&#8243; hide_on_mobile=\u00bbon\u00bb \/][et_pb_text _builder_version=\u00bb3.0.61&#8243; background_layout=\u00bblight\u00bb text_orientation=\u00bbleft\u00bb border_style=\u00bbsolid\u00bb]<\/p>\n<h3><strong>Prensa de grasa de minicartuchos<\/strong><\/h3>\n<h6>\n<table id=\"tablepress-109\" class=\"tablepress tablepress-id-109\">\n<tbody>\n<tr class=\"row-1\">\n\t<td class=\"column-1\">Druck<\/td><td class=\"column-2\">max. 69 bar<\/td>\n<\/tr>\n<tr class=\"row-2\">\n\t<td class=\"column-1\">F\u00fcllmenge<\/td><td class=\"column-2\">80 g<\/td>\n<\/tr>\n<tr class=\"row-3\">\n\t<td class=\"column-1\">Geeignet f\u00fcr<\/td><td class=\"column-2\">loses Fett<\/td>\n<\/tr>\n<tr class=\"row-4\">\n\t<td class=\"column-1\">L\u00e4nge<\/td><td class=\"column-2\">145 mm<\/td>\n<\/tr>\n<tr class=\"row-5\">\n\t<td class=\"column-1\">Material<\/td><td class=\"column-2\">Metall<\/td>\n<\/tr>\n<tr class=\"row-6\">\n\t<td class=\"column-1\">Gewicht<\/td><td class=\"column-2\">260 g<\/td>\n<\/tr>\n<\/tbody>\n<\/table>\n<!-- #tablepress-109 from cache --><\/h6>\n<ul>\n<li>Para el engrase preciso con grasa suelta<\/li>\n<li>Manejo sencillo gracias un pulsador muy accesible<\/li>\n<li>Carcasa met\u00e1lica para una prolongada vida \u00fatil<\/li>\n<li>Manejo ergon\u00f3mico, confortable<\/li>\n<li>Llenado sencillo a trav\u00e9s de un gran orificio<\/li>\n<\/ul>\n<p>La miniprensa de grasa es apropiada de forma excelente para engrases precisos y limpios. Se puede llenar con grasa de una manera muy sencilla y se puede aplicar confortablemente a trav\u00e9s del gran pulsador de forma convexa. La cantidad de grasa se puede dosificar de manera sencilla y precisa. La robusta ejecuci\u00f3n asegura una prolongada vida \u00fatil. Ayudante imprescindible en el d\u00eda a d\u00eda del taller para engrasar engranajes de herramientas, pasos de rosca u otros objetos.<\/p>\n<p>[\/et_pb_text][et_pb_gallery _builder_version=\u00bb3.0.61&#8243; posts_number=\u00bb15&#8243; show_title_and_caption=\u00bbon\u00bb show_pagination=\u00bbon\u00bb fullwidth=\u00bboff\u00bb orientation=\u00bblandscape\u00bb zoom_icon_color=\u00bb#0f00a7&#8243; hover_overlay_color=\u00bbrgba(255,255,255,0.9)\u00bb background_layout=\u00bblight\u00bb border_style=\u00bbsolid\u00bb auto=\u00bboff\u00bb gallery_ids=\u00bb7211,8818&#8243; title_font_size=\u00bb14&#8243; \/][\/et_pb_column][\/et_pb_row][\/et_pb_section]<\/p>\n","protected":false},"excerpt":{"rendered":"<p>Accesorios para atornilladores de impacto neum\u00e1ticos Accesorios de aire comprimido Latiguillos de aire comprimido \n<table id=\"tablepress-108-no-2\" class=\"tablepress tablepress-id-108\">\n<tbody>\n<tr class=\"row-1\">\n\t<td class=\"column-1\">Abmessungen<\/td><td class=\"column-2\">8,0 mm ID x 12,0 mm AD<\/td>\n<\/tr>\n<tr class=\"row-2\">\n\t<td class=\"column-1\">L\u00e4nge ohne Zug<\/td><td class=\"column-2\">ca. m<\/td>\n<\/tr>\n<tr class=\"row-3\">\n\t<td class=\"column-1\">Auszugsl\u00e4nge<\/td><td class=\"column-2\">10 m<\/td>\n<\/tr>\n<tr class=\"row-4\">\n\t<td class=\"column-1\">Anschl\u00fcsse<\/td><td class=\"column-2\">\u00bc\u201c Stecknippel,<br \/>\n\u00bc\u201c Kupplung<\/td>\n<\/tr>\n<\/tbody>\n<\/table>\n<!-- #tablepress-108-no-2 from cache --> Manguera espiral de PU lista para conectar. La protecci\u00f3n contra pliegue en ambos lados proporciona una alta estabilidad y de este modo una prolongada vida \u00fatil. Las mangueras de poliuretano se caracterizan por las siguientes propiedades: Peso propio [&hellip;]<\/p>\n","protected":false},"author":7,"featured_media":0,"parent":0,"menu_order":833,"comment_status":"closed","ping_status":"closed","template":"","meta":{"_et_pb_use_builder":"on","_et_pb_old_content":"","_et_gb_content_width":"","footnotes":""},"class_list":["post-18749","page","type-page","status-publish","hentry"],"_links":{"self":[{"href":"https:\/\/www.rotador.de\/es\/wp-json\/wp\/v2\/pages\/18749","targetHints":{"allow":["GET"]}}],"collection":[{"href":"https:\/\/www.rotador.de\/es\/wp-json\/wp\/v2\/pages"}],"about":[{"href":"https:\/\/www.rotador.de\/es\/wp-json\/wp\/v2\/types\/page"}],"author":[{"embeddable":true,"href":"https:\/\/www.rotador.de\/es\/wp-json\/wp\/v2\/users\/7"}],"replies":[{"embeddable":true,"href":"https:\/\/www.rotador.de\/es\/wp-json\/wp\/v2\/comments?post=18749"}],"version-history":[{"count":5,"href":"https:\/\/www.rotador.de\/es\/wp-json\/wp\/v2\/pages\/18749\/revisions"}],"predecessor-version":[{"id":21959,"href":"https:\/\/www.rotador.de\/es\/wp-json\/wp\/v2\/pages\/18749\/revisions\/21959"}],"wp:attachment":[{"href":"https:\/\/www.rotador.de\/es\/wp-json\/wp\/v2\/media?parent=18749"}],"curies":[{"name":"wp","href":"https:\/\/api.w.org\/{rel}","templated":true}]}}