{"id":18750,"date":"2017-11-21T10:09:39","date_gmt":"2017-11-21T10:09:39","guid":{"rendered":"http:\/\/www.bendel.de\/accesorios-para-pulidoras\/"},"modified":"2018-07-06T18:14:13","modified_gmt":"2018-07-06T18:14:13","slug":"accesorios-para-pulidoras","status":"publish","type":"page","link":"https:\/\/www.rotador.de\/es\/accesorios-para-pulidoras\/","title":{"rendered":"Accesorios para pulidoras"},"content":{"rendered":"<p>[et_pb_section bb_built=\u00bb1&#8243; admin_label=\u00bbsection\u00bb _builder_version=\u00bb3.0.50&#8243; background_color=\u00bb#dddddd\u00bb][et_pb_row background_position=\u00bbtop_left\u00bb background_repeat=\u00bbrepeat\u00bb background_size=\u00bbinitial\u00bb _builder_version=\u00bb3.0.56&#8243;][et_pb_column type=\u00bb4_4&#8243;][et_pb_text _builder_version=\u00bb3.0.62&#8243; background_layout=\u00bblight\u00bb text_orientation=\u00bbleft\u00bb border_style=\u00bbsolid\u00bb]<\/p>\n<h2>Accesorios para pulidoras neum\u00e1ticas<\/h2>\n<p>[\/et_pb_text][et_pb_divider _builder_version=\u00bb3.0.50&#8243; show_divider=\u00bbon\u00bb divider_style=\u00bbsolid\u00bb divider_position=\u00bbcenter\u00bb divider_weight=\u00bb3&#8243; hide_on_mobile=\u00bbon\u00bb \/][et_pb_text _builder_version=\u00bb3.0.61&#8243; background_layout=\u00bblight\u00bb text_orientation=\u00bbleft\u00bb border_style=\u00bbsolid\u00bb]<\/p>\n<h3>Platos de apoyo y accesorios para C-3735<\/h3>\n<h4><strong>Plato de apoyo de recambio para la lijadora y pulidora C-3735<\/strong><\/h4>\n<p>[\/et_pb_text][et_pb_gallery _builder_version=\u00bb3.0.61&#8243; posts_number=\u00bb15&#8243; show_title_and_caption=\u00bbon\u00bb show_pagination=\u00bbon\u00bb fullwidth=\u00bboff\u00bb orientation=\u00bblandscape\u00bb zoom_icon_color=\u00bb#0f00a7&#8243; hover_overlay_color=\u00bbrgba(255,255,255,0.9)\u00bb background_layout=\u00bblight\u00bb border_style=\u00bbsolid\u00bb auto=\u00bboff\u00bb gallery_ids=\u00bb7225,8863,8864,7227&#8243; title_font_size=\u00bb14&#8243; \/][et_pb_text _builder_version=\u00bb3.0.61&#8243; background_layout=\u00bblight\u00bb text_orientation=\u00bbleft\u00bb border_style=\u00bbsolid\u00bb]<\/p>\n<h4><strong>Accesorio para las lijadoras y pulidoras C-3735BK en la maleta:<\/strong><\/h4>\n<p>[\/et_pb_text][et_pb_gallery _builder_version=\u00bb3.0.61&#8243; posts_number=\u00bb15&#8243; show_title_and_caption=\u00bbon\u00bb show_pagination=\u00bbon\u00bb fullwidth=\u00bboff\u00bb orientation=\u00bblandscape\u00bb zoom_icon_color=\u00bb#0f00a7&#8243; hover_overlay_color=\u00bbrgba(255,255,255,0.9)\u00bb background_layout=\u00bblight\u00bb border_style=\u00bbsolid\u00bb auto=\u00bboff\u00bb gallery_ids=\u00bb8836,8837,7228,8838,8855,7209,8816,8817&#8243; title_font_size=\u00bb14&#8243; \/][et_pb_divider _builder_version=\u00bb3.0.50&#8243; show_divider=\u00bbon\u00bb divider_style=\u00bbsolid\u00bb divider_position=\u00bbcenter\u00bb divider_weight=\u00bb3&#8243; hide_on_mobile=\u00bbon\u00bb \/][et_pb_text _builder_version=\u00bb3.0.61&#8243; background_layout=\u00bblight\u00bb text_orientation=\u00bbleft\u00bb border_style=\u00bbsolid\u00bb]<\/p>\n<h3><strong>Esponjas y platos de apoyo para PH-21<\/strong><\/h3>\n<p><strong>Esponja de pulido Tornador TS-21 para pulidora PH-21<\/strong> <strong>La espuma de la esponja fabricada de forma especial proporciona una estabilidad muy alta, incluso despu\u00e9s de un uso prolongado. <\/strong>A trav\u00e9s de ello se consigue un rendimiento de pulido muy constante y permanente. La estructura de panal hace posible por medio del despliegue un agrandamiento de la superficie de pulido y a trav\u00e9s de ello una consecuci\u00f3n m\u00e1s r\u00e1pida de los resultados deseados. Adem\u00e1s, la estructura de panal reduce el efecto del calor sobre la superficie y proporciona una mejor distribuci\u00f3n del pulimento sobre la superficie de la esponja.<\/p>\n<p>[\/et_pb_text][et_pb_gallery _builder_version=\u00bb3.0.61&#8243; posts_number=\u00bb15&#8243; show_title_and_caption=\u00bbon\u00bb show_pagination=\u00bbon\u00bb fullwidth=\u00bboff\u00bb orientation=\u00bblandscape\u00bb zoom_icon_color=\u00bb#0f00a7&#8243; hover_overlay_color=\u00bbrgba(255,255,255,0.9)\u00bb background_layout=\u00bblight\u00bb border_style=\u00bbsolid\u00bb auto=\u00bboff\u00bb gallery_ids=\u00bb9179,9178&#8243; title_font_size=\u00bb14&#8243; \/][et_pb_text _builder_version=\u00bb3.0.61&#8243; background_layout=\u00bblight\u00bb text_orientation=\u00bbleft\u00bb border_style=\u00bbsolid\u00bb]<\/p>\n<h4><strong>Plato de apoyo para pulidora PH-21<\/strong><\/h4>\n<p>[\/et_pb_text][et_pb_gallery _builder_version=\u00bb3.0.61&#8243; posts_number=\u00bb15&#8243; show_title_and_caption=\u00bbon\u00bb show_pagination=\u00bbon\u00bb fullwidth=\u00bboff\u00bb orientation=\u00bblandscape\u00bb zoom_icon_color=\u00bb#0f00a7&#8243; hover_overlay_color=\u00bbrgba(255,255,255,0.9)\u00bb background_layout=\u00bblight\u00bb border_style=\u00bbsolid\u00bb auto=\u00bboff\u00bb gallery_ids=\u00bb8805,8804,8803,8806&#8243; title_font_size=\u00bb14&#8243; \/][\/et_pb_column][\/et_pb_row][\/et_pb_section]<\/p>\n","protected":false},"excerpt":{"rendered":"<p>Accesorios para pulidoras neum\u00e1ticas Platos de apoyo y accesorios para C-3735 Plato de apoyo de recambio para la lijadora y pulidora C-3735 Accesorio para las lijadoras y pulidoras C-3735BK en la maleta: Esponjas y platos de apoyo para PH-21 Esponja de pulido Tornador TS-21 para pulidora PH-21 La espuma de la esponja fabricada de forma [&hellip;]<\/p>\n","protected":false},"author":7,"featured_media":0,"parent":0,"menu_order":769,"comment_status":"closed","ping_status":"closed","template":"","meta":{"_et_pb_use_builder":"on","_et_pb_old_content":"","_et_gb_content_width":"","footnotes":""},"class_list":["post-18750","page","type-page","status-publish","hentry"],"_links":{"self":[{"href":"https:\/\/www.rotador.de\/es\/wp-json\/wp\/v2\/pages\/18750","targetHints":{"allow":["GET"]}}],"collection":[{"href":"https:\/\/www.rotador.de\/es\/wp-json\/wp\/v2\/pages"}],"about":[{"href":"https:\/\/www.rotador.de\/es\/wp-json\/wp\/v2\/types\/page"}],"author":[{"embeddable":true,"href":"https:\/\/www.rotador.de\/es\/wp-json\/wp\/v2\/users\/7"}],"replies":[{"embeddable":true,"href":"https:\/\/www.rotador.de\/es\/wp-json\/wp\/v2\/comments?post=18750"}],"version-history":[{"count":4,"href":"https:\/\/www.rotador.de\/es\/wp-json\/wp\/v2\/pages\/18750\/revisions"}],"predecessor-version":[{"id":21956,"href":"https:\/\/www.rotador.de\/es\/wp-json\/wp\/v2\/pages\/18750\/revisions\/21956"}],"wp:attachment":[{"href":"https:\/\/www.rotador.de\/es\/wp-json\/wp\/v2\/media?parent=18750"}],"curies":[{"name":"wp","href":"https:\/\/api.w.org\/{rel}","templated":true}]}}