{"id":18774,"date":"2017-11-21T10:09:41","date_gmt":"2017-11-21T10:09:41","guid":{"rendered":"http:\/\/www.bendel.de\/mordaza-de-perforacin-y-colocacin-mp-020\/"},"modified":"2018-07-06T18:13:21","modified_gmt":"2018-07-06T18:13:21","slug":"mordaza-de-perforacin-y-colocacin-mp-020","status":"publish","type":"page","link":"https:\/\/www.rotador.de\/es\/mordaza-de-perforacin-y-colocacin-mp-020\/","title":{"rendered":"Mordaza de perforaci&oacute;n y colocaci&oacute;n MP-020"},"content":{"rendered":"<p>[et_pb_section bb_built=\u00bb1&#8243; admin_label=\u00bbSection\u00bb fullwidth=\u00bboff\u00bb specialty=\u00bbon\u00bb][et_pb_column type=\u00bb1_2&#8243;][et_pb_text background_layout=\u00bblight\u00bb text_orientation=\u00bbleft\u00bb border_style=\u00bbsolid\u00bb background_position=\u00bbtop_left\u00bb background_repeat=\u00bbrepeat\u00bb background_size=\u00bbinitial\u00bb _builder_version=\u00bb3.0.55&#8243; module_alignment=\u00bbleft\u00bb]<\/p>\n<h2><strong>MP-020<\/strong><\/h2>\n<h2>Mordaza de perforaci\u00f3n y colocaci\u00f3n<\/h2>\n<p>&nbsp;<\/p>\n<h3>N\u00ba de art.: 601 321<\/h3>\n<p>[\/et_pb_text][et_pb_image src=\u00bbhttps:\/\/www.bendel.de\/wp-content\/uploads\/2017\/01\/MP-020.jpg\u00bb alt=\u00bbMordaza de perforaci&amp;oacute;n y colocaci&amp;oacute;n MP-020&#8243; title_text=\u00bbMordaza de perforaci&amp;oacute;n y colocaci&amp;oacute;n MP-020&#8243; show_in_lightbox=\u00bbon\u00bb url_new_window=\u00bboff\u00bb use_overlay=\u00bboff\u00bb animation=\u00bboff\u00bb sticky=\u00bboff\u00bb align=\u00bbleft\u00bb force_fullwidth=\u00bboff\u00bb always_center_on_mobile=\u00bbon\u00bb use_border_color=\u00bboff\u00bb border_color=\u00bb#ffffff\u00bb border_style=\u00bbsolid\u00bb show_bottom_space=\u00bbon\u00bb animation_style=\u00bbnone\u00bb animation_duration=\u00bb1000ms\u00bb animation_intensity_slide=\u00bb50%\u00bb \/][et_pb_text background_layout=\u00bblight\u00bb text_orientation=\u00bbleft\u00bb border_style=\u00bbsolid\u00bb custom_margin=\u00bb||0px|\u00bb saved_tabs=\u00bball\u00bb background_position=\u00bbtop_left\u00bb background_repeat=\u00bbrepeat\u00bb background_size=\u00bbinitial\u00bb _builder_version=\u00bb3.0.55&#8243; module_alignment=\u00bbleft\u00bb]<\/p>\n<h5>PLANO DE EXPLOSI\u00d3N:<\/h5>\n<p>[\/et_pb_text][et_pb_button button_url=\u00bbhttps:\/\/www.bendel.de\/wp-content\/uploads\/2017\/01\/mp-020-1.pdf\u00bb url_new_window=\u00bbon\u00bb button_text=\u00bbPDF Download\u00bb button_alignment=\u00bbleft\u00bb background_layout=\u00bblight\u00bb custom_button=\u00bbon\u00bb button_icon_placement=\u00bbright\u00bb button_text_size=\u00bb15&#8243; button_bg_color=\u00bb#0f00a7&#8243; button_font=\u00bbSource Sans Pro|on|||\u00bb button_icon=\u00bb%%59%%\u00bb button_icon_color=\u00bb#ffffff\u00bb button_border_radius_hover=\u00bb4&#8243; button_text_color=\u00bb#ffffff\u00bb button_border_width=\u00bb7&#8243; _builder_version=\u00bb3.0.83&#8243; \/][\/et_pb_column][et_pb_column type=\u00bb1_2&#8243; specialty_columns=\u00bb2&#8243;][et_pb_row_inner admin_label=\u00bbRow\u00bb padding_mobile=\u00bboff\u00bb use_custom_gutter=\u00bboff\u00bb column_padding_mobile=\u00bbon\u00bb make_equal=\u00bbon\u00bb parallax_1=\u00bboff\u00bb parallax_method_1=\u00bboff\u00bb parallax_2=\u00bboff\u00bb parallax_method_2=\u00bboff\u00bb][et_pb_column_inner type=\u00bb4_4&#8243; saved_specialty_column_type=\u00bb1_2&#8243;][et_pb_text background_layout=\u00bblight\u00bb use_border_color=\u00bboff\u00bb border_color=\u00bb#ffffff\u00bb border_style=\u00bbsolid\u00bb saved_tabs=\u00bball\u00bb module_alignment=\u00bbleft\u00bb border_color_all=\u00bb#ffffff\u00bb _builder_version=\u00bb3.0.89&#8243;]<\/p>\n<hr class=\"linie100g\" \/>\n<h6>\n<table id=\"tablepress-681\" class=\"tablepress tablepress-id-681\">\n<tbody>\n<tr class=\"row-1\">\n\t<td class=\"column-1\">Espesor de chapa<\/td><td class=\"column-2\">hasta 1,6 mm<\/td>\n<\/tr>\n<tr class=\"row-2\">\n\t<td class=\"column-1\">Di\u00e1metro de orificio<\/td><td class=\"column-2\">5,0 mm<\/td>\n<\/tr>\n<tr class=\"row-3\">\n\t<td class=\"column-1\">Profundidad de pliegue<\/td><td class=\"column-2\">12 mm<\/td>\n<\/tr>\n<tr class=\"row-4\">\n\t<td class=\"column-1\">Peso<\/td><td class=\"column-2\">1,3 Kg<\/td>\n<\/tr>\n<tr class=\"row-5\">\n\t<td class=\"column-1\">Presi\u00f3n de aire<\/td><td class=\"column-2\">6,3 bares<\/td>\n<\/tr>\n<tr class=\"row-6\">\n\t<td class=\"column-1\">Conexi\u00f3n de aire comprimido<\/td><td class=\"column-2\">1\/4\"<\/td>\n<\/tr>\n<tr class=\"row-7\">\n\t<td class=\"column-1\">Presi\u00f3n ac\u00fastica<\/td><td class=\"column-2\">71 dB\/A<\/td>\n<\/tr>\n<\/tbody>\n<\/table>\n<!-- #tablepress-681 from cache --><\/h6>\n<hr class=\"linie100g\" \/>\n<p>[\/et_pb_text][et_pb_text background_layout=\u00bblight\u00bb text_orientation=\u00bbleft\u00bb border_style=\u00bbsolid\u00bb background_position=\u00bbtop_left\u00bb background_repeat=\u00bbrepeat\u00bb background_size=\u00bbinitial\u00bb _builder_version=\u00bb3.0.55&#8243; module_alignment=\u00bbleft\u00bb]<\/p>\n<p><strong>Combina una mordaza de pliegue manual y una mordaza de perforaci\u00f3n en un solo equipo con soporte neum\u00e1tico-hidr\u00e1ulico.<\/strong> Ideal para unir chapas de carrocer\u00eda no templadas y para reparaciones de seccionado y sustituci\u00f3n parcial con transici\u00f3n continua. Tambi\u00e9n perfora agujeros de hasta 5 mm para la soldadura de gas protector, gracias a un aumento de fuerza neum\u00e1tico-hidr\u00e1ulico. Hace posible el trabajo racional y sin esfuerzo a pesar de su manejo con una sola mano. M\u00e1s r\u00e1pida y necesita menos fuerza que las mordazas de colocaci\u00f3n manuales.<\/p>\n<p>[\/et_pb_text][\/et_pb_column_inner][\/et_pb_row_inner][\/et_pb_column][\/et_pb_section][et_pb_section bb_built=\u00bb1&#8243; fullwidth=\u00bboff\u00bb specialty=\u00bboff\u00bb transparent_background=\u00bboff\u00bb background_color=\u00bb#dddddd\u00bb allow_player_pause=\u00bboff\u00bb inner_shadow=\u00bboff\u00bb parallax=\u00bboff\u00bb parallax_method=\u00bbon\u00bb make_fullwidth=\u00bboff\u00bb use_custom_width=\u00bboff\u00bb width_unit=\u00bbon\u00bb make_equal=\u00bboff\u00bb use_custom_gutter=\u00bboff\u00bb custom_padding=\u00bb0px||0px|\u00bb][et_pb_row background_position=\u00bbtop_left\u00bb background_repeat=\u00bbrepeat\u00bb background_size=\u00bbinitial\u00bb][et_pb_column type=\u00bb4_4&#8243;][et_pb_text background_layout=\u00bblight\u00bb text_orientation=\u00bbleft\u00bb use_border_color=\u00bboff\u00bb border_color=\u00bb#ffffff\u00bb border_style=\u00bbsolid\u00bb background_position=\u00bbtop_left\u00bb background_repeat=\u00bbrepeat\u00bb background_size=\u00bbinitial\u00bb module_alignment=\u00bbleft\u00bb]<\/p>\n<h5>ACCESORIOS:<\/h5>\n<p>[\/et_pb_text][et_pb_gallery gallery_ids=\u00bb7236,7239,7240,7241,7242,7243,7244,7245&#8243; fullwidth=\u00bboff\u00bb orientation=\u00bblandscape\u00bb show_title_and_caption=\u00bbon\u00bb show_pagination=\u00bbon\u00bb background_layout=\u00bblight\u00bb auto=\u00bboff\u00bb hover_overlay_color=\u00bbrgba(255,255,255,0.9)\u00bb caption_line_height=\u00bb14px\u00bb title_font_size=\u00bb14&#8243; use_border_color=\u00bboff\u00bb border_color=\u00bb#ffffff\u00bb border_style=\u00bbsolid\u00bb posts_number=\u00bb12&#8243; saved_tabs=\u00bball\u00bb \/][et_pb_divider color=\u00bb#ffffff\u00bb show_divider=\u00bbon\u00bb divider_style=\u00bbsolid\u00bb divider_position=\u00bbcenter\u00bb hide_on_mobile=\u00bbon\u00bb divider_weight=\u00bb3&#8243; disabled_on=\u00bbon|on|off\u00bb \/][\/et_pb_column][\/et_pb_row][\/et_pb_section][et_pb_section bb_built=\u00bb1&#8243; fullwidth=\u00bboff\u00bb specialty=\u00bboff\u00bb transparent_background=\u00bboff\u00bb background_color=\u00bb#dddddd\u00bb allow_player_pause=\u00bboff\u00bb inner_shadow=\u00bboff\u00bb parallax=\u00bboff\u00bb parallax_method=\u00bbon\u00bb make_fullwidth=\u00bboff\u00bb use_custom_width=\u00bboff\u00bb width_unit=\u00bbon\u00bb make_equal=\u00bboff\u00bb use_custom_gutter=\u00bboff\u00bb custom_padding=\u00bb0px||0px|\u00bb][et_pb_row background_position=\u00bbtop_left\u00bb background_repeat=\u00bbrepeat\u00bb background_size=\u00bbinitial\u00bb][et_pb_column type=\u00bb4_4&#8243;][et_pb_text background_layout=\u00bblight\u00bb text_orientation=\u00bbleft\u00bb use_border_color=\u00bboff\u00bb border_color=\u00bb#ffffff\u00bb border_style=\u00bbsolid\u00bb background_position=\u00bbtop_left\u00bb background_repeat=\u00bbrepeat\u00bb background_size=\u00bbinitial\u00bb module_alignment=\u00bbleft\u00bb]<\/p>\n<h5>OTRAS VISTAS:<\/h5>\n<p>[\/et_pb_text][et_pb_gallery fullwidth=\u00bboff\u00bb posts_number=\u00bb10&#8243; orientation=\u00bblandscape\u00bb show_title_and_caption=\u00bboff\u00bb show_pagination=\u00bbon\u00bb background_layout=\u00bblight\u00bb hover_overlay_color=\u00bbrgba(255,255,255,0.9)\u00bb caption_line_height=\u00bb14px\u00bb title_font_size=\u00bb14&#8243; saved_tabs=\u00bball\u00bb gallery_ids=\u00bb5578,5580,5579,5581,5577,5582,5583&#8243; _builder_version=\u00bb3.0.83&#8243; zoom_icon_color=\u00bb#0f00a7&#8243; pagination_font_size_tablet=\u00bb51&#8243; pagination_line_height_tablet=\u00bb2&#8243; \/][et_pb_divider color=\u00bb#ffffff\u00bb show_divider=\u00bbon\u00bb divider_style=\u00bbsolid\u00bb divider_position=\u00bbcenter\u00bb hide_on_mobile=\u00bbon\u00bb divider_weight=\u00bb3&#8243; disabled_on=\u00bbon|on|off\u00bb \/][\/et_pb_column][\/et_pb_row][\/et_pb_section]<\/p>\n","protected":false},"excerpt":{"rendered":"<p>MP-020 Mordaza de perforaci\u00f3n y colocaci\u00f3n &nbsp; N\u00ba de art.: 601 321 PLANO DE EXPLOSI\u00d3N: \n<table id=\"tablepress-681-no-2\" class=\"tablepress tablepress-id-681\">\n<tbody>\n<tr class=\"row-1\">\n\t<td class=\"column-1\">Espesor de chapa<\/td><td class=\"column-2\">hasta 1,6 mm<\/td>\n<\/tr>\n<tr class=\"row-2\">\n\t<td class=\"column-1\">Di\u00e1metro de orificio<\/td><td class=\"column-2\">5,0 mm<\/td>\n<\/tr>\n<tr class=\"row-3\">\n\t<td class=\"column-1\">Profundidad de pliegue<\/td><td class=\"column-2\">12 mm<\/td>\n<\/tr>\n<tr class=\"row-4\">\n\t<td class=\"column-1\">Peso<\/td><td class=\"column-2\">1,3 Kg<\/td>\n<\/tr>\n<tr class=\"row-5\">\n\t<td class=\"column-1\">Presi\u00f3n de aire<\/td><td class=\"column-2\">6,3 bares<\/td>\n<\/tr>\n<tr class=\"row-6\">\n\t<td class=\"column-1\">Conexi\u00f3n de aire comprimido<\/td><td class=\"column-2\">1\/4\"<\/td>\n<\/tr>\n<tr class=\"row-7\">\n\t<td class=\"column-1\">Presi\u00f3n ac\u00fastica<\/td><td class=\"column-2\">71 dB\/A<\/td>\n<\/tr>\n<\/tbody>\n<\/table>\n Combina una mordaza de pliegue manual y una mordaza de perforaci\u00f3n en un solo equipo con soporte neum\u00e1tico-hidr\u00e1ulico. Ideal para unir chapas de carrocer\u00eda no templadas y para reparaciones de seccionado y sustituci\u00f3n parcial con transici\u00f3n continua. [&hellip;]<\/p>\n","protected":false},"author":7,"featured_media":0,"parent":0,"menu_order":312,"comment_status":"closed","ping_status":"closed","template":"","meta":{"_et_pb_use_builder":"on","_et_pb_old_content":"","_et_gb_content_width":"","footnotes":""},"class_list":["post-18774","page","type-page","status-publish","hentry"],"_links":{"self":[{"href":"https:\/\/www.rotador.de\/es\/wp-json\/wp\/v2\/pages\/18774","targetHints":{"allow":["GET"]}}],"collection":[{"href":"https:\/\/www.rotador.de\/es\/wp-json\/wp\/v2\/pages"}],"about":[{"href":"https:\/\/www.rotador.de\/es\/wp-json\/wp\/v2\/types\/page"}],"author":[{"embeddable":true,"href":"https:\/\/www.rotador.de\/es\/wp-json\/wp\/v2\/users\/7"}],"replies":[{"embeddable":true,"href":"https:\/\/www.rotador.de\/es\/wp-json\/wp\/v2\/comments?post=18774"}],"version-history":[{"count":4,"href":"https:\/\/www.rotador.de\/es\/wp-json\/wp\/v2\/pages\/18774\/revisions"}],"predecessor-version":[{"id":21660,"href":"https:\/\/www.rotador.de\/es\/wp-json\/wp\/v2\/pages\/18774\/revisions\/21660"}],"wp:attachment":[{"href":"https:\/\/www.rotador.de\/es\/wp-json\/wp\/v2\/media?parent=18774"}],"curies":[{"name":"wp","href":"https:\/\/api.w.org\/{rel}","templated":true}]}}