{"id":18778,"date":"2017-11-21T10:09:41","date_gmt":"2017-11-21T10:09:41","guid":{"rendered":"http:\/\/www.bendel.de\/tire-booster\/"},"modified":"2018-07-06T18:13:25","modified_gmt":"2018-07-06T18:13:25","slug":"tire-booster","status":"publish","type":"page","link":"https:\/\/www.rotador.de\/es\/tire-booster\/","title":{"rendered":"Tire Booster"},"content":{"rendered":"<p>[et_pb_section bb_built=\u00bb1&#8243; admin_label=\u00bbSection\u00bb fullwidth=\u00bboff\u00bb specialty=\u00bbon\u00bb][et_pb_column type=\u00bb1_2&#8243;][et_pb_text background_layout=\u00bblight\u00bb text_orientation=\u00bbleft\u00bb use_border_color=\u00bboff\u00bb border_color=\u00bb#ffffff\u00bb border_style=\u00bbsolid\u00bb background_position=\u00bbtop_left\u00bb background_repeat=\u00bbrepeat\u00bb background_size=\u00bbinitial\u00bb module_alignment=\u00bbleft\u00bb]<\/p>\n<h2><strong>Tire-Booster<\/strong><\/h2>\n<h2>Ayuda de inflado de neum\u00e1ticos<\/h2>\n<p>&nbsp;<\/p>\n<h3>N\u00ba de art.: 602 540<\/h3>\n<p>[\/et_pb_text][et_pb_image src=\u00bbhttps:\/\/www.bendel.de\/wp-content\/uploads\/2017\/01\/602540-Tire-Booster.jpg\u00bb alt=\u00bbTire Booster\u00bb title_text=\u00bbTire Booster\u00bb show_in_lightbox=\u00bbon\u00bb url_new_window=\u00bboff\u00bb use_overlay=\u00bboff\u00bb animation=\u00bboff\u00bb sticky=\u00bboff\u00bb align=\u00bbleft\u00bb force_fullwidth=\u00bboff\u00bb always_center_on_mobile=\u00bbon\u00bb use_border_color=\u00bboff\u00bb border_color=\u00bb#ffffff\u00bb border_style=\u00bbsolid\u00bb show_bottom_space=\u00bbon\u00bb animation_style=\u00bbnone\u00bb animation_duration=\u00bb1000ms\u00bb animation_intensity_slide=\u00bb50%\u00bb \/][et_pb_text background_layout=\u00bblight\u00bb text_orientation=\u00bbleft\u00bb border_style=\u00bbsolid\u00bb custom_margin=\u00bb||0px|\u00bb custom_padding=\u00bb50px|||\u00bb background_position=\u00bbtop_left\u00bb background_repeat=\u00bbrepeat\u00bb background_size=\u00bbinitial\u00bb _builder_version=\u00bb3.0.55&#8243; module_alignment=\u00bbleft\u00bb]<\/p>\n<h5>PLANO DE EXPLOSI\u00d3N:<\/h5>\n<p>[\/et_pb_text][et_pb_button button_url=\u00bbhttps:\/\/www.bendel.de\/wp-content\/uploads\/2017\/06\/TireBooster.pdf\u00bb url_new_window=\u00bbon\u00bb button_text=\u00bbPDF Download\u00bb button_alignment=\u00bbleft\u00bb background_layout=\u00bblight\u00bb custom_button=\u00bbon\u00bb button_icon_placement=\u00bbright\u00bb button_text_size=\u00bb15&#8243; button_bg_color=\u00bb#0f00a7&#8243; button_font=\u00bbSource Sans Pro|on|||\u00bb button_icon=\u00bb%%59%%\u00bb button_icon_color=\u00bb#ffffff\u00bb button_border_radius_hover=\u00bb4&#8243; button_text_color=\u00bb#ffffff\u00bb button_border_width=\u00bb7&#8243; _builder_version=\u00bb3.0.83&#8243; \/][\/et_pb_column][et_pb_column type=\u00bb1_2&#8243; specialty_columns=\u00bb2&#8243;][et_pb_row_inner admin_label=\u00bbRow\u00bb padding_mobile=\u00bboff\u00bb use_custom_gutter=\u00bboff\u00bb column_padding_mobile=\u00bbon\u00bb make_equal=\u00bbon\u00bb parallax_1=\u00bboff\u00bb parallax_method_1=\u00bboff\u00bb parallax_2=\u00bboff\u00bb parallax_method_2=\u00bboff\u00bb][et_pb_column_inner type=\u00bb4_4&#8243; saved_specialty_column_type=\u00bb1_2&#8243;][et_pb_text background_layout=\u00bblight\u00bb border_style=\u00bbsolid\u00bb saved_tabs=\u00bball\u00bb _builder_version=\u00bb3.0.89&#8243; module_alignment=\u00bbleft\u00bb]<\/p>\n<hr class=\"linie100g\" \/>\n<h6>\n<table id=\"tablepress-638\" class=\"tablepress tablepress-id-638\">\n<tbody>\n<tr class=\"row-1\">\n\t<td class=\"column-1\">Volumen del dep\u00f3sito<\/td><td class=\"column-2\">18.9 l \/ 5 galones<\/td>\n<\/tr>\n<tr class=\"row-2\">\n\t<td class=\"column-1\">Presi\u00f3n de trabajo<\/td><td class=\"column-2\">2,7 bares \u2013 10 bares<\/td>\n<\/tr>\n<tr class=\"row-3\">\n\t<td class=\"column-1\">Presi\u00f3n m\u00e1x.<\/td><td class=\"column-2\">15 bares<\/td>\n<\/tr>\n<tr class=\"row-4\">\n\t<td class=\"column-1\">Varios<\/td><td class=\"column-2\">Man\u00f3metro, v\u00e1lvula de seguridad, llave esf\u00e9rica<\/td>\n<\/tr>\n<\/tbody>\n<\/table>\n<!-- #tablepress-638 from cache --><\/h6>\n<hr class=\"linie100g\" \/>\n<p>[\/et_pb_text][et_pb_text background_layout=\u00bblight\u00bb text_orientation=\u00bbleft\u00bb border_style=\u00bbsolid\u00bb saved_tabs=\u00bball\u00bb _builder_version=\u00bb3.0.59&#8243; module_alignment=\u00bbleft\u00bb border_style_all=\u00bbsolid\u00bb]<\/p>\n<p><strong>En caso de neum\u00e1ticos inflexibles, se puede producir una inclinaci\u00f3n o ladeado de los mismo al colocarlos sobre las llantas<\/strong> o el neum\u00e1tico no se asienta de manera precisa en la pesta\u00f1a interior de la llanta. El aire que se introduce a trav\u00e9s de la v\u00e1lvula a menudo no tiene el volumen suficiente como para soltar este ladeado del neum\u00e1tico ni tampoco para presionarlo sobre la pesta\u00f1a de la llanta, y por ello se escapa sin uso alguno. Aqu\u00ed es muy \u00fatil el Tire-Booster. A trav\u00e9s de su orificio de salida de aire muy ancho se infla el neum\u00e1tico con un gran volumen de aire en un espacio de tiempo m\u00ednimo. Aplicable de manera flexible e independiente del lugar, ya que el dep\u00f3sito de 19 litros se llena previamente con aire comprimido. Equipado con v\u00e1lvula de seguridad. Gracias a su presi\u00f3n de inflado variable, es aplicable para neum\u00e1ticos peque\u00f1os, como p. ej. cortac\u00e9sped con asiento, adem\u00e1s de turismos, camiones e incluso tractores. <strong>Presi\u00f3n de trabajo en funci\u00f3n de la aplicaci\u00f3n entre 2,7 y 10 bares &#8211; la presi\u00f3n m\u00e1xima es de 15 bares.<\/strong><\/p>\n<p>[\/et_pb_text][\/et_pb_column_inner][\/et_pb_row_inner][\/et_pb_column][\/et_pb_section][et_pb_section bb_built=\u00bb1&#8243; fullwidth=\u00bboff\u00bb specialty=\u00bboff\u00bb transparent_background=\u00bboff\u00bb background_color=\u00bb#dddddd\u00bb allow_player_pause=\u00bboff\u00bb inner_shadow=\u00bboff\u00bb parallax=\u00bboff\u00bb parallax_method=\u00bbon\u00bb make_fullwidth=\u00bboff\u00bb use_custom_width=\u00bboff\u00bb width_unit=\u00bbon\u00bb make_equal=\u00bboff\u00bb use_custom_gutter=\u00bboff\u00bb custom_padding=\u00bb0px||0px|\u00bb][et_pb_row background_position=\u00bbtop_left\u00bb background_repeat=\u00bbrepeat\u00bb background_size=\u00bbinitial\u00bb][et_pb_column type=\u00bb4_4&#8243;][et_pb_text background_layout=\u00bblight\u00bb text_orientation=\u00bbleft\u00bb use_border_color=\u00bboff\u00bb border_color=\u00bb#ffffff\u00bb border_style=\u00bbsolid\u00bb background_position=\u00bbtop_left\u00bb background_repeat=\u00bbrepeat\u00bb background_size=\u00bbinitial\u00bb module_alignment=\u00bbleft\u00bb]<\/p>\n<h5>ACCESORIOS:<\/h5>\n<p>[\/et_pb_text][et_pb_gallery gallery_ids=\u00bb7236,7239,7240,7241,7242,7243,7244,7245&#8243; fullwidth=\u00bboff\u00bb orientation=\u00bblandscape\u00bb show_title_and_caption=\u00bbon\u00bb show_pagination=\u00bbon\u00bb background_layout=\u00bblight\u00bb auto=\u00bboff\u00bb hover_overlay_color=\u00bbrgba(255,255,255,0.9)\u00bb caption_line_height=\u00bb14px\u00bb title_font_size=\u00bb14&#8243; use_border_color=\u00bboff\u00bb border_color=\u00bb#ffffff\u00bb border_style=\u00bbsolid\u00bb posts_number=\u00bb12&#8243; saved_tabs=\u00bball\u00bb \/][et_pb_divider color=\u00bb#ffffff\u00bb show_divider=\u00bbon\u00bb divider_style=\u00bbsolid\u00bb divider_position=\u00bbcenter\u00bb hide_on_mobile=\u00bbon\u00bb divider_weight=\u00bb3&#8243; disabled_on=\u00bbon|on|off\u00bb \/][\/et_pb_column][\/et_pb_row][\/et_pb_section][et_pb_section bb_built=\u00bb1&#8243; fullwidth=\u00bboff\u00bb specialty=\u00bboff\u00bb transparent_background=\u00bboff\u00bb background_color=\u00bb#dddddd\u00bb allow_player_pause=\u00bboff\u00bb inner_shadow=\u00bboff\u00bb parallax=\u00bboff\u00bb parallax_method=\u00bbon\u00bb make_fullwidth=\u00bboff\u00bb use_custom_width=\u00bboff\u00bb width_unit=\u00bbon\u00bb make_equal=\u00bboff\u00bb use_custom_gutter=\u00bboff\u00bb custom_padding=\u00bb0px||0px|\u00bb][et_pb_row background_position=\u00bbtop_left\u00bb background_repeat=\u00bbrepeat\u00bb background_size=\u00bbinitial\u00bb][et_pb_column type=\u00bb4_4&#8243;][et_pb_text background_layout=\u00bblight\u00bb text_orientation=\u00bbleft\u00bb use_border_color=\u00bboff\u00bb border_color=\u00bb#ffffff\u00bb border_style=\u00bbsolid\u00bb background_position=\u00bbtop_left\u00bb background_repeat=\u00bbrepeat\u00bb background_size=\u00bbinitial\u00bb module_alignment=\u00bbleft\u00bb]<\/p>\n<h5>OTRAS VISTAS:<\/h5>\n<p>[\/et_pb_text][et_pb_gallery gallery_ids=\u00bb7356,7355,7354,7353,7352,7351,7350,7349,7348&#8243; fullwidth=\u00bboff\u00bb orientation=\u00bblandscape\u00bb show_title_and_caption=\u00bboff\u00bb show_pagination=\u00bbon\u00bb background_layout=\u00bblight\u00bb hover_overlay_color=\u00bbrgba(255,255,255,0.9)\u00bb caption_line_height=\u00bb14px\u00bb title_font_size=\u00bb14&#8243; posts_number=\u00bb12&#8243; _builder_version=\u00bb3.0.83&#8243; zoom_icon_color=\u00bb#0f00a7&#8243; pagination_font_size_tablet=\u00bb51&#8243; pagination_line_height_tablet=\u00bb2&#8243; \/][et_pb_divider color=\u00bb#ffffff\u00bb show_divider=\u00bbon\u00bb divider_style=\u00bbsolid\u00bb divider_position=\u00bbcenter\u00bb hide_on_mobile=\u00bbon\u00bb divider_weight=\u00bb3&#8243; disabled_on=\u00bbon|on|off\u00bb \/][\/et_pb_column][\/et_pb_row][\/et_pb_section][et_pb_section bb_built=\u00bb1&#8243; fullwidth=\u00bboff\u00bb specialty=\u00bboff\u00bb transparent_background=\u00bboff\u00bb background_color=\u00bb#dddddd\u00bb allow_player_pause=\u00bboff\u00bb inner_shadow=\u00bboff\u00bb parallax=\u00bboff\u00bb parallax_method=\u00bbon\u00bb make_fullwidth=\u00bboff\u00bb use_custom_width=\u00bboff\u00bb width_unit=\u00bbon\u00bb make_equal=\u00bboff\u00bb use_custom_gutter=\u00bboff\u00bb custom_padding=\u00bb0px||0px|\u00bb][et_pb_row background_position=\u00bbtop_left\u00bb background_repeat=\u00bbrepeat\u00bb background_size=\u00bbinitial\u00bb][et_pb_column type=\u00bb4_4&#8243;][et_pb_text background_layout=\u00bblight\u00bb text_orientation=\u00bbleft\u00bb use_border_color=\u00bboff\u00bb border_color=\u00bb#ffffff\u00bb border_style=\u00bbsolid\u00bb background_position=\u00bbtop_left\u00bb background_repeat=\u00bbrepeat\u00bb background_size=\u00bbinitial\u00bb module_alignment=\u00bbleft\u00bb]<\/p>\n<h5>APLICACIONES:<\/h5>\n<p>[\/et_pb_text][et_pb_gallery gallery_ids=\u00bb7358&#8243; fullwidth=\u00bboff\u00bb orientation=\u00bblandscape\u00bb show_title_and_caption=\u00bboff\u00bb show_pagination=\u00bbon\u00bb background_layout=\u00bblight\u00bb hover_overlay_color=\u00bbrgba(255,255,255,0.9)\u00bb caption_line_height=\u00bb14px\u00bb title_font_size=\u00bb14&#8243; posts_number=\u00bb8&#8243; _builder_version=\u00bb3.0.83&#8243; zoom_icon_color=\u00bb#0f00a7&#8243; pagination_font_size_tablet=\u00bb51&#8243; pagination_line_height_tablet=\u00bb2&#8243; \/][et_pb_divider color=\u00bb#ffffff\u00bb show_divider=\u00bbon\u00bb divider_style=\u00bbsolid\u00bb divider_position=\u00bbcenter\u00bb hide_on_mobile=\u00bbon\u00bb divider_weight=\u00bb3&#8243; disabled_on=\u00bbon|on|off\u00bb \/][\/et_pb_column][\/et_pb_row][\/et_pb_section]<\/p>\n","protected":false},"excerpt":{"rendered":"<p>Tire-Booster Ayuda de inflado de neum\u00e1ticos &nbsp; N\u00ba de art.: 602 540 PLANO DE EXPLOSI\u00d3N: \n<table id=\"tablepress-638-no-2\" class=\"tablepress tablepress-id-638\">\n<tbody>\n<tr class=\"row-1\">\n\t<td class=\"column-1\">Volumen del dep\u00f3sito<\/td><td class=\"column-2\">18.9 l \/ 5 galones<\/td>\n<\/tr>\n<tr class=\"row-2\">\n\t<td class=\"column-1\">Presi\u00f3n de trabajo<\/td><td class=\"column-2\">2,7 bares \u2013 10 bares<\/td>\n<\/tr>\n<tr class=\"row-3\">\n\t<td class=\"column-1\">Presi\u00f3n m\u00e1x.<\/td><td class=\"column-2\">15 bares<\/td>\n<\/tr>\n<tr class=\"row-4\">\n\t<td class=\"column-1\">Varios<\/td><td class=\"column-2\">Man\u00f3metro, v\u00e1lvula de seguridad, llave esf\u00e9rica<\/td>\n<\/tr>\n<\/tbody>\n<\/table>\n En caso de neum\u00e1ticos inflexibles, se puede producir una inclinaci\u00f3n o ladeado de los mismo al colocarlos sobre las llantas o el neum\u00e1tico no se asienta de manera precisa en la pesta\u00f1a interior de la llanta. El [&hellip;]<\/p>\n","protected":false},"author":7,"featured_media":0,"parent":0,"menu_order":349,"comment_status":"closed","ping_status":"closed","template":"","meta":{"_et_pb_use_builder":"on","_et_pb_old_content":"","_et_gb_content_width":"","footnotes":""},"class_list":["post-18778","page","type-page","status-publish","hentry"],"_links":{"self":[{"href":"https:\/\/www.rotador.de\/es\/wp-json\/wp\/v2\/pages\/18778","targetHints":{"allow":["GET"]}}],"collection":[{"href":"https:\/\/www.rotador.de\/es\/wp-json\/wp\/v2\/pages"}],"about":[{"href":"https:\/\/www.rotador.de\/es\/wp-json\/wp\/v2\/types\/page"}],"author":[{"embeddable":true,"href":"https:\/\/www.rotador.de\/es\/wp-json\/wp\/v2\/users\/7"}],"replies":[{"embeddable":true,"href":"https:\/\/www.rotador.de\/es\/wp-json\/wp\/v2\/comments?post=18778"}],"version-history":[{"count":5,"href":"https:\/\/www.rotador.de\/es\/wp-json\/wp\/v2\/pages\/18778\/revisions"}],"predecessor-version":[{"id":21647,"href":"https:\/\/www.rotador.de\/es\/wp-json\/wp\/v2\/pages\/18778\/revisions\/21647"}],"wp:attachment":[{"href":"https:\/\/www.rotador.de\/es\/wp-json\/wp\/v2\/media?parent=18778"}],"curies":[{"name":"wp","href":"https:\/\/api.w.org\/{rel}","templated":true}]}}