{"id":18790,"date":"2017-11-21T10:09:43","date_gmt":"2017-11-21T10:09:43","guid":{"rendered":"http:\/\/www.bendel.de\/lijadora-excntrica-diamond-c-3710\/"},"modified":"2018-07-06T18:13:53","modified_gmt":"2018-07-06T18:13:53","slug":"lijadora-excntrica-diamond-c-3710","status":"publish","type":"page","link":"https:\/\/www.rotador.de\/es\/lijadora-excntrica-diamond-c-3710\/","title":{"rendered":"Lijadora exc&eacute;ntrica Diamond C-3710"},"content":{"rendered":"<p>[et_pb_section bb_built=\u00bb1&#8243; fullwidth=\u00bbon\u00bb specialty=\u00bboff\u00bb][et_pb_fullwidth_menu global_module=\u00bb4443&#8243; saved_tabs=\u00bball\u00bb menu_id=\u00bb46&#8243; background_color=\u00bb#0f00a7&#8243; background_layout=\u00bbdark\u00bb text_orientation=\u00bbcenter\u00bb submenu_direction=\u00bbdownwards\u00bb fullwidth_menu=\u00bbon\u00bb dropdown_menu_bg_color=\u00bbrgba(0,17,73,0.68)\u00bb dropdown_menu_animation=\u00bbfade\u00bb menu_font=\u00bbSource Sans Pro|on||on|\u00bb menu_font_size=\u00bb16px\u00bb \/][\/et_pb_section][et_pb_section bb_built=\u00bb1&#8243; admin_label=\u00bbSection\u00bb fullwidth=\u00bboff\u00bb specialty=\u00bbon\u00bb][et_pb_column type=\u00bb1_2&#8243;][et_pb_text background_layout=\u00bblight\u00bb text_orientation=\u00bbleft\u00bb use_border_color=\u00bboff\u00bb border_color=\u00bb#ffffff\u00bb border_style=\u00bbsolid\u00bb background_position=\u00bbtop_left\u00bb background_repeat=\u00bbrepeat\u00bb background_size=\u00bbinitial\u00bb module_alignment=\u00bbleft\u00bb]<\/p>\n<h2><strong>C-3710<\/strong><\/h2>\n<h2>Lijadora exc\u00e9ntrica Diamond<\/h2>\n<p>&nbsp;<\/p>\n<h3>N\u00ba de art.: 600 432<\/h3>\n<p>[\/et_pb_text][et_pb_image src=\u00bbhttps:\/\/www.bendel.de\/wp-content\/uploads\/2017\/01\/C-3710A-1.jpg\u00bb alt=\u00bbLijadora exc&amp;eacute;ntrica Diamond C-3710&#8243; title_text=\u00bbLijadora exc&amp;eacute;ntrica Diamond C-3710&#8243; show_in_lightbox=\u00bbon\u00bb url_new_window=\u00bboff\u00bb use_overlay=\u00bboff\u00bb animation=\u00bboff\u00bb sticky=\u00bboff\u00bb align=\u00bbleft\u00bb force_fullwidth=\u00bboff\u00bb always_center_on_mobile=\u00bbon\u00bb use_border_color=\u00bboff\u00bb border_color=\u00bb#ffffff\u00bb border_style=\u00bbsolid\u00bb show_bottom_space=\u00bbon\u00bb animation_style=\u00bbnone\u00bb animation_duration=\u00bb1000ms\u00bb animation_intensity_slide=\u00bb50%\u00bb \/][et_pb_text background_layout=\u00bblight\u00bb text_orientation=\u00bbleft\u00bb border_style=\u00bbsolid\u00bb custom_margin=\u00bb||0px|\u00bb saved_tabs=\u00bball\u00bb background_position=\u00bbtop_left\u00bb background_repeat=\u00bbrepeat\u00bb background_size=\u00bbinitial\u00bb _builder_version=\u00bb3.0.53&#8243; module_alignment=\u00bbleft\u00bb]<\/p>\n<h5>PLANO DE EXPLOSI\u00d3N:<\/h5>\n<p>[\/et_pb_text][et_pb_button button_url=\u00bbhttps:\/\/www.bendel.de\/wp-content\/uploads\/2017\/01\/C-3710-SM.pdf\u00bb url_new_window=\u00bbon\u00bb button_text=\u00bbPDF Download\u00bb button_alignment=\u00bbleft\u00bb background_layout=\u00bblight\u00bb custom_button=\u00bbon\u00bb button_icon_placement=\u00bbright\u00bb button_text_size=\u00bb15&#8243; button_bg_color=\u00bb#0f00a7&#8243; button_font=\u00bbSource Sans Pro|on|||\u00bb button_icon=\u00bb%%59%%\u00bb button_icon_color=\u00bb#ffffff\u00bb button_border_radius_hover=\u00bb4&#8243; button_text_color=\u00bb#ffffff\u00bb button_border_width=\u00bb7&#8243; _builder_version=\u00bb3.0.83&#8243; \/][\/et_pb_column][et_pb_column type=\u00bb1_2&#8243; specialty_columns=\u00bb2&#8243;][et_pb_row_inner admin_label=\u00bbZeile\u00bb][et_pb_column_inner type=\u00bb4_4&#8243; saved_specialty_column_type=\u00bb1_2&#8243;][et_pb_text background_layout=\u00bblight\u00bb use_border_color=\u00bboff\u00bb border_color=\u00bb#ffffff\u00bb border_style=\u00bbsolid\u00bb saved_tabs=\u00bball\u00bb module_alignment=\u00bbleft\u00bb border_color_all=\u00bb#ffffff\u00bb _builder_version=\u00bb3.0.89&#8243;]<\/p>\n<hr class=\"linie100g\" \/>\n<h6>\n<table id=\"tablepress-657\" class=\"tablepress tablepress-id-657\">\n<tbody>\n<tr class=\"row-1\">\n\t<td class=\"column-1\">Revoluciones a ralent\u00ed<\/td><td class=\"column-2\">16.000 r.p.m<\/td>\n<\/tr>\n<tr class=\"row-2\">\n\t<td class=\"column-1\">Plato de apoyo<\/td><td class=\"column-2\">Versi\u00f3n de velcro de 50 mm<\/td>\n<\/tr>\n<tr class=\"row-3\">\n\t<td class=\"column-1\">Carrera<\/td><td class=\"column-2\">3,0 mm<\/td>\n<\/tr>\n<tr class=\"row-4\">\n\t<td class=\"column-1\">Peso<\/td><td class=\"column-2\">0,7 kg<\/td>\n<\/tr>\n<tr class=\"row-5\">\n\t<td class=\"column-1\">Presi\u00f3n de aire<\/td><td class=\"column-2\">6,3 bares<\/td>\n<\/tr>\n<tr class=\"row-6\">\n\t<td class=\"column-1\">Conexi\u00f3n de aire comprimido<\/td><td class=\"column-2\">1\/4\"<\/td>\n<\/tr>\n<tr class=\"row-7\">\n\t<td class=\"column-1\">Presi\u00f3n ac\u00fastica<\/td><td class=\"column-2\">80,4 dB\/A<\/td>\n<\/tr>\n<\/tbody>\n<\/table>\n<!-- #tablepress-657 from cache --><\/h6>\n<hr class=\"linie100g\" \/>\n<p>[\/et_pb_text][et_pb_text background_layout=\u00bblight\u00bb text_orientation=\u00bbleft\u00bb use_border_color=\u00bboff\u00bb border_color=\u00bb#ffffff\u00bb border_style=\u00bbsolid\u00bb background_position=\u00bbtop_left\u00bb background_repeat=\u00bbrepeat\u00bb background_size=\u00bbinitial\u00bb module_alignment=\u00bbleft\u00bb]<\/p>\n<p><strong>Lijadora exc\u00e9ntrica industrial muy manejable con una carrera de tan s\u00f3lo 3,0 mm.<\/strong> Dise\u00f1ada para el procesamiento r\u00e1pido de superficies planas y abombadas, perfecta para trabajos de acabado de pintura profesionales. La forma constructiva angulada proporciona una visibilidad libre sobre la superficie de lijado que se est\u00e1 procesando. El reducido consumo de aire comprimido ahorra costes, las vibraciones reducidas y el silenciador protegen la salud. <strong>Concebido de forma compacta y robusta, este equipo est\u00e1 dise\u00f1ado para una prolongada vida \u00fatil con costes de servicio muy bajos.<\/strong><\/p>\n<p>[\/et_pb_text][\/et_pb_column_inner][\/et_pb_row_inner][\/et_pb_column][\/et_pb_section][et_pb_section bb_built=\u00bb1&#8243; fullwidth=\u00bboff\u00bb specialty=\u00bboff\u00bb transparent_background=\u00bboff\u00bb background_color=\u00bb#dddddd\u00bb allow_player_pause=\u00bboff\u00bb inner_shadow=\u00bboff\u00bb parallax=\u00bboff\u00bb parallax_method=\u00bbon\u00bb make_fullwidth=\u00bboff\u00bb use_custom_width=\u00bboff\u00bb width_unit=\u00bbon\u00bb make_equal=\u00bboff\u00bb use_custom_gutter=\u00bboff\u00bb custom_padding=\u00bb0px||0px|\u00bb][et_pb_row background_position=\u00bbtop_left\u00bb background_repeat=\u00bbrepeat\u00bb background_size=\u00bbinitial\u00bb][et_pb_column type=\u00bb4_4&#8243;][et_pb_text background_layout=\u00bblight\u00bb text_orientation=\u00bbleft\u00bb use_border_color=\u00bboff\u00bb border_color=\u00bb#ffffff\u00bb border_style=\u00bbsolid\u00bb background_position=\u00bbtop_left\u00bb background_repeat=\u00bbrepeat\u00bb background_size=\u00bbinitial\u00bb module_alignment=\u00bbleft\u00bb]<\/p>\n<h5>ACCESORIOS:<\/h5>\n<p>[\/et_pb_text][et_pb_gallery gallery_ids=\u00bb7262,7261,7236,7239,7240,7241,7243,7244&#8243; fullwidth=\u00bboff\u00bb orientation=\u00bblandscape\u00bb show_title_and_caption=\u00bbon\u00bb show_pagination=\u00bbon\u00bb background_layout=\u00bblight\u00bb auto=\u00bboff\u00bb hover_overlay_color=\u00bbrgba(255,255,255,0.9)\u00bb caption_line_height=\u00bb14px\u00bb title_font_size=\u00bb14&#8243; use_border_color=\u00bboff\u00bb border_color=\u00bb#ffffff\u00bb border_style=\u00bbsolid\u00bb posts_number=\u00bb8&#8243; saved_tabs=\u00bball\u00bb \/][et_pb_divider color=\u00bb#ffffff\u00bb show_divider=\u00bbon\u00bb divider_style=\u00bbsolid\u00bb divider_position=\u00bbcenter\u00bb hide_on_mobile=\u00bbon\u00bb divider_weight=\u00bb3&#8243; disabled_on=\u00bbon|on|off\u00bb \/][\/et_pb_column][\/et_pb_row][\/et_pb_section][et_pb_section bb_built=\u00bb1&#8243; fullwidth=\u00bboff\u00bb specialty=\u00bboff\u00bb transparent_background=\u00bboff\u00bb background_color=\u00bb#dddddd\u00bb allow_player_pause=\u00bboff\u00bb inner_shadow=\u00bboff\u00bb parallax=\u00bboff\u00bb parallax_method=\u00bbon\u00bb make_fullwidth=\u00bboff\u00bb use_custom_width=\u00bboff\u00bb width_unit=\u00bbon\u00bb make_equal=\u00bboff\u00bb use_custom_gutter=\u00bboff\u00bb custom_padding=\u00bb0px||0px|\u00bb][et_pb_row background_position=\u00bbtop_left\u00bb background_repeat=\u00bbrepeat\u00bb background_size=\u00bbinitial\u00bb][et_pb_column type=\u00bb4_4&#8243;][et_pb_text background_layout=\u00bblight\u00bb text_orientation=\u00bbleft\u00bb use_border_color=\u00bboff\u00bb border_color=\u00bb#ffffff\u00bb border_style=\u00bbsolid\u00bb background_position=\u00bbtop_left\u00bb background_repeat=\u00bbrepeat\u00bb background_size=\u00bbinitial\u00bb module_alignment=\u00bbleft\u00bb]<\/p>\n<h5>OTRAS VISTAS:<\/h5>\n<p>[\/et_pb_text][et_pb_gallery fullwidth=\u00bboff\u00bb orientation=\u00bblandscape\u00bb show_title_and_caption=\u00bboff\u00bb show_pagination=\u00bbon\u00bb background_layout=\u00bblight\u00bb hover_overlay_color=\u00bbrgba(255,255,255,0.9)\u00bb caption_line_height=\u00bb14px\u00bb title_font_size=\u00bb14&#8243; gallery_ids=\u00bb5365,5364,5363,5362&#8243; _builder_version=\u00bb3.0.83&#8243; zoom_icon_color=\u00bb#0f00a7&#8243; pagination_font_size_tablet=\u00bb51&#8243; pagination_line_height_tablet=\u00bb2&#8243; \/][et_pb_divider color=\u00bb#ffffff\u00bb show_divider=\u00bbon\u00bb divider_style=\u00bbsolid\u00bb divider_position=\u00bbcenter\u00bb hide_on_mobile=\u00bbon\u00bb divider_weight=\u00bb3&#8243; disabled_on=\u00bbon|on|off\u00bb \/][\/et_pb_column][\/et_pb_row][\/et_pb_section]<\/p>\n","protected":false},"excerpt":{"rendered":"<p>C-3710 Lijadora exc\u00e9ntrica Diamond &nbsp; N\u00ba de art.: 600 432 PLANO DE EXPLOSI\u00d3N: \n<table id=\"tablepress-657-no-2\" class=\"tablepress tablepress-id-657\">\n<tbody>\n<tr class=\"row-1\">\n\t<td class=\"column-1\">Revoluciones a ralent\u00ed<\/td><td class=\"column-2\">16.000 r.p.m<\/td>\n<\/tr>\n<tr class=\"row-2\">\n\t<td class=\"column-1\">Plato de apoyo<\/td><td class=\"column-2\">Versi\u00f3n de velcro de 50 mm<\/td>\n<\/tr>\n<tr class=\"row-3\">\n\t<td class=\"column-1\">Carrera<\/td><td class=\"column-2\">3,0 mm<\/td>\n<\/tr>\n<tr class=\"row-4\">\n\t<td class=\"column-1\">Peso<\/td><td class=\"column-2\">0,7 kg<\/td>\n<\/tr>\n<tr class=\"row-5\">\n\t<td class=\"column-1\">Presi\u00f3n de aire<\/td><td class=\"column-2\">6,3 bares<\/td>\n<\/tr>\n<tr class=\"row-6\">\n\t<td class=\"column-1\">Conexi\u00f3n de aire comprimido<\/td><td class=\"column-2\">1\/4\"<\/td>\n<\/tr>\n<tr class=\"row-7\">\n\t<td class=\"column-1\">Presi\u00f3n ac\u00fastica<\/td><td class=\"column-2\">80,4 dB\/A<\/td>\n<\/tr>\n<\/tbody>\n<\/table>\n Lijadora exc\u00e9ntrica industrial muy manejable con una carrera de tan s\u00f3lo 3,0 mm. Dise\u00f1ada para el procesamiento r\u00e1pido de superficies planas y abombadas, perfecta para trabajos de acabado de pintura profesionales. La forma constructiva angulada proporciona una visibilidad libre [&hellip;]<\/p>\n","protected":false},"author":7,"featured_media":0,"parent":0,"menu_order":149,"comment_status":"closed","ping_status":"closed","template":"","meta":{"_et_pb_use_builder":"on","_et_pb_old_content":"","_et_gb_content_width":"","footnotes":""},"class_list":["post-18790","page","type-page","status-publish","hentry"],"_links":{"self":[{"href":"https:\/\/www.rotador.de\/es\/wp-json\/wp\/v2\/pages\/18790","targetHints":{"allow":["GET"]}}],"collection":[{"href":"https:\/\/www.rotador.de\/es\/wp-json\/wp\/v2\/pages"}],"about":[{"href":"https:\/\/www.rotador.de\/es\/wp-json\/wp\/v2\/types\/page"}],"author":[{"embeddable":true,"href":"https:\/\/www.rotador.de\/es\/wp-json\/wp\/v2\/users\/7"}],"replies":[{"embeddable":true,"href":"https:\/\/www.rotador.de\/es\/wp-json\/wp\/v2\/comments?post=18790"}],"version-history":[{"count":6,"href":"https:\/\/www.rotador.de\/es\/wp-json\/wp\/v2\/pages\/18790\/revisions"}],"predecessor-version":[{"id":21587,"href":"https:\/\/www.rotador.de\/es\/wp-json\/wp\/v2\/pages\/18790\/revisions\/21587"}],"wp:attachment":[{"href":"https:\/\/www.rotador.de\/es\/wp-json\/wp\/v2\/media?parent=18790"}],"curies":[{"name":"wp","href":"https:\/\/api.w.org\/{rel}","templated":true}]}}