{"id":18809,"date":"2017-11-21T10:09:45","date_gmt":"2017-11-21T10:09:45","guid":{"rendered":"http:\/\/www.bendel.de\/pistola-de-soplado-z-030-20\/"},"modified":"2018-07-06T18:13:24","modified_gmt":"2018-07-06T18:13:24","slug":"pistola-de-soplado-z-030-20","status":"publish","type":"page","link":"https:\/\/www.rotador.de\/es\/pistola-de-soplado-z-030-20\/","title":{"rendered":"Pistola de soplado Z-030-20"},"content":{"rendered":"<p>[et_pb_section bb_built=\u00bb1&#8243; admin_label=\u00bbSection\u00bb fullwidth=\u00bboff\u00bb specialty=\u00bbon\u00bb][et_pb_column type=\u00bb1_2&#8243;][et_pb_text background_layout=\u00bblight\u00bb text_orientation=\u00bbleft\u00bb border_style=\u00bbsolid\u00bb background_position=\u00bbtop_left\u00bb background_repeat=\u00bbrepeat\u00bb background_size=\u00bbinitial\u00bb _builder_version=\u00bb3.0.55&#8243;]<\/p>\n<h2><strong>Z-030-20<\/strong><\/h2>\n<h2>Pistola de soplado, extra larga<\/h2>\n<p>&nbsp;<\/p>\n<h3>N\u00ba de art.: 602 506<\/h3>\n<p>[\/et_pb_text][et_pb_image src=\u00bbhttps:\/\/www.bendel.de\/wp-content\/uploads\/2017\/01\/Z-030XL.jpg\u00bb alt=\u00bbPistola de soplado Z-030-20&#8243; title_text=\u00bbPistola de soplado Z-030-20&#8243; show_in_lightbox=\u00bbon\u00bb url_new_window=\u00bboff\u00bb use_overlay=\u00bboff\u00bb animation=\u00bboff\u00bb sticky=\u00bboff\u00bb align=\u00bbleft\u00bb force_fullwidth=\u00bboff\u00bb always_center_on_mobile=\u00bbon\u00bb use_border_color=\u00bboff\u00bb border_color=\u00bb#ffffff\u00bb border_style=\u00bbsolid\u00bb show_bottom_space=\u00bbon\u00bb animation_style=\u00bbnone\u00bb animation_duration=\u00bb1000ms\u00bb animation_intensity_slide=\u00bb50%\u00bb \/][\/et_pb_column][et_pb_column type=\u00bb1_2&#8243; specialty_columns=\u00bb2&#8243;][et_pb_row_inner admin_label=\u00bbRow\u00bb padding_mobile=\u00bboff\u00bb use_custom_gutter=\u00bboff\u00bb column_padding_mobile=\u00bbon\u00bb make_equal=\u00bbon\u00bb parallax_1=\u00bboff\u00bb parallax_method_1=\u00bboff\u00bb parallax_2=\u00bboff\u00bb parallax_method_2=\u00bboff\u00bb][et_pb_column_inner type=\u00bb4_4&#8243; saved_specialty_column_type=\u00bb1_2&#8243;][et_pb_text background_layout=\u00bblight\u00bb use_border_color=\u00bboff\u00bb border_color=\u00bb#ffffff\u00bb border_style=\u00bbsolid\u00bb saved_tabs=\u00bball\u00bb module_alignment=\u00bbleft\u00bb border_color_all=\u00bb#ffffff\u00bb _builder_version=\u00bb3.0.89&#8243;]<\/p>\n<hr class=\"linie100g\" \/>\n<h6>\n<table id=\"tablepress-719\" class=\"tablepress tablepress-id-719\">\n<tbody>\n<tr class=\"row-1\">\n\t<td class=\"column-1\">Dimensiones<\/td><td class=\"column-2\">63,5 x 7,5 cm<\/td>\n<\/tr>\n<tr class=\"row-2\">\n\t<td class=\"column-1\">Peso<\/td><td class=\"column-2\">220 g<\/td>\n<\/tr>\n<tr class=\"row-3\">\n\t<td class=\"column-1\">Presi\u00f3n de aire<\/td><td class=\"column-2\">2,5 - 6,2\u00a0bares<\/td>\n<\/tr>\n<tr class=\"row-4\">\n\t<td class=\"column-1\">Conexi\u00f3n de aire comprimido<\/td><td class=\"column-2\">1\/4\"<\/td>\n<\/tr>\n<\/tbody>\n<\/table>\n<!-- #tablepress-719 from cache --><\/h6>\n<hr class=\"linie100g\" \/>\n<p>[\/et_pb_text][et_pb_text background_layout=\u00bblight\u00bb text_orientation=\u00bbleft\u00bb use_border_color=\u00bboff\u00bb border_color=\u00bb#ffffff\u00bb border_style=\u00bbsolid\u00bb background_position=\u00bbtop_left\u00bb background_repeat=\u00bbrepeat\u00bb background_size=\u00bbinitial\u00bb module_alignment=\u00bbleft\u00bb border_color_all=\u00bb#ffffff\u00bb border_style_all=\u00bbsolid\u00bb]<\/p>\n<p><strong>Pistola de soplado extremadamente ligera y c\u00f3moda de pl\u00e1stico resistente a los impactos con una punta de soplado de 500 mm de longitud,<\/strong> para soplar tambi\u00e9n en las zonas alejadas y en \u00e1reas angostas. Gracias a la longitud y a la ligera flexi\u00f3n en el extremo de la boquilla, tambi\u00e9n alcanza lugares de dif\u00edcil acceso. Chorro de aire muy focalizado y potente, a trav\u00e9s de ello capacidad de limpieza excelente y aplicable para una gran variedad de aplicaciones industriales. Apropiada para un uso permanente gracias a su empu\u00f1adura aislada contra el fr\u00edo. <strong>Excelente para cada taller, para aplicaciones industriales y en empresas agr\u00edcolas.<\/strong><\/p>\n<p>[\/et_pb_text][\/et_pb_column_inner][\/et_pb_row_inner][\/et_pb_column][\/et_pb_section][et_pb_section bb_built=\u00bb1&#8243; fullwidth=\u00bboff\u00bb specialty=\u00bboff\u00bb transparent_background=\u00bboff\u00bb background_color=\u00bb#dddddd\u00bb allow_player_pause=\u00bboff\u00bb inner_shadow=\u00bboff\u00bb parallax=\u00bboff\u00bb parallax_method=\u00bbon\u00bb make_fullwidth=\u00bboff\u00bb use_custom_width=\u00bboff\u00bb width_unit=\u00bbon\u00bb make_equal=\u00bboff\u00bb use_custom_gutter=\u00bboff\u00bb custom_padding=\u00bb0px||0px|\u00bb][et_pb_row background_position=\u00bbtop_left\u00bb background_repeat=\u00bbrepeat\u00bb background_size=\u00bbinitial\u00bb][et_pb_column type=\u00bb4_4&#8243;][et_pb_text background_layout=\u00bblight\u00bb text_orientation=\u00bbleft\u00bb use_border_color=\u00bboff\u00bb border_color=\u00bb#ffffff\u00bb border_style=\u00bbsolid\u00bb background_position=\u00bbtop_left\u00bb background_repeat=\u00bbrepeat\u00bb background_size=\u00bbinitial\u00bb]<\/p>\n<h5>ACCESORIOS:<\/h5>\n<p>[\/et_pb_text][et_pb_gallery gallery_ids=\u00bb7236,7239,7240,7241,7242,7243,7244,7245&#8243; fullwidth=\u00bboff\u00bb orientation=\u00bblandscape\u00bb show_title_and_caption=\u00bbon\u00bb show_pagination=\u00bbon\u00bb background_layout=\u00bblight\u00bb auto=\u00bboff\u00bb hover_overlay_color=\u00bbrgba(255,255,255,0.9)\u00bb caption_line_height=\u00bb14px\u00bb title_font_size=\u00bb14&#8243; use_border_color=\u00bboff\u00bb border_color=\u00bb#ffffff\u00bb border_style=\u00bbsolid\u00bb posts_number=\u00bb12&#8243; saved_tabs=\u00bball\u00bb \/][et_pb_divider color=\u00bb#ffffff\u00bb show_divider=\u00bbon\u00bb divider_style=\u00bbsolid\u00bb divider_position=\u00bbcenter\u00bb hide_on_mobile=\u00bbon\u00bb divider_weight=\u00bb3&#8243; disabled_on=\u00bbon|on|off\u00bb \/][\/et_pb_column][\/et_pb_row][\/et_pb_section]<\/p>\n","protected":false},"excerpt":{"rendered":"<p>Z-030-20 Pistola de soplado, extra larga &nbsp; N\u00ba de art.: 602 506 \n<table id=\"tablepress-719-no-2\" class=\"tablepress tablepress-id-719\">\n<tbody>\n<tr class=\"row-1\">\n\t<td class=\"column-1\">Dimensiones<\/td><td class=\"column-2\">63,5 x 7,5 cm<\/td>\n<\/tr>\n<tr class=\"row-2\">\n\t<td class=\"column-1\">Peso<\/td><td class=\"column-2\">220 g<\/td>\n<\/tr>\n<tr class=\"row-3\">\n\t<td class=\"column-1\">Presi\u00f3n de aire<\/td><td class=\"column-2\">2,5 - 6,2\u00a0bares<\/td>\n<\/tr>\n<tr class=\"row-4\">\n\t<td class=\"column-1\">Conexi\u00f3n de aire comprimido<\/td><td class=\"column-2\">1\/4\"<\/td>\n<\/tr>\n<\/tbody>\n<\/table>\n<!-- #tablepress-719-no-2 from cache --> Pistola de soplado extremadamente ligera y c\u00f3moda de pl\u00e1stico resistente a los impactos con una punta de soplado de 500 mm de longitud, para soplar tambi\u00e9n en las zonas alejadas y en \u00e1reas angostas. Gracias a la longitud y a [&hellip;]<\/p>\n","protected":false},"author":7,"featured_media":0,"parent":0,"menu_order":337,"comment_status":"closed","ping_status":"closed","template":"","meta":{"_et_pb_use_builder":"on","_et_pb_old_content":"","_et_gb_content_width":"","footnotes":""},"class_list":["post-18809","page","type-page","status-publish","hentry"],"_links":{"self":[{"href":"https:\/\/www.rotador.de\/es\/wp-json\/wp\/v2\/pages\/18809","targetHints":{"allow":["GET"]}}],"collection":[{"href":"https:\/\/www.rotador.de\/es\/wp-json\/wp\/v2\/pages"}],"about":[{"href":"https:\/\/www.rotador.de\/es\/wp-json\/wp\/v2\/types\/page"}],"author":[{"embeddable":true,"href":"https:\/\/www.rotador.de\/es\/wp-json\/wp\/v2\/users\/7"}],"replies":[{"embeddable":true,"href":"https:\/\/www.rotador.de\/es\/wp-json\/wp\/v2\/comments?post=18809"}],"version-history":[{"count":7,"href":"https:\/\/www.rotador.de\/es\/wp-json\/wp\/v2\/pages\/18809\/revisions"}],"predecessor-version":[{"id":21674,"href":"https:\/\/www.rotador.de\/es\/wp-json\/wp\/v2\/pages\/18809\/revisions\/21674"}],"wp:attachment":[{"href":"https:\/\/www.rotador.de\/es\/wp-json\/wp\/v2\/media?parent=18809"}],"curies":[{"name":"wp","href":"https:\/\/api.w.org\/{rel}","templated":true}]}}