{"id":18826,"date":"2017-11-21T10:09:47","date_gmt":"2017-11-21T10:09:47","guid":{"rendered":"http:\/\/www.bendel.de\/alambre-cuadrado\/"},"modified":"2018-07-06T18:13:32","modified_gmt":"2018-07-06T18:13:32","slug":"alambre-cuadrado","status":"publish","type":"page","link":"https:\/\/www.rotador.de\/es\/alambre-cuadrado\/","title":{"rendered":"Alambre cuadrado"},"content":{"rendered":"<p>[et_pb_section bb_built=\u00bb1&#8243; admin_label=\u00bbSection\u00bb fullwidth=\u00bboff\u00bb specialty=\u00bbon\u00bb][et_pb_column type=\u00bb1_2&#8243;][et_pb_text background_layout=\u00bblight\u00bb text_orientation=\u00bbleft\u00bb border_style=\u00bbsolid\u00bb background_position=\u00bbtop_left\u00bb background_repeat=\u00bbrepeat\u00bb background_size=\u00bbinitial\u00bb _builder_version=\u00bb3.0.55&#8243; module_alignment=\u00bbleft\u00bb]<\/p>\n<h2><strong>Alambre cuadrado<\/strong><\/h2>\n<p>&nbsp;<\/p>\n<h3>N\u00ba de art.: 700 150<\/h3>\n<p>[\/et_pb_text][et_pb_image src=\u00bbhttps:\/\/www.bendel.de\/wp-content\/uploads\/2017\/05\/700150-Vierkantdraht-3.jpg\u00bb show_in_lightbox=\u00bbon\u00bb url_new_window=\u00bboff\u00bb use_overlay=\u00bboff\u00bb sticky=\u00bboff\u00bb align=\u00bbleft\u00bb always_center_on_mobile=\u00bbon\u00bb use_border_color=\u00bboff\u00bb border_color=\u00bb#ffffff\u00bb border_style=\u00bbsolid\u00bb force_fullwidth=\u00bboff\u00bb animation=\u00bbleft\u00bb animation_direction=\u00bbleft\u00bb animation_style=\u00bbslide\u00bb animation_duration=\u00bb500ms\u00bb animation_intensity_slide=\u00bb10%\u00bb show_bottom_space=\u00bbon\u00bb \/][\/et_pb_column][et_pb_column type=\u00bb1_2&#8243; specialty_columns=\u00bb2&#8243;][et_pb_row_inner admin_label=\u00bbRow\u00bb padding_mobile=\u00bboff\u00bb use_custom_gutter=\u00bboff\u00bb column_padding_mobile=\u00bbon\u00bb make_equal=\u00bbon\u00bb parallax_1=\u00bboff\u00bb parallax_method_1=\u00bboff\u00bb parallax_2=\u00bboff\u00bb parallax_method_2=\u00bboff\u00bb][et_pb_column_inner type=\u00bb4_4&#8243; saved_specialty_column_type=\u00bb1_2&#8243;][et_pb_text background_layout=\u00bblight\u00bb use_border_color=\u00bboff\u00bb border_color=\u00bb#ffffff\u00bb border_style=\u00bbsolid\u00bb saved_tabs=\u00bball\u00bb module_alignment=\u00bbleft\u00bb border_color_all=\u00bb#ffffff\u00bb _builder_version=\u00bb3.0.89&#8243;]<\/p>\n<hr class=\"linie100g\" \/>\n<h6>\n<table id=\"tablepress-699\" class=\"tablepress tablepress-id-699\">\n<tbody>\n<tr class=\"row-1\">\n\t<td class=\"column-1\">Material<\/td><td class=\"column-2\">Acero de aleaci\u00f3n especial<\/td>\n<\/tr>\n<tr class=\"row-2\">\n\t<td class=\"column-1\">Resistencia a la tracci\u00f3n<\/td><td class=\"column-2\">como m\u00ednimo 2.400 N\/mm\u00b2<\/td>\n<\/tr>\n<tr class=\"row-3\">\n\t<td class=\"column-1\">\u00c1mbito de suministro<\/td><td class=\"column-2\">Rollo de 50 m sobre bobina de cart\u00f3n<\/td>\n<\/tr>\n<tr class=\"row-4\">\n\t<td class=\"column-1\">Peso<\/td><td class=\"column-2\">155 g<\/td>\n<\/tr>\n<tr class=\"row-5\">\n\t<td class=\"column-1\">Unidad de embalaje:<\/td><td class=\"column-2\">100 unidad<\/td>\n<\/tr>\n<\/tbody>\n<\/table>\n<!-- #tablepress-699 from cache --><\/h6>\n<hr class=\"linie100g\" \/>\n<p>[\/et_pb_text][et_pb_text background_layout=\u00bblight\u00bb text_orientation=\u00bbleft\u00bb use_border_color=\u00bboff\u00bb border_color=\u00bb#ffffff\u00bb border_style=\u00bbsolid\u00bb background_position=\u00bbtop_left\u00bb background_repeat=\u00bbrepeat\u00bb background_size=\u00bbinitial\u00bb module_alignment=\u00bbleft\u00bb border_color_all=\u00bb#ffffff\u00bb border_style_all=\u00bbsolid\u00bb]<\/p>\n<p><strong>El perfil cuadrado del alambre de corte<\/strong> hace posible un rendimiento de corte suave, exacto y limpio, incluso <strong>a trav\u00e9s de las capas de poliuretano m\u00e1s gruesas y fuertes. <\/strong>Este alambre cuadrado est\u00e1 fabricado con una aleaci\u00f3n especial, para garantizar resistencias a la tracci\u00f3n extremadamente fuertes superiores a 2.400 MPa para impedir la peligrosa \u00abrotura\u00bb bajo carga de tracci\u00f3n. <strong>Alambre absolutamente profesional para el cambio de cristales profesional.<\/strong><\/p>\n<p>[\/et_pb_text][\/et_pb_column_inner][\/et_pb_row_inner][\/et_pb_column][\/et_pb_section][et_pb_section bb_built=\u00bb1&#8243; fullwidth=\u00bboff\u00bb specialty=\u00bboff\u00bb transparent_background=\u00bboff\u00bb background_color=\u00bb#dddddd\u00bb allow_player_pause=\u00bboff\u00bb inner_shadow=\u00bboff\u00bb parallax=\u00bboff\u00bb parallax_method=\u00bbon\u00bb make_fullwidth=\u00bboff\u00bb use_custom_width=\u00bboff\u00bb width_unit=\u00bbon\u00bb make_equal=\u00bboff\u00bb use_custom_gutter=\u00bboff\u00bb custom_padding=\u00bb0px||0px|\u00bb][et_pb_row background_position=\u00bbtop_left\u00bb background_repeat=\u00bbrepeat\u00bb background_size=\u00bbinitial\u00bb][et_pb_column type=\u00bb4_4&#8243;][et_pb_text background_layout=\u00bblight\u00bb text_orientation=\u00bbleft\u00bb use_border_color=\u00bboff\u00bb border_color=\u00bb#ffffff\u00bb border_style=\u00bbsolid\u00bb background_position=\u00bbtop_left\u00bb background_repeat=\u00bbrepeat\u00bb background_size=\u00bbinitial\u00bb module_alignment=\u00bbleft\u00bb]<\/p>\n<h5>OTRAS VISTAS:<\/h5>\n<p>[\/et_pb_text][et_pb_gallery fullwidth=\u00bboff\u00bb posts_number=\u00bb10&#8243; orientation=\u00bblandscape\u00bb show_title_and_caption=\u00bboff\u00bb show_pagination=\u00bbon\u00bb background_layout=\u00bblight\u00bb hover_overlay_color=\u00bbrgba(255,255,255,0.9)\u00bb caption_line_height=\u00bb14px\u00bb title_font_size=\u00bb14&#8243; saved_tabs=\u00bball\u00bb gallery_ids=\u00bb7472,7475&#8243; _builder_version=\u00bb3.0.83&#8243; zoom_icon_color=\u00bb#0f00a7&#8243; pagination_font_size_tablet=\u00bb51&#8243; pagination_line_height_tablet=\u00bb2&#8243; \/][et_pb_divider color=\u00bb#ffffff\u00bb show_divider=\u00bbon\u00bb divider_style=\u00bbsolid\u00bb divider_position=\u00bbcenter\u00bb hide_on_mobile=\u00bbon\u00bb divider_weight=\u00bb3&#8243; disabled_on=\u00bbon|on|off\u00bb \/][\/et_pb_column][\/et_pb_row][\/et_pb_section]<\/p>\n","protected":false},"excerpt":{"rendered":"<p>Alambre cuadrado &nbsp; N\u00ba de art.: 700 150 \n<table id=\"tablepress-699-no-2\" class=\"tablepress tablepress-id-699\">\n<tbody>\n<tr class=\"row-1\">\n\t<td class=\"column-1\">Material<\/td><td class=\"column-2\">Acero de aleaci\u00f3n especial<\/td>\n<\/tr>\n<tr class=\"row-2\">\n\t<td class=\"column-1\">Resistencia a la tracci\u00f3n<\/td><td class=\"column-2\">como m\u00ednimo 2.400 N\/mm\u00b2<\/td>\n<\/tr>\n<tr class=\"row-3\">\n\t<td class=\"column-1\">\u00c1mbito de suministro<\/td><td class=\"column-2\">Rollo de 50 m sobre bobina de cart\u00f3n<\/td>\n<\/tr>\n<tr class=\"row-4\">\n\t<td class=\"column-1\">Peso<\/td><td class=\"column-2\">155 g<\/td>\n<\/tr>\n<tr class=\"row-5\">\n\t<td class=\"column-1\">Unidad de embalaje:<\/td><td class=\"column-2\">100 unidad<\/td>\n<\/tr>\n<\/tbody>\n<\/table>\n El perfil cuadrado del alambre de corte hace posible un rendimiento de corte suave, exacto y limpio, incluso a trav\u00e9s de las capas de poliuretano m\u00e1s gruesas y fuertes. Este alambre cuadrado est\u00e1 fabricado con una aleaci\u00f3n especial, para garantizar resistencias a la tracci\u00f3n [&hellip;]<\/p>\n","protected":false},"author":7,"featured_media":0,"parent":0,"menu_order":412,"comment_status":"closed","ping_status":"closed","template":"","meta":{"_et_pb_use_builder":"on","_et_pb_old_content":"","_et_gb_content_width":"","footnotes":""},"class_list":["post-18826","page","type-page","status-publish","hentry"],"_links":{"self":[{"href":"https:\/\/www.rotador.de\/es\/wp-json\/wp\/v2\/pages\/18826","targetHints":{"allow":["GET"]}}],"collection":[{"href":"https:\/\/www.rotador.de\/es\/wp-json\/wp\/v2\/pages"}],"about":[{"href":"https:\/\/www.rotador.de\/es\/wp-json\/wp\/v2\/types\/page"}],"author":[{"embeddable":true,"href":"https:\/\/www.rotador.de\/es\/wp-json\/wp\/v2\/users\/7"}],"replies":[{"embeddable":true,"href":"https:\/\/www.rotador.de\/es\/wp-json\/wp\/v2\/comments?post=18826"}],"version-history":[{"count":5,"href":"https:\/\/www.rotador.de\/es\/wp-json\/wp\/v2\/pages\/18826\/revisions"}],"predecessor-version":[{"id":21698,"href":"https:\/\/www.rotador.de\/es\/wp-json\/wp\/v2\/pages\/18826\/revisions\/21698"}],"wp:attachment":[{"href":"https:\/\/www.rotador.de\/es\/wp-json\/wp\/v2\/media?parent=18826"}],"curies":[{"name":"wp","href":"https:\/\/api.w.org\/{rel}","templated":true}]}}