{"id":18840,"date":"2017-11-21T10:09:48","date_gmt":"2017-11-21T10:09:48","guid":{"rendered":"http:\/\/www.bendel.de\/juego-de-soldador-reparacin-plstico-economy\/"},"modified":"2018-07-06T18:13:44","modified_gmt":"2018-07-06T18:13:44","slug":"juego-de-soldador-reparacin-plstico-economy","status":"publish","type":"page","link":"https:\/\/www.rotador.de\/es\/juego-de-soldador-reparacin-plstico-economy\/","title":{"rendered":"Juego de soldador reparaci&oacute;n pl&aacute;stico Economy"},"content":{"rendered":"<p>[et_pb_section bb_built=\u00bb1&#8243; admin_label=\u00bbSection\u00bb fullwidth=\u00bboff\u00bb specialty=\u00bbon\u00bb][et_pb_column type=\u00bb1_2&#8243;][et_pb_text background_layout=\u00bblight\u00bb text_orientation=\u00bbleft\u00bb use_border_color=\u00bboff\u00bb border_color=\u00bb#ffffff\u00bb border_style=\u00bbsolid\u00bb background_position=\u00bbtop_left\u00bb background_repeat=\u00bbrepeat\u00bb background_size=\u00bbinitial\u00bb module_alignment=\u00bbleft\u00bb]<\/p>\n<h2><strong>Juego de soldador reparaci\u00f3n pl\u00e1stico<\/strong><\/h2>\n<h2>Economy<\/h2>\n<p>&nbsp;<\/p>\n<h3>N\u00ba de art.: 877 132<\/h3>\n<p>[\/et_pb_text][et_pb_image src=\u00bbhttps:\/\/www.bendel.de\/wp-content\/uploads\/2017\/01\/877132-Economy-Set.jpg\u00bb show_in_lightbox=\u00bbon\u00bb url_new_window=\u00bboff\u00bb use_overlay=\u00bboff\u00bb sticky=\u00bboff\u00bb align=\u00bbleft\u00bb always_center_on_mobile=\u00bbon\u00bb use_border_color=\u00bboff\u00bb border_color=\u00bb#ffffff\u00bb border_style=\u00bbsolid\u00bb force_fullwidth=\u00bboff\u00bb animation=\u00bbleft\u00bb animation_direction=\u00bbleft\u00bb animation_style=\u00bbslide\u00bb animation_duration=\u00bb500ms\u00bb animation_intensity_slide=\u00bb10%\u00bb show_bottom_space=\u00bbon\u00bb \/][\/et_pb_column][et_pb_column type=\u00bb1_2&#8243; specialty_columns=\u00bb2&#8243;][et_pb_row_inner admin_label=\u00bbRow\u00bb padding_mobile=\u00bboff\u00bb use_custom_gutter=\u00bboff\u00bb column_padding_mobile=\u00bbon\u00bb make_equal=\u00bbon\u00bb parallax_1=\u00bboff\u00bb parallax_method_1=\u00bboff\u00bb parallax_2=\u00bboff\u00bb parallax_method_2=\u00bboff\u00bb][et_pb_column_inner type=\u00bb4_4&#8243; saved_specialty_column_type=\u00bb1_2&#8243;][et_pb_text background_layout=\u00bblight\u00bb border_style=\u00bbsolid\u00bb saved_tabs=\u00bball\u00bb _builder_version=\u00bb3.0.89&#8243; module_alignment=\u00bbleft\u00bb]<\/p>\n<hr class=\"linie100g\" \/>\n<h6>Amplios juegos en maleta: Soldador reparaci\u00f3n pl\u00e1stico, 7 x 50 uni. Grapas, cargador, mordaza<\/h6>\n<h6>\n<table id=\"tablepress-712\" class=\"tablepress tablepress-id-712\">\n<tbody>\n<tr class=\"row-1\">\n\t<td class=\"column-1\">Peso<\/td><td class=\"column-2\">0,3 kg<\/td>\n<\/tr>\n<tr class=\"row-2\">\n\t<td class=\"column-1\">Dimensiones<\/td><td class=\"column-2\">260 x 45 x 65 mm<\/td>\n<\/tr>\n<tr class=\"row-3\">\n\t<td class=\"column-1\">Bater\u00eda<\/td><td class=\"column-2\">Bater\u00eda de iones de litio<\/td>\n<\/tr>\n<tr class=\"row-4\">\n\t<td class=\"column-1\">Cargador<\/td><td class=\"column-2\">5V-2A<\/td>\n<\/tr>\n<tr class=\"row-5\">\n\t<td class=\"column-1\">Capacidad<\/td><td class=\"column-2\">6,6 Ah<\/td>\n<\/tr>\n<tr class=\"row-6\">\n\t<td class=\"column-1\">Tensi\u00f3n<\/td><td class=\"column-2\">3,6 V<\/td>\n<\/tr>\n<\/tbody>\n<\/table>\n<!-- #tablepress-712 from cache --><\/h6>\n<hr class=\"linie100g\" \/>\n<p>[\/et_pb_text][et_pb_text background_layout=\u00bblight\u00bb text_orientation=\u00bbleft\u00bb border_style=\u00bbsolid\u00bb background_position=\u00bbtop_left\u00bb background_repeat=\u00bbrepeat\u00bb background_size=\u00bbinitial\u00bb _builder_version=\u00bb3.0.59&#8243; module_alignment=\u00bbleft\u00bb border_style_all=\u00bbsolid\u00bb]<\/p>\n<p>Para todos los tipos de pl\u00e1stico a partir de un grosor de 1 mm. Tambi\u00e9n utilizable para pl\u00e1sticos una proporci\u00f3n de fibra de vidrio de hasta el 40%. <strong>Con el soldador de reparaci\u00f3n de pl\u00e1stico conseguir\u00e1 una uni\u00f3n el\u00e1stica y duradera a trav\u00e9s de la fusi\u00f3n de grapas de metal.<\/strong> En el \u00e1mbito de suministro hay siete tipo de grapas con diferentes formas, no s\u00f3lo para poder reparar grietas lisas, sino tambi\u00e9n deterioros en diferentes \u00e1ngulos o en caso diferencias de nivel. En el juego de la variante BIG tambi\u00e9n se incluye una plancha de alisado, con la que usted podr\u00e1 calentar y alisar las diferencias de altura en el pl\u00e1stico provocadas por la colocaci\u00f3n de las grapas en zonas visibles. <strong>Gracias el servicio con bater\u00eda se puede aplicar de manera flexible y en cualquier lugar para reparaciones:<\/strong> Parachoques de pl\u00e1stico, soportes de faros, cubiertas, rejillas de radiador y otras piezas de pl\u00e1stico. Las grapas de reparaci\u00f3n se insertan sencillamente en el alojamiento del equipo, se calientan pulsando un bot\u00f3n y se funden con el pl\u00e1stico en el lugar de la reparaci\u00f3n. Las partes sobresalientes de la grapa se alisan posteriormente de manera sencilla con la mordaza suministrada.<\/p>\n<p>[\/et_pb_text][\/et_pb_column_inner][\/et_pb_row_inner][\/et_pb_column][\/et_pb_section][et_pb_section bb_built=\u00bb1&#8243; fullwidth=\u00bboff\u00bb specialty=\u00bboff\u00bb transparent_background=\u00bboff\u00bb background_color=\u00bb#dddddd\u00bb allow_player_pause=\u00bboff\u00bb inner_shadow=\u00bboff\u00bb parallax=\u00bboff\u00bb parallax_method=\u00bbon\u00bb make_fullwidth=\u00bboff\u00bb use_custom_width=\u00bboff\u00bb width_unit=\u00bbon\u00bb make_equal=\u00bboff\u00bb use_custom_gutter=\u00bboff\u00bb custom_padding=\u00bb0px||0px|\u00bb][et_pb_row background_position=\u00bbtop_left\u00bb background_repeat=\u00bbrepeat\u00bb background_size=\u00bbinitial\u00bb][et_pb_column type=\u00bb4_4&#8243;][et_pb_text background_layout=\u00bblight\u00bb text_orientation=\u00bbleft\u00bb use_border_color=\u00bboff\u00bb border_color=\u00bb#ffffff\u00bb border_style=\u00bbsolid\u00bb background_position=\u00bbtop_left\u00bb background_repeat=\u00bbrepeat\u00bb background_size=\u00bbinitial\u00bb module_alignment=\u00bbleft\u00bb]<\/p>\n<h5>OTRAS VISTAS:<\/h5>\n<p>[\/et_pb_text][et_pb_gallery fullwidth=\u00bboff\u00bb posts_number=\u00bb10&#8243; orientation=\u00bblandscape\u00bb show_title_and_caption=\u00bboff\u00bb show_pagination=\u00bbon\u00bb background_layout=\u00bblight\u00bb hover_overlay_color=\u00bbrgba(255,255,255,0.9)\u00bb caption_line_height=\u00bb14px\u00bb title_font_size=\u00bb14&#8243; saved_tabs=\u00bball\u00bb gallery_ids=\u00bb7628,7632,7631,7630,7633&#8243; _builder_version=\u00bb3.0.83&#8243; zoom_icon_color=\u00bb#0f00a7&#8243; pagination_font_size_tablet=\u00bb51&#8243; pagination_line_height_tablet=\u00bb2&#8243; \/][et_pb_divider color=\u00bb#ffffff\u00bb show_divider=\u00bbon\u00bb divider_style=\u00bbsolid\u00bb divider_position=\u00bbcenter\u00bb hide_on_mobile=\u00bbon\u00bb divider_weight=\u00bb3&#8243; disabled_on=\u00bbon|on|off\u00bb \/][\/et_pb_column][\/et_pb_row][\/et_pb_section][et_pb_section bb_built=\u00bb1&#8243; fullwidth=\u00bboff\u00bb specialty=\u00bboff\u00bb transparent_background=\u00bboff\u00bb background_color=\u00bb#dddddd\u00bb allow_player_pause=\u00bboff\u00bb inner_shadow=\u00bboff\u00bb parallax=\u00bboff\u00bb parallax_method=\u00bbon\u00bb make_fullwidth=\u00bboff\u00bb use_custom_width=\u00bboff\u00bb width_unit=\u00bbon\u00bb make_equal=\u00bboff\u00bb use_custom_gutter=\u00bboff\u00bb custom_padding=\u00bb0px||0px|\u00bb][et_pb_row background_position=\u00bbtop_left\u00bb background_repeat=\u00bbrepeat\u00bb background_size=\u00bbinitial\u00bb][et_pb_column type=\u00bb4_4&#8243;][et_pb_text background_layout=\u00bblight\u00bb text_orientation=\u00bbleft\u00bb use_border_color=\u00bboff\u00bb border_color=\u00bb#ffffff\u00bb border_style=\u00bbsolid\u00bb background_position=\u00bbtop_left\u00bb background_repeat=\u00bbrepeat\u00bb background_size=\u00bbinitial\u00bb module_alignment=\u00bbleft\u00bb]<\/p>\n<h5>APLICACIONES:<\/h5>\n<p>[\/et_pb_text][et_pb_gallery gallery_ids=\u00bb7948,7949,7950,7951,7952,7953,7954,7965&#8243; fullwidth=\u00bboff\u00bb orientation=\u00bblandscape\u00bb show_title_and_caption=\u00bboff\u00bb show_pagination=\u00bbon\u00bb background_layout=\u00bblight\u00bb hover_overlay_color=\u00bbrgba(255,255,255,0.9)\u00bb caption_line_height=\u00bb14px\u00bb title_font_size=\u00bb14&#8243; posts_number=\u00bb8&#8243; background_position=\u00bbtop_left\u00bb background_repeat=\u00bbrepeat\u00bb background_size=\u00bbinitial\u00bb _builder_version=\u00bb3.0.83&#8243; zoom_icon_color=\u00bb#0f00a7&#8243; pagination_font_size_tablet=\u00bb51&#8243; pagination_line_height_tablet=\u00bb2&#8243; \/][et_pb_divider color=\u00bb#ffffff\u00bb show_divider=\u00bbon\u00bb divider_style=\u00bbsolid\u00bb divider_position=\u00bbcenter\u00bb hide_on_mobile=\u00bbon\u00bb divider_weight=\u00bb3&#8243; disabled_on=\u00bbon|on|off\u00bb \/][\/et_pb_column][\/et_pb_row][\/et_pb_section]<\/p>\n","protected":false},"excerpt":{"rendered":"<p>Juego de soldador reparaci\u00f3n pl\u00e1stico Economy &nbsp; N\u00ba de art.: 877 132 Amplios juegos en maleta: Soldador reparaci\u00f3n pl\u00e1stico, 7 x 50 uni. Grapas, cargador, mordaza \n<table id=\"tablepress-712-no-2\" class=\"tablepress tablepress-id-712\">\n<tbody>\n<tr class=\"row-1\">\n\t<td class=\"column-1\">Peso<\/td><td class=\"column-2\">0,3 kg<\/td>\n<\/tr>\n<tr class=\"row-2\">\n\t<td class=\"column-1\">Dimensiones<\/td><td class=\"column-2\">260 x 45 x 65 mm<\/td>\n<\/tr>\n<tr class=\"row-3\">\n\t<td class=\"column-1\">Bater\u00eda<\/td><td class=\"column-2\">Bater\u00eda de iones de litio<\/td>\n<\/tr>\n<tr class=\"row-4\">\n\t<td class=\"column-1\">Cargador<\/td><td class=\"column-2\">5V-2A<\/td>\n<\/tr>\n<tr class=\"row-5\">\n\t<td class=\"column-1\">Capacidad<\/td><td class=\"column-2\">6,6 Ah<\/td>\n<\/tr>\n<tr class=\"row-6\">\n\t<td class=\"column-1\">Tensi\u00f3n<\/td><td class=\"column-2\">3,6 V<\/td>\n<\/tr>\n<\/tbody>\n<\/table>\n<!-- #tablepress-712-no-2 from cache --> Para todos los tipos de pl\u00e1stico a partir de un grosor de 1 mm. Tambi\u00e9n utilizable para pl\u00e1sticos una proporci\u00f3n de fibra de vidrio de hasta [&hellip;]<\/p>\n","protected":false},"author":7,"featured_media":0,"parent":0,"menu_order":506,"comment_status":"closed","ping_status":"closed","template":"","meta":{"_et_pb_use_builder":"on","_et_pb_old_content":"","_et_gb_content_width":"","footnotes":""},"class_list":["post-18840","page","type-page","status-publish","hentry"],"_links":{"self":[{"href":"https:\/\/www.rotador.de\/es\/wp-json\/wp\/v2\/pages\/18840","targetHints":{"allow":["GET"]}}],"collection":[{"href":"https:\/\/www.rotador.de\/es\/wp-json\/wp\/v2\/pages"}],"about":[{"href":"https:\/\/www.rotador.de\/es\/wp-json\/wp\/v2\/types\/page"}],"author":[{"embeddable":true,"href":"https:\/\/www.rotador.de\/es\/wp-json\/wp\/v2\/users\/7"}],"replies":[{"embeddable":true,"href":"https:\/\/www.rotador.de\/es\/wp-json\/wp\/v2\/comments?post=18840"}],"version-history":[{"count":6,"href":"https:\/\/www.rotador.de\/es\/wp-json\/wp\/v2\/pages\/18840\/revisions"}],"predecessor-version":[{"id":21806,"href":"https:\/\/www.rotador.de\/es\/wp-json\/wp\/v2\/pages\/18840\/revisions\/21806"}],"wp:attachment":[{"href":"https:\/\/www.rotador.de\/es\/wp-json\/wp\/v2\/media?parent=18840"}],"curies":[{"name":"wp","href":"https:\/\/api.w.org\/{rel}","templated":true}]}}