{"id":18930,"date":"2017-11-21T10:09:55","date_gmt":"2017-11-21T10:09:55","guid":{"rendered":"http:\/\/www.bendel.de\/hsco-ticn-para-brocas-de-punta-de-clavo-8x10x46-mm\/"},"modified":"2018-07-06T18:14:03","modified_gmt":"2018-07-06T18:14:03","slug":"hsco-ticn-para-brocas-de-punta-de-clavo-8x10x46-mm","status":"publish","type":"page","link":"https:\/\/www.rotador.de\/es\/hsco-ticn-para-brocas-de-punta-de-clavo-8x10x46-mm\/","title":{"rendered":"HSCo-TICN para brocas de punta de clavo 8x10x46 mm"},"content":{"rendered":"<p>[et_pb_section bb_built=\u00bb1&#8243; fullwidth=\u00bbon\u00bb specialty=\u00bboff\u00bb][et_pb_fullwidth_menu menu_id=\u00bb85&#8243; background_color=\u00bb#0f00a7&#8243; background_layout=\u00bbdark\u00bb text_orientation=\u00bbcenter\u00bb submenu_direction=\u00bbdownwards\u00bb fullwidth_menu=\u00bbon\u00bb dropdown_menu_bg_color=\u00bbrgba(0,17,73,0.68)\u00bb dropdown_menu_animation=\u00bbfade\u00bb menu_font=\u00bbSource Sans Pro|on||on|\u00bb menu_font_size=\u00bb16px\u00bb saved_tabs=\u00bball\u00bb \/][\/et_pb_section][et_pb_section bb_built=\u00bb1&#8243; admin_label=\u00bbSection\u00bb fullwidth=\u00bboff\u00bb specialty=\u00bbon\u00bb][et_pb_column type=\u00bb1_2&#8243;][et_pb_text background_layout=\u00bblight\u00bb text_orientation=\u00bbleft\u00bb border_style=\u00bbsolid\u00bb background_position=\u00bbtop_left\u00bb background_repeat=\u00bbrepeat\u00bb background_size=\u00bbinitial\u00bb _builder_version=\u00bb3.0.56&#8243; module_alignment=\u00bbleft\u00bb]<\/p>\n<h2><strong>Broca para puntos de soldadura para broca de punta de clavo<\/strong><\/h2>\n<h2>HSCo TICN 8x10x46 mm<\/h2>\n<p>&nbsp;<\/p>\n<h3>N\u00ba de art.: 404 810<\/h3>\n<p>[\/et_pb_text][et_pb_image src=\u00bbhttps:\/\/www.bendel.de\/wp-content\/uploads\/2017\/04\/TICNSpitz8x10x46.jpg\u00bb alt=\u00bbBrocas para puntos de soldadura HSCo\u00bb title_text=\u00bbBrocas para puntos de soldadura HSCo\u00bb show_in_lightbox=\u00bbon\u00bb url_new_window=\u00bboff\u00bb use_overlay=\u00bboff\u00bb animation=\u00bboff\u00bb sticky=\u00bboff\u00bb align=\u00bbleft\u00bb force_fullwidth=\u00bboff\u00bb always_center_on_mobile=\u00bbon\u00bb use_border_color=\u00bboff\u00bb border_color=\u00bb#ffffff\u00bb border_style=\u00bbsolid\u00bb \/][\/et_pb_column][et_pb_column type=\u00bb1_2&#8243; specialty_columns=\u00bb2&#8243;][et_pb_row_inner admin_label=\u00bbRow\u00bb padding_mobile=\u00bboff\u00bb use_custom_gutter=\u00bboff\u00bb column_padding_mobile=\u00bbon\u00bb make_equal=\u00bbon\u00bb parallax_1=\u00bboff\u00bb parallax_method_1=\u00bboff\u00bb parallax_2=\u00bboff\u00bb parallax_method_2=\u00bboff\u00bb][et_pb_column_inner type=\u00bb4_4&#8243; saved_specialty_column_type=\u00bb1_2&#8243;][et_pb_text background_layout=\u00bblight\u00bb text_orientation=\u00bbleft\u00bb use_border_color=\u00bboff\u00bb border_color=\u00bb#ffffff\u00bb border_style=\u00bbsolid\u00bb background_position=\u00bbtop_left\u00bb background_repeat=\u00bbrepeat\u00bb background_size=\u00bbinitial\u00bb module_alignment=\u00bbleft\u00bb]<\/p>\n<hr class=\"linie100g\" \/>\n<p><strong>Broca de puntos de soldadura especialmente desarrollada para la punta de clavo D-5120 con di\u00e1metro de reducido para puntos de soldadura peque\u00f1os.<\/strong> La aleaci\u00f3n de cobalto de muy alta calidad garantiza, junto con el recubrimiento TICN, una resistencia extrema, una excelente resistencia t\u00e9rmica y aumenta la seguridad de rotura. La secci\u00f3n afilada de precisi\u00f3n aumenta el tiempo de aplicaci\u00f3n. La secci\u00f3n afilada con fase y la longitud total de 46 mm est\u00e1n hechas a medida para el Drill de punta de clavo y proporcionan un <strong>resultado de taladrado \u00f3ptimo incluso en los materiales m\u00e1s resistentes.<\/strong><\/p>\n<h5><strong>Made in Germany<\/strong><\/h5>\n<hr class=\"linie100g\" \/>\n<p>[\/et_pb_text][\/et_pb_column_inner][\/et_pb_row_inner][\/et_pb_column][\/et_pb_section][et_pb_section bb_built=\u00bb1&#8243; fullwidth=\u00bboff\u00bb specialty=\u00bboff\u00bb transparent_background=\u00bboff\u00bb background_color=\u00bb#dddddd\u00bb allow_player_pause=\u00bboff\u00bb inner_shadow=\u00bboff\u00bb parallax=\u00bboff\u00bb parallax_method=\u00bbon\u00bb make_fullwidth=\u00bboff\u00bb use_custom_width=\u00bboff\u00bb width_unit=\u00bbon\u00bb make_equal=\u00bboff\u00bb use_custom_gutter=\u00bboff\u00bb custom_padding=\u00bb0px||0px|\u00bb][et_pb_row background_position=\u00bbtop_left\u00bb background_repeat=\u00bbrepeat\u00bb background_size=\u00bbinitial\u00bb][et_pb_column type=\u00bb4_4&#8243;][et_pb_text background_layout=\u00bblight\u00bb text_orientation=\u00bbleft\u00bb use_border_color=\u00bboff\u00bb border_color=\u00bb#ffffff\u00bb border_style=\u00bbsolid\u00bb background_position=\u00bbtop_left\u00bb background_repeat=\u00bbrepeat\u00bb background_size=\u00bbinitial\u00bb module_alignment=\u00bbleft\u00bb]<\/p>\n<h5>OTRAS VISTAS:<\/h5>\n<p>[\/et_pb_text][et_pb_gallery fullwidth=\u00bboff\u00bb posts_number=\u00bb10&#8243; orientation=\u00bblandscape\u00bb show_title_and_caption=\u00bboff\u00bb show_pagination=\u00bbon\u00bb background_layout=\u00bblight\u00bb hover_overlay_color=\u00bbrgba(255,255,255,0.9)\u00bb caption_line_height=\u00bb14px\u00bb title_font_size=\u00bb14&#8243; saved_tabs=\u00bball\u00bb gallery_ids=\u00bb6884,6885,6886&#8243; _builder_version=\u00bb3.0.83&#8243; zoom_icon_color=\u00bb#0f00a7&#8243; pagination_font_size_tablet=\u00bb51&#8243; pagination_line_height_tablet=\u00bb2&#8243; \/][et_pb_divider color=\u00bb#ffffff\u00bb show_divider=\u00bbon\u00bb divider_style=\u00bbsolid\u00bb divider_position=\u00bbcenter\u00bb hide_on_mobile=\u00bbon\u00bb divider_weight=\u00bb3&#8243; disabled_on=\u00bbon|on|off\u00bb \/][\/et_pb_column][\/et_pb_row][\/et_pb_section]<\/p>\n","protected":false},"excerpt":{"rendered":"<p>Broca para puntos de soldadura para broca de punta de clavo HSCo TICN 8x10x46 mm &nbsp; N\u00ba de art.: 404 810 Broca de puntos de soldadura especialmente desarrollada para la punta de clavo D-5120 con di\u00e1metro de reducido para puntos de soldadura peque\u00f1os. La aleaci\u00f3n de cobalto de muy alta calidad garantiza, junto con el [&hellip;]<\/p>\n","protected":false},"author":7,"featured_media":0,"parent":0,"menu_order":677,"comment_status":"closed","ping_status":"closed","template":"","meta":{"_et_pb_use_builder":"on","_et_pb_old_content":"","_et_gb_content_width":"","footnotes":""},"class_list":["post-18930","page","type-page","status-publish","hentry"],"_links":{"self":[{"href":"https:\/\/www.rotador.de\/es\/wp-json\/wp\/v2\/pages\/18930","targetHints":{"allow":["GET"]}}],"collection":[{"href":"https:\/\/www.rotador.de\/es\/wp-json\/wp\/v2\/pages"}],"about":[{"href":"https:\/\/www.rotador.de\/es\/wp-json\/wp\/v2\/types\/page"}],"author":[{"embeddable":true,"href":"https:\/\/www.rotador.de\/es\/wp-json\/wp\/v2\/users\/7"}],"replies":[{"embeddable":true,"href":"https:\/\/www.rotador.de\/es\/wp-json\/wp\/v2\/comments?post=18930"}],"version-history":[{"count":4,"href":"https:\/\/www.rotador.de\/es\/wp-json\/wp\/v2\/pages\/18930\/revisions"}],"predecessor-version":[{"id":21850,"href":"https:\/\/www.rotador.de\/es\/wp-json\/wp\/v2\/pages\/18930\/revisions\/21850"}],"wp:attachment":[{"href":"https:\/\/www.rotador.de\/es\/wp-json\/wp\/v2\/media?parent=18930"}],"curies":[{"name":"wp","href":"https:\/\/api.w.org\/{rel}","templated":true}]}}