{"id":18936,"date":"2017-11-21T10:09:56","date_gmt":"2017-11-21T10:09:56","guid":{"rendered":"http:\/\/www.bendel.de\/mordazas-remachadoras-en-maleta-de-plstico-2\/"},"modified":"2018-07-06T18:13:39","modified_gmt":"2018-07-06T18:13:39","slug":"mordazas-remachadoras-en-maleta-de-plstico-2","status":"publish","type":"page","link":"https:\/\/www.rotador.de\/es\/mordazas-remachadoras-en-maleta-de-plstico-2\/","title":{"rendered":"Mordaza remachadora en maleta de pl\u00e1stico"},"content":{"rendered":"<p>[et_pb_section bb_built=\u00bb1&#8243; admin_label=\u00bbSection\u00bb fullwidth=\u00bboff\u00bb specialty=\u00bbon\u00bb][et_pb_column type=\u00bb1_2&#8243;][et_pb_text background_layout=\u00bblight\u00bb use_border_color=\u00bboff\u00bb border_color=\u00bb#ffffff\u00bb border_style=\u00bbsolid\u00bb background_position=\u00bbtop_left\u00bb background_repeat=\u00bbrepeat\u00bb background_size=\u00bbinitial\u00bb _builder_version=\u00bb3.0.89&#8243;]<\/p>\n<h2>Mordaza remachadora en maleta de pl\u00e1stico<\/h2>\n<p>&nbsp;<\/p>\n<h3>N\u00ba DE ART.: 810 090<\/h3>\n<p>[\/et_pb_text][et_pb_image src=\u00bbhttps:\/\/www.bendel.de\/wp-content\/uploads\/2017\/05\/810090-Nietzange-1.jpg\u00bb show_in_lightbox=\u00bbon\u00bb url_new_window=\u00bboff\u00bb use_overlay=\u00bboff\u00bb sticky=\u00bboff\u00bb align=\u00bbleft\u00bb always_center_on_mobile=\u00bbon\u00bb use_border_color=\u00bboff\u00bb border_color=\u00bb#ffffff\u00bb border_style=\u00bbsolid\u00bb force_fullwidth=\u00bboff\u00bb animation=\u00bbleft\u00bb animation_direction=\u00bbleft\u00bb show_bottom_space=\u00bbon\u00bb animation_style=\u00bbslide\u00bb animation_duration=\u00bb500ms\u00bb animation_intensity_slide=\u00bb10%\u00bb \/][\/et_pb_column][et_pb_column type=\u00bb1_2&#8243; specialty_columns=\u00bb2&#8243;][et_pb_row_inner admin_label=\u00bbRow\u00bb padding_mobile=\u00bboff\u00bb use_custom_gutter=\u00bboff\u00bb column_padding_mobile=\u00bbon\u00bb make_equal=\u00bbon\u00bb parallax_1=\u00bboff\u00bb parallax_method_1=\u00bboff\u00bb parallax_2=\u00bboff\u00bb parallax_method_2=\u00bboff\u00bb][et_pb_column_inner type=\u00bb4_4&#8243; saved_specialty_column_type=\u00bb1_2&#8243;][et_pb_text background_layout=\u00bblight\u00bb text_orientation=\u00bbleft\u00bb use_border_color=\u00bboff\u00bb border_color=\u00bb#ffffff\u00bb border_style=\u00bbsolid\u00bb saved_tabs=\u00bball\u00bb module_alignment=\u00bbleft\u00bb border_color_all=\u00bb#ffffff\u00bb border_style_all=\u00bbsolid\u00bb]<\/p>\n<hr class=\"linie100g\" \/>\n<h6>incl. remaches de pl\u00e1stico: 5,0 mm, 6,3 mm<\/h6>\n<hr class=\"linie100g\" \/>\n<p>[\/et_pb_text][et_pb_text background_layout=\u00bblight\u00bb text_orientation=\u00bbleft\u00bb use_border_color=\u00bboff\u00bb border_color=\u00bb#ffffff\u00bb border_style=\u00bbsolid\u00bb background_position=\u00bbtop_left\u00bb background_repeat=\u00bbrepeat\u00bb background_size=\u00bbinitial\u00bb module_alignment=\u00bbleft\u00bb border_color_all=\u00bb#ffffff\u00bb border_style_all=\u00bbsolid\u00bb]<\/p>\n<p><strong>Mordaza remachadora con dos embocaduras, para la fijaci\u00f3n de remaches de pl\u00e1stico de los tama\u00f1os 5,0 mm y 6,3 mm.<\/strong> Para todas las reparaciones en piezas remachadas pl\u00e1sticas, como p. ej. parachoques, recubrimientos de pasos de rueda (BMW), etc. El cabezal de remachado girado en 90\u00b0 y la forma constructiva estrecha de esta mordaza remachadora hacen posible la colocaci\u00f3n de remaches especialmente en zonas angostas y de dif\u00edcil acceso. De este modo se puede remachar p. ej. c\u00f3modamente en pasos de rueda \u2013 especialmente en algunos modelos de BMW, sin tener que desmontar previamente las ruedas. <strong>Las cubiertas de los pasos de rueda atornilladas y oxidadas se puede sustituir r\u00e1pida y c\u00f3modamente por remaches de pl\u00e1stico.<\/strong><\/p>\n<p>[\/et_pb_text][\/et_pb_column_inner][\/et_pb_row_inner][\/et_pb_column][\/et_pb_section][et_pb_section bb_built=\u00bb1&#8243; fullwidth=\u00bboff\u00bb specialty=\u00bboff\u00bb transparent_background=\u00bboff\u00bb background_color=\u00bb#dddddd\u00bb allow_player_pause=\u00bboff\u00bb inner_shadow=\u00bboff\u00bb parallax=\u00bboff\u00bb parallax_method=\u00bbon\u00bb make_fullwidth=\u00bboff\u00bb use_custom_width=\u00bboff\u00bb width_unit=\u00bbon\u00bb make_equal=\u00bboff\u00bb use_custom_gutter=\u00bboff\u00bb custom_padding=\u00bb0px||0px|\u00bb][et_pb_row background_position=\u00bbtop_left\u00bb background_repeat=\u00bbrepeat\u00bb background_size=\u00bbinitial\u00bb][et_pb_column type=\u00bb4_4&#8243;][et_pb_text background_layout=\u00bblight\u00bb text_orientation=\u00bbleft\u00bb use_border_color=\u00bboff\u00bb border_color=\u00bb#ffffff\u00bb border_style=\u00bbsolid\u00bb background_position=\u00bbtop_left\u00bb background_repeat=\u00bbrepeat\u00bb background_size=\u00bbinitial\u00bb]<\/p>\n<h5>WEITERE ANSICHTEN:<\/h5>\n<p>[\/et_pb_text][et_pb_gallery fullwidth=\u00bboff\u00bb posts_number=\u00bb16&#8243; orientation=\u00bblandscape\u00bb show_title_and_caption=\u00bbon\u00bb show_pagination=\u00bbon\u00bb background_layout=\u00bblight\u00bb auto=\u00bboff\u00bb hover_overlay_color=\u00bbrgba(255,255,255,0.9)\u00bb caption_line_height=\u00bb14px\u00bb title_font_size=\u00bb14&#8243; border_style=\u00bbsolid\u00bb saved_tabs=\u00bball\u00bb gallery_ids=\u00bb8070,7798,7799,7788,7796,7786,7797,7787,7791&#8243; _builder_version=\u00bb3.0.55&#8243; zoom_icon_color=\u00bb#0f00a7&#8243; \/][et_pb_divider color=\u00bb#ffffff\u00bb show_divider=\u00bbon\u00bb divider_style=\u00bbsolid\u00bb divider_position=\u00bbcenter\u00bb hide_on_mobile=\u00bbon\u00bb divider_weight=\u00bb3&#8243; disabled_on=\u00bbon|on|off\u00bb \/][\/et_pb_column][\/et_pb_row][\/et_pb_section]<\/p>\n","protected":false},"excerpt":{"rendered":"<p>Mordaza remachadora en maleta de pl\u00e1stico &nbsp; N\u00ba DE ART.: 810 090 incl. remaches de pl\u00e1stico: 5,0 mm, 6,3 mm Mordaza remachadora con dos embocaduras, para la fijaci\u00f3n de remaches de pl\u00e1stico de los tama\u00f1os 5,0 mm y 6,3 mm. Para todas las reparaciones en piezas remachadas pl\u00e1sticas, como p. ej. parachoques, recubrimientos de pasos [&hellip;]<\/p>\n","protected":false},"author":7,"featured_media":0,"parent":0,"menu_order":469,"comment_status":"closed","ping_status":"closed","template":"","meta":{"_et_pb_use_builder":"on","_et_pb_old_content":"","_et_gb_content_width":"","footnotes":""},"class_list":["post-18936","page","type-page","status-publish","hentry"],"_links":{"self":[{"href":"https:\/\/www.rotador.de\/es\/wp-json\/wp\/v2\/pages\/18936","targetHints":{"allow":["GET"]}}],"collection":[{"href":"https:\/\/www.rotador.de\/es\/wp-json\/wp\/v2\/pages"}],"about":[{"href":"https:\/\/www.rotador.de\/es\/wp-json\/wp\/v2\/types\/page"}],"author":[{"embeddable":true,"href":"https:\/\/www.rotador.de\/es\/wp-json\/wp\/v2\/users\/7"}],"replies":[{"embeddable":true,"href":"https:\/\/www.rotador.de\/es\/wp-json\/wp\/v2\/comments?post=18936"}],"version-history":[{"count":8,"href":"https:\/\/www.rotador.de\/es\/wp-json\/wp\/v2\/pages\/18936\/revisions"}],"predecessor-version":[{"id":21782,"href":"https:\/\/www.rotador.de\/es\/wp-json\/wp\/v2\/pages\/18936\/revisions\/21782"}],"wp:attachment":[{"href":"https:\/\/www.rotador.de\/es\/wp-json\/wp\/v2\/media?parent=18936"}],"curies":[{"name":"wp","href":"https:\/\/api.w.org\/{rel}","templated":true}]}}