{"id":24998,"date":"2025-01-10T11:44:57","date_gmt":"2025-01-10T11:44:57","guid":{"rendered":"https:\/\/www.rotador.de\/?page_id=24998"},"modified":"2025-01-10T11:45:01","modified_gmt":"2025-01-10T11:45:01","slug":"rotador-vac","status":"publish","type":"page","link":"https:\/\/www.rotador.de\/es\/rotador-vac\/","title":{"rendered":"Rotador\u00ae Vac"},"content":{"rendered":"<p>[et_pb_section fb_built=\u00bb1&#8243; specialty=\u00bbon\u00bb background_repeat_1=\u00bbno-repeat\u00bb background_repeat_2=\u00bbno-repeat\u00bb background_position_1=\u00bbtop_left\u00bb background_position_2=\u00bbtop_left\u00bb admin_label=\u00bbSection\u00bb _builder_version=\u00bb4.16&#8243; global_colors_info=\u00bb{}\u00bb theme_builder_area=\u00bbpost_content\u00bb][et_pb_column type=\u00bb1_2&#8243; _builder_version=\u00bb4.16&#8243; custom_padding=\u00bb|||\u00bb global_colors_info=\u00bb{}\u00bb custom_padding__hover=\u00bb|||\u00bb theme_builder_area=\u00bbpost_content\u00bb][et_pb_text _builder_version=\u00bb4.27.4&#8243; background_size=\u00bbinitial\u00bb background_position=\u00bbtop_left\u00bb background_repeat=\u00bbrepeat\u00bb module_alignment=\u00bbleft\u00bb hover_enabled=\u00bb0&#8243; border_style=\u00bbsolid\u00bb global_colors_info=\u00bb{}\u00bb theme_builder_area=\u00bbpost_content\u00bb sticky_enabled=\u00bb0&#8243;]<\/p>\n<h2><strong>Rotador\u00ae Vac<\/strong><\/h2>\n<h2>Aspiradora h\u00fameda y seca<\/h2>\n<p>&nbsp;<\/p>\n<h3>N\u00ba de art.: 601 615<\/h3>\n<p>[\/et_pb_text][et_pb_image src=\u00bbhttps:\/\/www.rotador.de\/wp-content\/uploads\/2025\/01\/Bendel-Rotador.png\u00bb title_text=\u00bbBendel-Rotador\u00bb show_in_lightbox=\u00bbon\u00bb align_tablet=\u00bbcenter\u00bb align_phone=\u00bb\u00bb align_last_edited=\u00bbon|desktop\u00bb _builder_version=\u00bb4.27.4&#8243; animation_style=\u00bbslide\u00bb animation_direction=\u00bbleft\u00bb animation_duration=\u00bb500ms\u00bb animation_intensity_slide=\u00bb10%\u00bb global_colors_info=\u00bb{}\u00bb theme_builder_area=\u00bbpost_content\u00bb][\/et_pb_image][\/et_pb_column][et_pb_column type=\u00bb1_2&#8243; specialty_columns=\u00bb2&#8243; _builder_version=\u00bb4.16&#8243; custom_padding=\u00bb|||\u00bb global_colors_info=\u00bb{}\u00bb custom_padding__hover=\u00bb|||\u00bb theme_builder_area=\u00bbpost_content\u00bb][et_pb_row_inner admin_label=\u00bbZeile\u00bb _builder_version=\u00bb4.16&#8243; global_colors_info=\u00bb{}\u00bb theme_builder_area=\u00bbpost_content\u00bb][et_pb_column_inner saved_specialty_column_type=\u00bb1_2&#8243; _builder_version=\u00bb4.16&#8243; custom_padding=\u00bb|||\u00bb global_colors_info=\u00bb{}\u00bb custom_padding__hover=\u00bb|||\u00bb theme_builder_area=\u00bbpost_content\u00bb][et_pb_text _builder_version=\u00bb4.27.4&#8243; background_size=\u00bbinitial\u00bb background_position=\u00bbtop_left\u00bb background_repeat=\u00bbrepeat\u00bb module_alignment=\u00bbleft\u00bb hover_enabled=\u00bb0&#8243; border_style=\u00bbsolid\u00bb global_colors_info=\u00bb{}\u00bb theme_builder_area=\u00bbpost_content\u00bb sticky_enabled=\u00bb0&#8243;]<\/p>\n<hr class=\"linie100g\" \/>\n<ul>\n<li>Accesorios incluidos<\/li>\n<li>Ruedas giratorias y de transporte<\/li>\n<li>220-240V, 50\/60 Hz, 1.200W<\/li>\n<li>Funci\u00f3n de soplado<\/li>\n<li>Dep\u00f3sito pr\u00e1ctico de 30 litros y cable de alimentaci\u00f3n de 7,5 metros<\/li>\n<\/ul>\n<hr class=\"linie100g\" \/>\n<p>Aspiradora h\u00fameda y seca manejable y f\u00e1cil de mover, con un dep\u00f3sito de acero inoxidable de 30 litros.<br \/>Perfecta como complemento para la limpieza de veh\u00edculos.<br \/>Equipada con un cable de alimentaci\u00f3n de 7,5 metros y una manguera de aspiraci\u00f3n de 3 metros con un di\u00e1metro de 32 mm.<\/p>\n<p><strong>&#8211; Solo para uso profesional en la limpieza de veh\u00edculos &#8211;<\/strong><\/p>\n<p>[\/et_pb_text][\/et_pb_column_inner][\/et_pb_row_inner][\/et_pb_column][\/et_pb_section][et_pb_section fb_built=\u00bb1&#8243; _builder_version=\u00bb4.16&#8243; background_color=\u00bb#dddddd\u00bb custom_padding=\u00bb0px||0px|\u00bb transparent_background=\u00bboff\u00bb make_fullwidth=\u00bboff\u00bb use_custom_width=\u00bboff\u00bb width_unit=\u00bbon\u00bb global_colors_info=\u00bb{}\u00bb theme_builder_area=\u00bbpost_content\u00bb][et_pb_row _builder_version=\u00bb4.16&#8243; background_size=\u00bbinitial\u00bb background_position=\u00bbtop_left\u00bb background_repeat=\u00bbrepeat\u00bb global_colors_info=\u00bb{}\u00bb theme_builder_area=\u00bbpost_content\u00bb][et_pb_column type=\u00bb4_4&#8243; _builder_version=\u00bb4.16&#8243; custom_padding=\u00bb|||\u00bb global_colors_info=\u00bb{}\u00bb custom_padding__hover=\u00bb|||\u00bb theme_builder_area=\u00bbpost_content\u00bb][et_pb_text _builder_version=\u00bb4.27.4&#8243; background_size=\u00bbinitial\u00bb background_position=\u00bbtop_left\u00bb background_repeat=\u00bbrepeat\u00bb module_alignment=\u00bbleft\u00bb hover_enabled=\u00bb0&#8243; use_border_color=\u00bboff\u00bb border_color=\u00bb#ffffff\u00bb border_style=\u00bbsolid\u00bb global_colors_info=\u00bb{}\u00bb theme_builder_area=\u00bbpost_content\u00bb sticky_enabled=\u00bb0&#8243;]<\/p>\n<h5><strong>Accesorios completos incluidos:<\/strong><\/h5>\n<p>[\/et_pb_text][et_pb_gallery gallery_ids=\u00bb25021,25025,25029,25033,25037,25041,25045,25049,25053,25057&#8243; posts_number=\u00bb12&#8243; show_title_and_caption=\u00bboff\u00bb zoom_icon_color=\u00bb#0f00a7&#8243; _builder_version=\u00bb4.27.4&#8243; title_font_size=\u00bb14px\u00bb caption_line_height=\u00bb14px\u00bb pagination_font_size_tablet=\u00bb51&#8243; pagination_line_height_tablet=\u00bb2&#8243; z_index_tablet=\u00bb500&#8243; title_text_shadow_horizontal_length_tablet=\u00bb0px\u00bb title_text_shadow_vertical_length_tablet=\u00bb0px\u00bb title_text_shadow_blur_strength_tablet=\u00bb1px\u00bb caption_text_shadow_horizontal_length_tablet=\u00bb0px\u00bb caption_text_shadow_vertical_length_tablet=\u00bb0px\u00bb caption_text_shadow_blur_strength_tablet=\u00bb1px\u00bb pagination_text_shadow_horizontal_length_tablet=\u00bb0px\u00bb pagination_text_shadow_vertical_length_tablet=\u00bb0px\u00bb pagination_text_shadow_blur_strength_tablet=\u00bb1px\u00bb box_shadow_horizontal_tablet=\u00bb0px\u00bb box_shadow_vertical_tablet=\u00bb0px\u00bb box_shadow_blur_tablet=\u00bb40px\u00bb box_shadow_spread_tablet=\u00bb0px\u00bb box_shadow_horizontal_image_tablet=\u00bb0px\u00bb box_shadow_vertical_image_tablet=\u00bb0px\u00bb box_shadow_blur_image_tablet=\u00bb40px\u00bb box_shadow_spread_image_tablet=\u00bb0px\u00bb text_shadow_horizontal_length_tablet=\u00bb0px\u00bb text_shadow_vertical_length_tablet=\u00bb0px\u00bb text_shadow_blur_strength_tablet=\u00bb1px\u00bb saved_tabs=\u00bball\u00bb global_colors_info=\u00bb{}\u00bb theme_builder_area=\u00bbpost_content\u00bb][\/et_pb_gallery][\/et_pb_column][\/et_pb_row][\/et_pb_section]<\/p>\n","protected":false},"excerpt":{"rendered":"<p>Rotador\u00ae Vac Aspiradora h\u00fameda y seca &nbsp; N\u00ba de art.: 601 615 Accesorios incluidos Ruedas giratorias y de transporte 220-240V, 50\/60 Hz, 1.200W Funci\u00f3n de soplado Dep\u00f3sito pr\u00e1ctico de 30 litros y cable de alimentaci\u00f3n de 7,5 metros Aspiradora h\u00fameda y seca manejable y f\u00e1cil de mover, con un dep\u00f3sito de acero inoxidable de 30 [&hellip;]<\/p>\n","protected":false},"author":10,"featured_media":0,"parent":0,"menu_order":1014,"comment_status":"closed","ping_status":"closed","template":"","meta":{"_et_pb_use_builder":"on","_et_pb_old_content":"","_et_gb_content_width":"","footnotes":""},"class_list":["post-24998","page","type-page","status-publish","hentry"],"_links":{"self":[{"href":"https:\/\/www.rotador.de\/es\/wp-json\/wp\/v2\/pages\/24998","targetHints":{"allow":["GET"]}}],"collection":[{"href":"https:\/\/www.rotador.de\/es\/wp-json\/wp\/v2\/pages"}],"about":[{"href":"https:\/\/www.rotador.de\/es\/wp-json\/wp\/v2\/types\/page"}],"author":[{"embeddable":true,"href":"https:\/\/www.rotador.de\/es\/wp-json\/wp\/v2\/users\/10"}],"replies":[{"embeddable":true,"href":"https:\/\/www.rotador.de\/es\/wp-json\/wp\/v2\/comments?post=24998"}],"version-history":[{"count":5,"href":"https:\/\/www.rotador.de\/es\/wp-json\/wp\/v2\/pages\/24998\/revisions"}],"predecessor-version":[{"id":25085,"href":"https:\/\/www.rotador.de\/es\/wp-json\/wp\/v2\/pages\/24998\/revisions\/25085"}],"wp:attachment":[{"href":"https:\/\/www.rotador.de\/es\/wp-json\/wp\/v2\/media?parent=24998"}],"curies":[{"name":"wp","href":"https:\/\/api.w.org\/{rel}","templated":true}]}}