{"id":19169,"date":"2017-11-21T10:28:33","date_gmt":"2017-11-21T10:28:33","guid":{"rendered":"http:\/\/www.bendel.de\/tornador-ph-21\/"},"modified":"2018-07-06T18:14:35","modified_gmt":"2018-07-06T18:14:35","slug":"tornador-ph-21","status":"publish","type":"page","link":"https:\/\/www.rotador.de\/fr\/tornador-ph-21\/","title":{"rendered":"Tornador\u00ae PH-21"},"content":{"rendered":"<p>[et_pb_section bb_built=\u00a0\u00bb1&Prime; admin_label=\u00a0\u00bbSection\u00a0\u00bb fullwidth=\u00a0\u00bboff\u00a0\u00bb specialty=\u00a0\u00bbon\u00a0\u00bb _builder_version=\u00a0\u00bb3.0.51&Prime; background_position_1=\u00a0\u00bbtop_left\u00a0\u00bb background_repeat_1=\u00a0\u00bbno-repeat\u00a0\u00bb background_position_2=\u00a0\u00bbtop_left\u00a0\u00bb background_repeat_2=\u00a0\u00bbno-repeat\u00a0\u00bb][et_pb_column type=\u00a0\u00bb1_2&Prime;][et_pb_text background_layout=\u00a0\u00bblight\u00a0\u00bb text_orientation=\u00a0\u00bbleft\u00a0\u00bb border_style=\u00a0\u00bbsolid\u00a0\u00bb background_position=\u00a0\u00bbtop_left\u00a0\u00bb background_repeat=\u00a0\u00bbrepeat\u00a0\u00bb background_size=\u00a0\u00bbinitial\u00a0\u00bb _builder_version=\u00a0\u00bb3.0.56&Prime; module_alignment=\u00a0\u00bbleft\u00a0\u00bb]<\/p>\n<h2><strong>Tornador\u00ae PH-21<\/strong><\/h2>\n<h2>Lustreuse excentrique \u00e9lectrique<\/h2>\n<p>&nbsp;<\/p>\n<h3>R\u00e9f.art.\u00a0: 601\u00a0591<\/h3>\n<p>[\/et_pb_text][et_pb_image _builder_version=\u00a0\u00bb3.0.51&Prime; show_in_lightbox=\u00a0\u00bbon\u00a0\u00bb url_new_window=\u00a0\u00bboff\u00a0\u00bb use_overlay=\u00a0\u00bboff\u00a0\u00bb sticky=\u00a0\u00bboff\u00a0\u00bb align=\u00a0\u00bbleft\u00a0\u00bb always_center_on_mobile=\u00a0\u00bbon\u00a0\u00bb border_style=\u00a0\u00bbsolid\u00a0\u00bb force_fullwidth=\u00a0\u00bboff\u00a0\u00bb src=\u00a0\u00bbhttps:\/\/www.bendel.de\/wp-content\/uploads\/2017\/06\/601591-PH-21-Detail-9.jpg\u00a0\u00bb animation_style=\u00a0\u00bbslide\u00a0\u00bb animation_duration=\u00a0\u00bb500ms\u00a0\u00bb animation_intensity_slide=\u00a0\u00bb10%\u00a0\u00bb animation_direction=\u00a0\u00bbleft\u00a0\u00bb show_bottom_space=\u00a0\u00bbon\u00a0\u00bb \/][et_pb_text background_layout=\u00a0\u00bblight\u00a0\u00bb text_orientation=\u00a0\u00bbleft\u00a0\u00bb border_style=\u00a0\u00bbsolid\u00a0\u00bb background_position=\u00a0\u00bbtop_left\u00a0\u00bb background_repeat=\u00a0\u00bbrepeat\u00a0\u00bb background_size=\u00a0\u00bbinitial\u00a0\u00bb _builder_version=\u00a0\u00bb3.0.60&Prime; custom_margin=\u00a0\u00bb||0px|\u00a0\u00bb module_alignment=\u00a0\u00bbleft\u00a0\u00bb]<\/p>\n<h5>VUE \u00c9CLAT\u00c9E :<\/h5>\n<p>[\/et_pb_text][et_pb_button button_url=\u00a0\u00bbhttps:\/\/www.bendel.de\/wp-content\/uploads\/2017\/06\/PH21_Sprengz.pdf\u00a0\u00bb url_new_window=\u00a0\u00bbon\u00a0\u00bb button_text=\u00a0\u00bbPDF Download\u00a0\u00bb button_alignment=\u00a0\u00bbleft\u00a0\u00bb background_layout=\u00a0\u00bblight\u00a0\u00bb custom_button=\u00a0\u00bbon\u00a0\u00bb button_icon_placement=\u00a0\u00bbright\u00a0\u00bb button_text_size=\u00a0\u00bb15&Prime; button_bg_color=\u00a0\u00bb#0f00a7&Prime; button_font=\u00a0\u00bbSource Sans Pro|on|||\u00a0\u00bb button_icon=\u00a0\u00bb%%59%%\u00a0\u00bb button_icon_color=\u00a0\u00bb#ffffff\u00a0\u00bb button_border_radius_hover=\u00a0\u00bb4&Prime; button_text_color=\u00a0\u00bb#ffffff\u00a0\u00bb button_border_width=\u00a0\u00bb7&Prime; _builder_version=\u00a0\u00bb3.0.83&Prime; \/][et_pb_button button_url=\u00a0\u00bbhttps:\/\/www.youtube.com\/watch?v=bPziiS5ZhZo\u00a0\u00bb url_new_window=\u00a0\u00bbon\u00a0\u00bb button_text=\u00a0\u00bbVid&amp;eacute;o\u00a0\u00bb button_alignment=\u00a0\u00bbleft\u00a0\u00bb background_layout=\u00a0\u00bblight\u00a0\u00bb custom_button=\u00a0\u00bbon\u00a0\u00bb button_letter_spacing=\u00a0\u00bb0&Prime; button_use_icon=\u00a0\u00bbon\u00a0\u00bb button_icon_placement=\u00a0\u00bbright\u00a0\u00bb button_letter_spacing_hover=\u00a0\u00bb0&Prime; button_text_size=\u00a0\u00bb15&Prime; button_bg_color=\u00a0\u00bb#0f00a7&Prime; button_font=\u00a0\u00bbSource Sans Pro|on|||\u00a0\u00bb button_icon=\u00a0\u00bb%%59%%\u00a0\u00bb button_icon_color=\u00a0\u00bb#ffffff\u00a0\u00bb button_border_radius_hover=\u00a0\u00bb4&Prime; button_text_color=\u00a0\u00bb#ffffff\u00a0\u00bb button_border_width=\u00a0\u00bb7&Prime; _builder_version=\u00a0\u00bb3.0.65&Prime; \/][\/et_pb_column][et_pb_column type=\u00a0\u00bb1_2&Prime; specialty_columns=\u00a0\u00bb2&Prime;][et_pb_row_inner admin_label=\u00a0\u00bbZeile\u00a0\u00bb][et_pb_column_inner type=\u00a0\u00bb4_4&Prime; saved_specialty_column_type=\u00a0\u00bb1_2&Prime;][et_pb_text background_layout=\u00a0\u00bblight\u00a0\u00bb background_position=\u00a0\u00bbtop_left\u00a0\u00bb background_repeat=\u00a0\u00bbrepeat\u00a0\u00bb background_size=\u00a0\u00bbinitial\u00a0\u00bb _builder_version=\u00a0\u00bb3.0.92&Prime; module_alignment=\u00a0\u00bbleft\u00a0\u00bb]<\/p>\n<hr class=\"linie100g\" \/>\n<h6>\n<table id=\"tablepress-727\" class=\"tablepress tablepress-id-727\">\n<tbody>\n<tr class=\"row-1\">\n\t<td class=\"column-1\">Course excentrique<\/td><td class=\"column-2\">21 mm<\/td>\n<\/tr>\n<tr class=\"row-2\">\n\t<td class=\"column-1\">Puissance consomm\u00e9e<\/td><td class=\"column-2\">500 W\/1200 W<\/td>\n<\/tr>\n<tr class=\"row-3\">\n\t<td class=\"column-1\">Vitesse de rotation (tr\/min)<\/td><td class=\"column-2\">1700 \u0096 4200<\/td>\n<\/tr>\n<tr class=\"row-4\">\n\t<td class=\"column-1\">Variation de la vitesse\t<\/td><td class=\"column-2\">\u00e9lectronique, en continu<\/td>\n<\/tr>\n<tr class=\"row-5\">\n\t<td class=\"column-1\">Niveau de vibrations<\/td><td class=\"column-2\">2,6 m\/s<\/td>\n<\/tr>\n<tr class=\"row-6\">\n\t<td class=\"column-1\">Plateau auto-agrippant<\/td><td class=\"column-2\">150 mm<\/td>\n<\/tr>\n<\/tbody>\n<\/table>\n<!-- #tablepress-727 from cache --><\/h6>\n<hr class=\"linie100g\" \/>\n<p>[\/et_pb_text][et_pb_text background_layout=\u00a0\u00bblight\u00a0\u00bb text_orientation=\u00a0\u00bbleft\u00a0\u00bb border_style=\u00a0\u00bbsolid\u00a0\u00bb background_position=\u00a0\u00bbtop_left\u00a0\u00bb background_repeat=\u00a0\u00bbrepeat\u00a0\u00bb background_size=\u00a0\u00bbinitial\u00a0\u00bb _builder_version=\u00a0\u00bb3.0.60&Prime; module_alignment=\u00a0\u00bbleft\u00a0\u00bb]<\/p>\n<ul>\n<li>Mouvement orbital exceptionnel de 21 mm<\/li>\n<li>C\u00e2ble d&rsquo;alimentation de 10 m fourni<\/li>\n<li>Variateur de vitesse<\/li>\n<\/ul>\n<p>Polisseuse-lustreuse excentrique \u00e9lectrique performante avec un mouvement orbital de 21 mm (3\/4&Prime;). Cette machine se distingue par son centre de gravit\u00e9 id\u00e9alement plac\u00e9 qui permet un maniement ais\u00e9 d&rsquo;une seule main et rend possible, pour la premi\u00e8re fois, un syst\u00e8me de polissage complet\u00a0: 1 machine 1 disque de polissage 1 p\u00e2te \u00e0 polir 1 produit de lustrage <strong>\u00c9conomies de temps, de mat\u00e9riel et de co\u00fbts\u00a0: rentabilit\u00e9 maximale garantie\u00a0!<\/strong><\/p>\n<p>[\/et_pb_text][\/et_pb_column_inner][\/et_pb_row_inner][\/et_pb_column][\/et_pb_section][et_pb_section bb_built=\u00a0\u00bb1&Prime; fullwidth=\u00a0\u00bboff\u00a0\u00bb specialty=\u00a0\u00bboff\u00a0\u00bb _builder_version=\u00a0\u00bb3.0.51&Prime; background_color=\u00a0\u00bbrgba(255,255,255,0)\u00a0\u00bb custom_padding=\u00a0\u00bb0px||0px|\u00a0\u00bb inner_shadow=\u00a0\u00bbon\u00a0\u00bb transparent_background=\u00a0\u00bbon\u00a0\u00bb][et_pb_row background_position=\u00a0\u00bbtop_left\u00a0\u00bb background_repeat=\u00a0\u00bbrepeat\u00a0\u00bb background_size=\u00a0\u00bbinitial\u00a0\u00bb _builder_version=\u00a0\u00bb3.0.51&Prime; background_color_1=\u00a0\u00bb#eaeaea\u00a0\u00bb background_position_1=\u00a0\u00bbtop_left\u00a0\u00bb background_repeat_1=\u00a0\u00bbno-repeat\u00a0\u00bb padding_left_1=\u00a0\u00bb20px\u00a0\u00bb padding_top_1=\u00a0\u00bb20px\u00a0\u00bb padding_right_1=\u00a0\u00bb20px\u00a0\u00bb padding_bottom_1=\u00a0\u00bb20px\u00a0\u00bb][et_pb_column type=\u00a0\u00bb4_4&Prime;][et_pb_text background_layout=\u00a0\u00bblight\u00a0\u00bb text_orientation=\u00a0\u00bbleft\u00a0\u00bb border_style=\u00a0\u00bbsolid\u00a0\u00bb background_position=\u00a0\u00bbtop_left\u00a0\u00bb background_repeat=\u00a0\u00bbrepeat\u00a0\u00bb background_size=\u00a0\u00bbinitial\u00a0\u00bb _builder_version=\u00a0\u00bb3.0.51&Prime; module_alignment=\u00a0\u00bbleft\u00a0\u00bb]<\/p>\n<p><strong>Ses 6\u00a0vitesses r\u00e9glables permettent de trouver syst\u00e9matiquement l&rsquo;\u00e9quilibre parfait entre la vitesse de rotation, et l&rsquo;application de mousse de polissage, p\u00e2te \u00e0 polir et peinture.<\/strong> Gr\u00e2ce \u00e0 son mouvement orbital de 21\u00a0mm qui \u00e9vite hologrammes et tourbillons, m\u00eame les novices obtiennent une finition \u00e9clatante. La course excentrique de 21\u00a0mm garantit un polissage rapide et efficace et offre d&rsquo;excellents r\u00e9sultats avec des d\u00e9lais d&rsquo;ex\u00e9cution extr\u00eamement courts\u00a0: avec la mousse sp\u00e9ciale Tornador et la p\u00e2te \u00e0 polir Tornador, les peintures brillent de mille feux en un temps record.<\/p>\n<p>[\/et_pb_text][\/et_pb_column][\/et_pb_row][\/et_pb_section][et_pb_section bb_built=\u00a0\u00bb1&Prime; fullwidth=\u00a0\u00bboff\u00a0\u00bb specialty=\u00a0\u00bboff\u00a0\u00bb transparent_background=\u00a0\u00bboff\u00a0\u00bb background_color=\u00a0\u00bb#dddddd\u00a0\u00bb allow_player_pause=\u00a0\u00bboff\u00a0\u00bb inner_shadow=\u00a0\u00bboff\u00a0\u00bb parallax=\u00a0\u00bboff\u00a0\u00bb parallax_method=\u00a0\u00bbon\u00a0\u00bb make_fullwidth=\u00a0\u00bboff\u00a0\u00bb use_custom_width=\u00a0\u00bboff\u00a0\u00bb width_unit=\u00a0\u00bbon\u00a0\u00bb make_equal=\u00a0\u00bboff\u00a0\u00bb use_custom_gutter=\u00a0\u00bboff\u00a0\u00bb custom_padding=\u00a0\u00bb0px||0px|\u00a0\u00bb][et_pb_row background_position=\u00a0\u00bbtop_left\u00a0\u00bb background_repeat=\u00a0\u00bbrepeat\u00a0\u00bb background_size=\u00a0\u00bbinitial\u00a0\u00bb][et_pb_column type=\u00a0\u00bb4_4&Prime;][et_pb_text background_layout=\u00a0\u00bblight\u00a0\u00bb text_orientation=\u00a0\u00bbleft\u00a0\u00bb use_border_color=\u00a0\u00bboff\u00a0\u00bb border_color=\u00a0\u00bb#ffffff\u00a0\u00bb border_style=\u00a0\u00bbsolid\u00a0\u00bb background_position=\u00a0\u00bbtop_left\u00a0\u00bb background_repeat=\u00a0\u00bbrepeat\u00a0\u00bb background_size=\u00a0\u00bbinitial\u00a0\u00bb module_alignment=\u00a0\u00bbleft\u00a0\u00bb]<\/p>\n<h5>ACCESSOIRES\u00a0:<\/h5>\n<p>[\/et_pb_text][et_pb_gallery gallery_ids=\u00a0\u00bb9163,9172,9167,9168,9170,9166,9165,9169,9164&Prime; fullwidth=\u00a0\u00bboff\u00a0\u00bb orientation=\u00a0\u00bblandscape\u00a0\u00bb show_title_and_caption=\u00a0\u00bboff\u00a0\u00bb show_pagination=\u00a0\u00bbon\u00a0\u00bb background_layout=\u00a0\u00bblight\u00a0\u00bb hover_overlay_color=\u00a0\u00bbrgba(255,255,255,0.9)\u00a0\u00bb caption_line_height=\u00a0\u00bb14px\u00a0\u00bb title_font_size=\u00a0\u00bb14&Prime; posts_number=\u00a0\u00bb12&Prime; saved_tabs=\u00a0\u00bball\u00a0\u00bb _builder_version=\u00a0\u00bb3.0.83&Prime; zoom_icon_color=\u00a0\u00bb#0f00a7&Prime; pagination_font_size_tablet=\u00a0\u00bb51&Prime; pagination_line_height_tablet=\u00a0\u00bb2&Prime; \/][et_pb_divider color=\u00a0\u00bb#ffffff\u00a0\u00bb show_divider=\u00a0\u00bbon\u00a0\u00bb divider_style=\u00a0\u00bbsolid\u00a0\u00bb divider_position=\u00a0\u00bbcenter\u00a0\u00bb hide_on_mobile=\u00a0\u00bbon\u00a0\u00bb divider_weight=\u00a0\u00bb3&Prime; disabled_on=\u00a0\u00bbon|on|off\u00a0\u00bb \/][\/et_pb_column][\/et_pb_row][\/et_pb_section][et_pb_section bb_built=\u00a0\u00bb1&Prime; fullwidth=\u00a0\u00bboff\u00a0\u00bb specialty=\u00a0\u00bboff\u00a0\u00bb transparent_background=\u00a0\u00bboff\u00a0\u00bb background_color=\u00a0\u00bb#dddddd\u00a0\u00bb allow_player_pause=\u00a0\u00bboff\u00a0\u00bb inner_shadow=\u00a0\u00bboff\u00a0\u00bb parallax=\u00a0\u00bboff\u00a0\u00bb parallax_method=\u00a0\u00bbon\u00a0\u00bb make_fullwidth=\u00a0\u00bboff\u00a0\u00bb use_custom_width=\u00a0\u00bboff\u00a0\u00bb width_unit=\u00a0\u00bbon\u00a0\u00bb make_equal=\u00a0\u00bboff\u00a0\u00bb use_custom_gutter=\u00a0\u00bboff\u00a0\u00bb custom_padding=\u00a0\u00bb0px||0px|\u00a0\u00bb][et_pb_row background_position=\u00a0\u00bbtop_left\u00a0\u00bb background_repeat=\u00a0\u00bbrepeat\u00a0\u00bb background_size=\u00a0\u00bbinitial\u00a0\u00bb][et_pb_column type=\u00a0\u00bb4_4&Prime;][et_pb_text background_layout=\u00a0\u00bblight\u00a0\u00bb text_orientation=\u00a0\u00bbleft\u00a0\u00bb use_border_color=\u00a0\u00bboff\u00a0\u00bb border_color=\u00a0\u00bb#ffffff\u00a0\u00bb border_style=\u00a0\u00bbsolid\u00a0\u00bb background_position=\u00a0\u00bbtop_left\u00a0\u00bb background_repeat=\u00a0\u00bbrepeat\u00a0\u00bb background_size=\u00a0\u00bbinitial\u00a0\u00bb module_alignment=\u00a0\u00bbleft\u00a0\u00bb]<\/p>\n<h5>AUTRES VUES\u00a0:<\/h5>\n<p>[\/et_pb_text][et_pb_gallery fullwidth=\u00a0\u00bboff\u00a0\u00bb posts_number=\u00a0\u00bb10&Prime; orientation=\u00a0\u00bblandscape\u00a0\u00bb show_title_and_caption=\u00a0\u00bboff\u00a0\u00bb show_pagination=\u00a0\u00bbon\u00a0\u00bb background_layout=\u00a0\u00bblight\u00a0\u00bb hover_overlay_color=\u00a0\u00bbrgba(255,255,255,0.9)\u00a0\u00bb caption_line_height=\u00a0\u00bb14px\u00a0\u00bb title_font_size=\u00a0\u00bb14&Prime; saved_tabs=\u00a0\u00bball\u00a0\u00bb gallery_ids=\u00a0\u00bb9365,9367,9364,9366&Prime; _builder_version=\u00a0\u00bb3.0.83&Prime; zoom_icon_color=\u00a0\u00bb#0f00a7&Prime; pagination_font_size_tablet=\u00a0\u00bb51&Prime; pagination_line_height_tablet=\u00a0\u00bb2&Prime; \/][et_pb_divider color=\u00a0\u00bb#ffffff\u00a0\u00bb show_divider=\u00a0\u00bbon\u00a0\u00bb divider_style=\u00a0\u00bbsolid\u00a0\u00bb divider_position=\u00a0\u00bbcenter\u00a0\u00bb hide_on_mobile=\u00a0\u00bbon\u00a0\u00bb divider_weight=\u00a0\u00bb3&Prime; disabled_on=\u00a0\u00bbon|on|off\u00a0\u00bb \/][\/et_pb_column][\/et_pb_row][\/et_pb_section]<\/p>\n","protected":false},"excerpt":{"rendered":"<p>Tornador\u00ae PH-21 Lustreuse excentrique \u00e9lectrique &nbsp; R\u00e9f.art.\u00a0: 601\u00a0591 VUE \u00c9CLAT\u00c9E : \n<table id=\"tablepress-727-no-2\" class=\"tablepress tablepress-id-727\">\n<tbody>\n<tr class=\"row-1\">\n\t<td class=\"column-1\">Course excentrique<\/td><td class=\"column-2\">21 mm<\/td>\n<\/tr>\n<tr class=\"row-2\">\n\t<td class=\"column-1\">Puissance consomm\u00e9e<\/td><td class=\"column-2\">500 W\/1200 W<\/td>\n<\/tr>\n<tr class=\"row-3\">\n\t<td class=\"column-1\">Vitesse de rotation (tr\/min)<\/td><td class=\"column-2\">1700 \u0096 4200<\/td>\n<\/tr>\n<tr class=\"row-4\">\n\t<td class=\"column-1\">Variation de la vitesse\t<\/td><td class=\"column-2\">\u00e9lectronique, en continu<\/td>\n<\/tr>\n<tr class=\"row-5\">\n\t<td class=\"column-1\">Niveau de vibrations<\/td><td class=\"column-2\">2,6 m\/s<\/td>\n<\/tr>\n<tr class=\"row-6\">\n\t<td class=\"column-1\">Plateau auto-agrippant<\/td><td class=\"column-2\">150 mm<\/td>\n<\/tr>\n<\/tbody>\n<\/table>\n Mouvement orbital exceptionnel de 21 mm C\u00e2ble d&rsquo;alimentation de 10 m fourni Variateur de vitesse Polisseuse-lustreuse excentrique \u00e9lectrique performante avec un mouvement orbital de 21 mm (3\/4&Prime;). Cette machine se distingue par son centre de gravit\u00e9 id\u00e9alement plac\u00e9 qui permet un [&hellip;]<\/p>\n","protected":false},"author":7,"featured_media":0,"parent":0,"menu_order":979,"comment_status":"closed","ping_status":"closed","template":"","meta":{"_et_pb_use_builder":"on","_et_pb_old_content":"","_et_gb_content_width":"","footnotes":""},"class_list":["post-19169","page","type-page","status-publish","hentry"],"_links":{"self":[{"href":"https:\/\/www.rotador.de\/fr\/wp-json\/wp\/v2\/pages\/19169","targetHints":{"allow":["GET"]}}],"collection":[{"href":"https:\/\/www.rotador.de\/fr\/wp-json\/wp\/v2\/pages"}],"about":[{"href":"https:\/\/www.rotador.de\/fr\/wp-json\/wp\/v2\/types\/page"}],"author":[{"embeddable":true,"href":"https:\/\/www.rotador.de\/fr\/wp-json\/wp\/v2\/users\/7"}],"replies":[{"embeddable":true,"href":"https:\/\/www.rotador.de\/fr\/wp-json\/wp\/v2\/comments?post=19169"}],"version-history":[{"count":6,"href":"https:\/\/www.rotador.de\/fr\/wp-json\/wp\/v2\/pages\/19169\/revisions"}],"predecessor-version":[{"id":23143,"href":"https:\/\/www.rotador.de\/fr\/wp-json\/wp\/v2\/pages\/19169\/revisions\/23143"}],"wp:attachment":[{"href":"https:\/\/www.rotador.de\/fr\/wp-json\/wp\/v2\/media?parent=19169"}],"curies":[{"name":"wp","href":"https:\/\/api.w.org\/{rel}","templated":true}]}}