{"id":19203,"date":"2017-11-21T10:28:35","date_gmt":"2017-11-21T10:28:35","guid":{"rendered":"http:\/\/www.bendel.de\/accessoires-pour-ponceuses\/"},"modified":"2018-07-06T18:14:09","modified_gmt":"2018-07-06T18:14:09","slug":"accessoires-pour-ponceuses","status":"publish","type":"page","link":"https:\/\/www.rotador.de\/fr\/accessoires-pour-ponceuses\/","title":{"rendered":"Accessoires pour ponceuses"},"content":{"rendered":"<p>[et_pb_section bb_built=\u00a0\u00bb1&Prime; admin_label=\u00a0\u00bbsection\u00a0\u00bb _builder_version=\u00a0\u00bb3.0.50&Prime; background_color=\u00a0\u00bb#dddddd\u00a0\u00bb][et_pb_row background_position=\u00a0\u00bbtop_left\u00a0\u00bb background_repeat=\u00a0\u00bbrepeat\u00a0\u00bb background_size=\u00a0\u00bbinitial\u00a0\u00bb][et_pb_column type=\u00a0\u00bb4_4&Prime;][et_pb_text _builder_version=\u00a0\u00bb3.0.61&Prime; background_layout=\u00a0\u00bblight\u00a0\u00bb text_orientation=\u00a0\u00bbleft\u00a0\u00bb border_style=\u00a0\u00bbsolid\u00a0\u00bb]<\/p>\n<h2>Accessoires pour ponceuses pneumatiques<\/h2>\n<p>[\/et_pb_text][et_pb_divider _builder_version=\u00a0\u00bb3.0.50&Prime; show_divider=\u00a0\u00bbon\u00a0\u00bb divider_style=\u00a0\u00bbsolid\u00a0\u00bb divider_position=\u00a0\u00bbcenter\u00a0\u00bb divider_weight=\u00a0\u00bb3&Prime; hide_on_mobile=\u00a0\u00bbon\u00a0\u00bb disabled_on=\u00a0\u00bbon|on|off\u00a0\u00bb \/][et_pb_text _builder_version=\u00a0\u00bb3.0.92&Prime; background_layout=\u00a0\u00bblight\u00a0\u00bb]<\/p>\n<h3>Bandes abrasives<\/h3>\n<p>Bandes abrasives en corindon sur support textile. Compatibles avec toutes les ponceuses \u00e0 bande avec ressort de tension et largeur de bande 10 mm ou 20 mm. Id\u00e9ales pour le Smart Repair, les travaux de carrosserie ou le pon\u00e7age de m\u00e9taux.<\/p>\n<p><strong>Pour ponceuses \u00e0 bande 10mm: ZC-1040 10 x 330 mm grain 40, <\/strong><strong>ZC-1060 10 x 330 mm grain 60, <\/strong><strong>ZC-1080 10 x 330 mm grain 80, <\/strong><strong>ZC-1120 10 x 330 mm grain 120<\/strong><\/p>\n<p><strong>Pour ponceuses \u00e0 bande 20mm: ZC-2040 20 x 520 mm grain 40, <\/strong><strong>ZC-2060 20 x 520 mm grain 60, <\/strong><strong>ZC-2080 20 x 520 mm grain 80, <\/strong><strong>ZC-2100 20 x 520 mm grain 100<\/strong><\/p>\n<p>[\/et_pb_text][et_pb_gallery _builder_version=\u00a0\u00bb3.0.61&Prime; posts_number=\u00a0\u00bb15&Prime; show_title_and_caption=\u00a0\u00bbon\u00a0\u00bb show_pagination=\u00a0\u00bbon\u00a0\u00bb fullwidth=\u00a0\u00bboff\u00a0\u00bb orientation=\u00a0\u00bblandscape\u00a0\u00bb zoom_icon_color=\u00a0\u00bb#0f00a7&Prime; hover_overlay_color=\u00a0\u00bbrgba(255,255,255,0.9)\u00a0\u00bb background_layout=\u00a0\u00bblight\u00a0\u00bb border_style=\u00a0\u00bbsolid\u00a0\u00bb auto=\u00a0\u00bboff\u00a0\u00bb gallery_ids=\u00a0\u00bb8822,7214,8823,7215,8824,7216,8826,7217&Prime; title_font_size=\u00a0\u00bb14&Prime; \/][et_pb_divider _builder_version=\u00a0\u00bb3.0.50&Prime; show_divider=\u00a0\u00bbon\u00a0\u00bb divider_style=\u00a0\u00bbsolid\u00a0\u00bb divider_position=\u00a0\u00bbcenter\u00a0\u00bb divider_weight=\u00a0\u00bb3&Prime; hide_on_mobile=\u00a0\u00bbon\u00a0\u00bb disabled_on=\u00a0\u00bbon|on|off\u00a0\u00bb \/][et_pb_text _builder_version=\u00a0\u00bb3.0.61&Prime; background_layout=\u00a0\u00bblight\u00a0\u00bb text_orientation=\u00a0\u00bbleft\u00a0\u00bb border_style=\u00a0\u00bbsolid\u00a0\u00bb]<\/p>\n<h3><strong>Disques de meulage pour toutes les ponceuses avec filetage Roloc&#x2122;<\/strong><\/h3>\n<p>Disques \u00e0 grains et en non-tiss\u00e9 avec filetage Roloc&#x2122;. Pour le polissage d&rsquo;objets m\u00e9talliques et l&rsquo;optimisation du grain. Ils conviennent parfaitement \u00e0 l&rsquo;\u00e9limination des couleurs de revenu, de bavures secondaires et \u00e0 la r\u00e9duction rapide et efficace de la rugosit\u00e9 de surface. Plus le non-tiss\u00e9 est fin, plus la surface sera uniforme, ce qui permet d&rsquo;accro\u00eetre la r\u00e9sistance \u00e0 la corrosion. Domaines d&rsquo;application\u00a0: Smart Repair, travaux de carrosserie, ateliers de peinture, usinage de m\u00e9taux, etc.<\/p>\n<h6><\/h6>\n<p>[\/et_pb_text][et_pb_gallery _builder_version=\u00a0\u00bb3.0.65&Prime; posts_number=\u00a0\u00bb15&Prime; show_title_and_caption=\u00a0\u00bbon\u00a0\u00bb show_pagination=\u00a0\u00bbon\u00a0\u00bb fullwidth=\u00a0\u00bboff\u00a0\u00bb orientation=\u00a0\u00bblandscape\u00a0\u00bb zoom_icon_color=\u00a0\u00bb#0f00a7&Prime; hover_overlay_color=\u00a0\u00bbrgba(255,255,255,0.9)\u00a0\u00bb background_layout=\u00a0\u00bblight\u00a0\u00bb border_style=\u00a0\u00bbsolid\u00a0\u00bb auto=\u00a0\u00bboff\u00a0\u00bb gallery_ids=\u00a0\u00bb7212,10997,7218,8827,7208,8807&Prime; title_font_size=\u00a0\u00bb14&Prime; \/][et_pb_divider _builder_version=\u00a0\u00bb3.0.50&Prime; show_divider=\u00a0\u00bbon\u00a0\u00bb divider_style=\u00a0\u00bbsolid\u00a0\u00bb divider_position=\u00a0\u00bbcenter\u00a0\u00bb divider_weight=\u00a0\u00bb3&Prime; hide_on_mobile=\u00a0\u00bbon\u00a0\u00bb disabled_on=\u00a0\u00bbon|on|off\u00a0\u00bb \/][et_pb_text _builder_version=\u00a0\u00bb3.0.61&Prime; background_layout=\u00a0\u00bblight\u00a0\u00bb text_orientation=\u00a0\u00bbleft\u00a0\u00bb border_style=\u00a0\u00bbsolid\u00a0\u00bb]<\/p>\n<h3><strong>Brosses 3M\u00ae Bristle Disc pour filetage Roloc&#x2122;<\/strong><\/h3>\n<p>La brosse Bristle Disc s&rsquo;adapte sur les ponceuses d&rsquo;angle pour l&rsquo;\u00e9limination de la rouille, de peintures, de r\u00e9sidus de colle et autres impuret\u00e9s de surface. Elle convient \u00e0 l&rsquo;acier, \u00e0 l&rsquo;inox et aux m\u00e9taux non ferreux. Pour un usinage en profondeur mais respectueux des surfaces avec une performance d&rsquo;enl\u00e8vement constante, la brosse Bristle Disc est dot\u00e9e du grain abrasif c\u00e9ramique Cubitron&#x2122;\u00a0: une pression de contact minime est suffisante pour obtenir de tr\u00e8s bons r\u00e9sultats. <strong>Facile et rapide \u00e0 remplacer gr\u00e2ce au filetage Roloc&#x2122;\u00a0:<\/strong> Les diff\u00e9rents grains de K 50 \u00e0 K 120 sont rep\u00e9rables par un code couleur pour une identification rapide et sans risque de confusion. Montage possible sans plateau suppl\u00e9mentaire sur presque toutes les meuleuses d&rsquo;angle de mod\u00e8le courant, jusqu&rsquo;\u00e0 25\u00a0000 tr\/min.<\/p>\n<p>[\/et_pb_text][et_pb_gallery _builder_version=\u00a0\u00bb3.0.61&Prime; posts_number=\u00a0\u00bb15&Prime; show_title_and_caption=\u00a0\u00bbon\u00a0\u00bb show_pagination=\u00a0\u00bbon\u00a0\u00bb fullwidth=\u00a0\u00bboff\u00a0\u00bb orientation=\u00a0\u00bblandscape\u00a0\u00bb zoom_icon_color=\u00a0\u00bb#0f00a7&Prime; hover_overlay_color=\u00a0\u00bbrgba(255,255,255,0.9)\u00a0\u00bb background_layout=\u00a0\u00bblight\u00a0\u00bb border_style=\u00a0\u00bbsolid\u00a0\u00bb auto=\u00a0\u00bboff\u00a0\u00bb gallery_ids=\u00a0\u00bb8828,7220,7221&Prime; title_font_size=\u00a0\u00bb14&Prime; \/][et_pb_divider _builder_version=\u00a0\u00bb3.0.50&Prime; show_divider=\u00a0\u00bbon\u00a0\u00bb divider_style=\u00a0\u00bbsolid\u00a0\u00bb divider_position=\u00a0\u00bbcenter\u00a0\u00bb divider_weight=\u00a0\u00bb3&Prime; hide_on_mobile=\u00a0\u00bbon\u00a0\u00bb disabled_on=\u00a0\u00bbon|on|off\u00a0\u00bb \/][et_pb_text _builder_version=\u00a0\u00bb3.0.61&Prime; background_layout=\u00a0\u00bblight\u00a0\u00bb text_orientation=\u00a0\u00bbleft\u00a0\u00bb border_style=\u00a0\u00bbsolid\u00a0\u00bb]<\/p>\n<h3>Plateau-support pour ponceuse excentrique<\/h3>\n<h4><strong>Plateau-support pour C-3366 et C-3672<\/strong><\/h4>\n<p>Plateau-support 152 mm de qualit\u00e9 sup\u00e9rieure \u00e0 15 trous pour une utilisation sur des appareils dot\u00e9s d&rsquo;un syst\u00e8me d&rsquo;aspiration de poussi\u00e8re. \u00c9galement compatible avec FESTO gr\u00e2ce aux adaptateurs et rondelles d&rsquo;\u00e9paisseur fournies.<\/p>\n<p>[\/et_pb_text][et_pb_gallery _builder_version=\u00a0\u00bb3.0.61&Prime; posts_number=\u00a0\u00bb15&Prime; show_title_and_caption=\u00a0\u00bbon\u00a0\u00bb show_pagination=\u00a0\u00bbon\u00a0\u00bb fullwidth=\u00a0\u00bboff\u00a0\u00bb orientation=\u00a0\u00bblandscape\u00a0\u00bb zoom_icon_color=\u00a0\u00bb#0f00a7&Prime; hover_overlay_color=\u00a0\u00bbrgba(255,255,255,0.9)\u00a0\u00bb background_layout=\u00a0\u00bblight\u00a0\u00bb border_style=\u00a0\u00bbsolid\u00a0\u00bb auto=\u00a0\u00bboff\u00a0\u00bb gallery_ids=\u00a0\u00bb6930&Prime; title_font_size=\u00a0\u00bb14&Prime; \/][et_pb_text _builder_version=\u00a0\u00bb3.0.62&Prime; background_layout=\u00a0\u00bblight\u00a0\u00bb text_orientation=\u00a0\u00bbleft\u00a0\u00bb border_style=\u00a0\u00bbsolid\u00a0\u00bb]<\/p>\n<h4><strong>Plateaux-supports pour C-3710<\/strong><\/h4>\n<p><strong>ZC-3710 50 mm mod\u00e8le velcro ultra-r\u00e9sistant, <\/strong><strong>ZC-3711 50 mm pour fleurs de pon\u00e7age auto-adh\u00e9sives, <\/strong><strong>ZC-3712 30 mm mod\u00e8le velcro ultra-r\u00e9sistant, <\/strong><strong>ZC-3713 75 mm mod\u00e8le velcro ultra-r\u00e9sistant<\/strong> Plateaux-supports robustes disponibles en diff\u00e9rentes tailles, munis d&rsquo;un velcro ultra-r\u00e9sistant pour un maintien particuli\u00e8rement fiable (sauf ZC-3711).<\/p>\n<p>[\/et_pb_text][et_pb_gallery _builder_version=\u00a0\u00bb3.0.62&Prime; posts_number=\u00a0\u00bb15&Prime; show_title_and_caption=\u00a0\u00bbon\u00a0\u00bb show_pagination=\u00a0\u00bbon\u00a0\u00bb fullwidth=\u00a0\u00bboff\u00a0\u00bb orientation=\u00a0\u00bblandscape\u00a0\u00bb zoom_icon_color=\u00a0\u00bb#0f00a7&Prime; hover_overlay_color=\u00a0\u00bbrgba(255,255,255,0.9)\u00a0\u00bb background_layout=\u00a0\u00bblight\u00a0\u00bb border_style=\u00a0\u00bbsolid\u00a0\u00bb auto=\u00a0\u00bboff\u00a0\u00bb gallery_ids=\u00a0\u00bb7223,8862,8833,8835&Prime; title_font_size=\u00a0\u00bb14&Prime; \/][et_pb_text _builder_version=\u00a0\u00bb3.0.62&Prime; background_layout=\u00a0\u00bblight\u00a0\u00bb text_orientation=\u00a0\u00bbleft\u00a0\u00bb border_style=\u00a0\u00bbsolid\u00a0\u00bb]<\/p>\n<h4><strong>Plateau-support de rechange pour ponceuse-finisseuse C-3851<\/strong><\/h4>\n<p>Plateau-support de rechange, 30 mm, vissable. Compatible avec les fleurs de pon\u00e7age auto-agrippantes et auto-adh\u00e9sives gr\u00e2ce \u00e0 son nouveau rev\u00eatement micro-agrippant. Mod\u00e8le ZC-3800 \u00e9galement compatible avec la rectification \u00e0 arrosage.<\/p>\n<p>[\/et_pb_text][et_pb_gallery _builder_version=\u00a0\u00bb3.0.61&Prime; posts_number=\u00a0\u00bb15&Prime; show_title_and_caption=\u00a0\u00bbon\u00a0\u00bb show_pagination=\u00a0\u00bbon\u00a0\u00bb fullwidth=\u00a0\u00bboff\u00a0\u00bb orientation=\u00a0\u00bblandscape\u00a0\u00bb zoom_icon_color=\u00a0\u00bb#0f00a7&Prime; hover_overlay_color=\u00a0\u00bbrgba(255,255,255,0.9)\u00a0\u00bb background_layout=\u00a0\u00bblight\u00a0\u00bb border_style=\u00a0\u00bbsolid\u00a0\u00bb auto=\u00a0\u00bboff\u00a0\u00bb gallery_ids=\u00a0\u00bb8840&Prime; title_font_size=\u00a0\u00bb14&Prime; \/][et_pb_text _builder_version=\u00a0\u00bb3.0.62&Prime; background_layout=\u00a0\u00bblight\u00a0\u00bb text_orientation=\u00a0\u00bbleft\u00a0\u00bb border_style=\u00a0\u00bbsolid\u00a0\u00bb]<\/p>\n<h4><strong>Plateau-support pour C-3860, C-3865 et C-3868\u00a0:<\/strong><\/h4>\n<p>Convient aux disques de meulage 3M\u00ae avec filetage Roloc&#x2122;, disponible avec un adaptateur pour perceuse (6 mm) sans suppl\u00e9ment de prix.<\/p>\n<p>[\/et_pb_text][et_pb_gallery _builder_version=\u00a0\u00bb3.0.61&Prime; posts_number=\u00a0\u00bb15&Prime; show_title_and_caption=\u00a0\u00bbon\u00a0\u00bb show_pagination=\u00a0\u00bbon\u00a0\u00bb fullwidth=\u00a0\u00bboff\u00a0\u00bb orientation=\u00a0\u00bblandscape\u00a0\u00bb zoom_icon_color=\u00a0\u00bb#0f00a7&Prime; hover_overlay_color=\u00a0\u00bbrgba(255,255,255,0.9)\u00a0\u00bb background_layout=\u00a0\u00bblight\u00a0\u00bb border_style=\u00a0\u00bbsolid\u00a0\u00bb auto=\u00a0\u00bboff\u00a0\u00bb gallery_ids=\u00a0\u00bb8843&Prime; title_font_size=\u00a0\u00bb14&Prime; \/][et_pb_divider _builder_version=\u00a0\u00bb3.0.50&Prime; show_divider=\u00a0\u00bbon\u00a0\u00bb divider_style=\u00a0\u00bbsolid\u00a0\u00bb divider_position=\u00a0\u00bbcenter\u00a0\u00bb divider_weight=\u00a0\u00bb3&Prime; hide_on_mobile=\u00a0\u00bbon\u00a0\u00bb disabled_on=\u00a0\u00bbon|on|off\u00a0\u00bb \/][et_pb_text _builder_version=\u00a0\u00bb3.0.62&Prime; background_layout=\u00a0\u00bblight\u00a0\u00bb text_orientation=\u00a0\u00bbleft\u00a0\u00bb border_style=\u00a0\u00bbsolid\u00a0\u00bb]<\/p>\n<h3>Cales pour C-3720<\/h3>\n<p><strong>ZC-3720 mod\u00e8le velcro \u00e9pais, <\/strong><strong>ZC-3720 mod\u00e8le velcro \u00e9pais, <\/strong><strong>ZC-3721 mod\u00e8le velcro fin, <\/strong><strong>ZC-3722 mod\u00e8le adh\u00e9sif, <\/strong><strong>ZC-3723 cale avec patin pour fleurs de pon\u00e7age 30mm \u00e0 velcro ou adh\u00e9sif, <\/strong><strong>ZC-3721 mod\u00e8le velcro fin, <\/strong><strong>ZC-3722 mod\u00e8le adh\u00e9sif, <\/strong><strong>ZC-3723 cale avec patin pour fleurs de pon\u00e7age 30 mm \u00e0 velcro ou auto-adh\u00e9sif<\/strong><strong>\u00a0<\/strong> Cales pour C-3720 et C-3720XL<\/p>\n<p>[\/et_pb_text][et_pb_gallery _builder_version=\u00a0\u00bb3.0.61&Prime; posts_number=\u00a0\u00bb15&Prime; show_title_and_caption=\u00a0\u00bbon\u00a0\u00bb show_pagination=\u00a0\u00bbon\u00a0\u00bb fullwidth=\u00a0\u00bboff\u00a0\u00bb orientation=\u00a0\u00bblandscape\u00a0\u00bb zoom_icon_color=\u00a0\u00bb#0f00a7&Prime; hover_overlay_color=\u00a0\u00bbrgba(255,255,255,0.9)\u00a0\u00bb background_layout=\u00a0\u00bblight\u00a0\u00bb border_style=\u00a0\u00bbsolid\u00a0\u00bb auto=\u00a0\u00bboff\u00a0\u00bb gallery_ids=\u00a0\u00bb8810,8809,8808,10337,8811&Prime; title_font_size=\u00a0\u00bb14&Prime; \/][et_pb_divider _builder_version=\u00a0\u00bb3.0.50&Prime; show_divider=\u00a0\u00bbon\u00a0\u00bb divider_style=\u00a0\u00bbsolid\u00a0\u00bb divider_position=\u00a0\u00bbcenter\u00a0\u00bb divider_weight=\u00a0\u00bb3&Prime; hide_on_mobile=\u00a0\u00bbon\u00a0\u00bb disabled_on=\u00a0\u00bbon|on|off\u00a0\u00bb \/][et_pb_text _builder_version=\u00a0\u00bb3.0.62&Prime; background_layout=\u00a0\u00bblight\u00a0\u00bb text_orientation=\u00a0\u00bbleft\u00a0\u00bb border_style=\u00a0\u00bbsolid\u00a0\u00bb]<\/p>\n<h3><strong>Disque gomme<\/strong><\/h3>\n<p><strong>Disque gomme ZI-9120<\/strong> <strong>Disque gomme ZI-9120 et ZI 9120PT pour gomme I-6630\u00a0:<\/strong> L&rsquo;original\u00a0! Le disque en caoutchouc au \u00ab\u00a0parfum vanille\u00a0\u00bb. Pour l&rsquo;\u00e9limination des r\u00e9sidus de colle, d&rsquo;autocollants et de marquages de grande \u00e9tendue, sans endommager la peinture. Associ\u00e9es \u00e0 notre gomme pneumatique I-6630 et son r\u00e9gime \u00e0 vide max. de 2\u00a0600 tr\/min pour une pression de 6,3 bar, ces \u00ab tranches de vanille\u00a0\u00bb ont fait la preuve de leur efficacit\u00e9 \u00e0 des millions de reprises. Gr\u00e2ce \u00e0 l&rsquo;adaptateur ZI-9121, il est m\u00eame possible de faire fonctionner la gomme avec une perceuse (2\u00a0600 tr\/min max.). Convient aussi parfaitement \u00e0 l&rsquo;\u00e9limination des r\u00e9sidus de masses adh\u00e9sives sur des jantes en aluminium et donc remarquablement adapt\u00e9 aux ateliers de pneumatiques, aux ateliers de peinture et aux garages.<\/p>\n<p>[\/et_pb_text][et_pb_gallery _builder_version=\u00a0\u00bb3.0.92&Prime; posts_number=\u00a0\u00bb15&Prime; show_title_and_caption=\u00a0\u00bbon\u00a0\u00bb show_pagination=\u00a0\u00bbon\u00a0\u00bb fullwidth=\u00a0\u00bboff\u00a0\u00bb orientation=\u00a0\u00bblandscape\u00a0\u00bb zoom_icon_color=\u00a0\u00bb#0f00a7&Prime; hover_overlay_color=\u00a0\u00bbrgba(255,255,255,0.9)\u00a0\u00bb background_layout=\u00a0\u00bblight\u00a0\u00bb gallery_ids=\u00a0\u00bb23279,23265,15692&Prime; title_font_size=\u00a0\u00bb14&Prime; pagination_font_size_tablet=\u00a0\u00bb51&Prime; pagination_line_height_tablet=\u00a0\u00bb2&Prime; \/][et_pb_divider _builder_version=\u00a0\u00bb3.0.50&Prime; show_divider=\u00a0\u00bbon\u00a0\u00bb divider_style=\u00a0\u00bbsolid\u00a0\u00bb divider_position=\u00a0\u00bbcenter\u00a0\u00bb divider_weight=\u00a0\u00bb3&Prime; hide_on_mobile=\u00a0\u00bbon\u00a0\u00bb disabled_on=\u00a0\u00bbon|on|off\u00a0\u00bb \/][et_pb_text _builder_version=\u00a0\u00bb3.0.61&Prime; background_layout=\u00a0\u00bblight\u00a0\u00bb text_orientation=\u00a0\u00bbleft\u00a0\u00bb border_style=\u00a0\u00bbsolid\u00a0\u00bb]<\/p>\n<h3>Disques \u00e0 tron\u00e7onner I-9315<\/h3>\n<p>Le disque \u00e0 tron\u00e7onner destin\u00e9 \u00e0 la disqueuse longue I-9315. Ce disque \u00e0 tron\u00e7onner industriel extr\u00eamement fin de 1 mm seulement peut aussi travailler dans des endroits tr\u00e8s difficiles d&rsquo;acc\u00e8s. Convient tout particuli\u00e8rement aux t\u00f4les d&rsquo;acier minces, mais aussi aux goujons, pots d&rsquo;\u00e9chappement, suspensions articul\u00e9es et barres de couplage. Les t\u00f4les \u00e0 haute et tr\u00e8s haute r\u00e9sistance, les aciers inoxydables ainsi que les t\u00f4les d&rsquo;aluminium \u00e0 parois minces ne posent non plus aucun probl\u00e8me gr\u00e2ce au design in\u00e9dit de la disqueuse longue I-9315. <strong>1 colis = 25 pi\u00e8ces.<\/strong><\/p>\n<p>[\/et_pb_text][et_pb_gallery _builder_version=\u00a0\u00bb3.0.62&Prime; posts_number=\u00a0\u00bb15&Prime; show_title_and_caption=\u00a0\u00bbon\u00a0\u00bb show_pagination=\u00a0\u00bbon\u00a0\u00bb fullwidth=\u00a0\u00bboff\u00a0\u00bb orientation=\u00a0\u00bblandscape\u00a0\u00bb zoom_icon_color=\u00a0\u00bb#0f00a7&Prime; hover_overlay_color=\u00a0\u00bbrgba(255,255,255,0.9)\u00a0\u00bb background_layout=\u00a0\u00bblight\u00a0\u00bb border_style=\u00a0\u00bbsolid\u00a0\u00bb auto=\u00a0\u00bboff\u00a0\u00bb gallery_ids=\u00a0\u00bb10608,10609&Prime; title_font_size=\u00a0\u00bb14&Prime; \/][\/et_pb_column][\/et_pb_row][\/et_pb_section]<\/p>\n","protected":false},"excerpt":{"rendered":"<p>Accessoires pour ponceuses pneumatiques Bandes abrasives Bandes abrasives en corindon sur support textile. Compatibles avec toutes les ponceuses \u00e0 bande avec ressort de tension et largeur de bande 10 mm ou 20 mm. Id\u00e9ales pour le Smart Repair, les travaux de carrosserie ou le pon\u00e7age de m\u00e9taux. Pour ponceuses \u00e0 bande 10mm: ZC-1040 10 x [&hellip;]<\/p>\n","protected":false},"author":7,"featured_media":0,"parent":0,"menu_order":737,"comment_status":"closed","ping_status":"closed","template":"","meta":{"_et_pb_use_builder":"on","_et_pb_old_content":"","_et_gb_content_width":"","footnotes":""},"class_list":["post-19203","page","type-page","status-publish","hentry"],"_links":{"self":[{"href":"https:\/\/www.rotador.de\/fr\/wp-json\/wp\/v2\/pages\/19203","targetHints":{"allow":["GET"]}}],"collection":[{"href":"https:\/\/www.rotador.de\/fr\/wp-json\/wp\/v2\/pages"}],"about":[{"href":"https:\/\/www.rotador.de\/fr\/wp-json\/wp\/v2\/types\/page"}],"author":[{"embeddable":true,"href":"https:\/\/www.rotador.de\/fr\/wp-json\/wp\/v2\/users\/7"}],"replies":[{"embeddable":true,"href":"https:\/\/www.rotador.de\/fr\/wp-json\/wp\/v2\/comments?post=19203"}],"version-history":[{"count":9,"href":"https:\/\/www.rotador.de\/fr\/wp-json\/wp\/v2\/pages\/19203\/revisions"}],"predecessor-version":[{"id":23226,"href":"https:\/\/www.rotador.de\/fr\/wp-json\/wp\/v2\/pages\/19203\/revisions\/23226"}],"wp:attachment":[{"href":"https:\/\/www.rotador.de\/fr\/wp-json\/wp\/v2\/media?parent=19203"}],"curies":[{"name":"wp","href":"https:\/\/api.w.org\/{rel}","templated":true}]}}