{"id":19204,"date":"2017-11-21T10:28:35","date_gmt":"2017-11-21T10:28:35","guid":{"rendered":"http:\/\/www.bendel.de\/accessoires-pour-perceuses\/"},"modified":"2018-07-06T18:14:16","modified_gmt":"2018-07-06T18:14:16","slug":"accessoires-pour-perceuses","status":"publish","type":"page","link":"https:\/\/www.rotador.de\/fr\/accessoires-pour-perceuses\/","title":{"rendered":"Accessoires pour perceuses"},"content":{"rendered":"<p>[et_pb_section bb_built=\u00a0\u00bb1&Prime; admin_label=\u00a0\u00bbsection\u00a0\u00bb _builder_version=\u00a0\u00bb3.0.50&Prime; background_color=\u00a0\u00bb#dddddd\u00a0\u00bb][et_pb_row background_position=\u00a0\u00bbtop_left\u00a0\u00bb background_repeat=\u00a0\u00bbrepeat\u00a0\u00bb background_size=\u00a0\u00bbinitial\u00a0\u00bb _builder_version=\u00a0\u00bb3.0.56&Prime;][et_pb_column type=\u00a0\u00bb4_4&Prime;][et_pb_text _builder_version=\u00a0\u00bb3.0.61&Prime; background_layout=\u00a0\u00bblight\u00a0\u00bb text_orientation=\u00a0\u00bbleft\u00a0\u00bb border_style=\u00a0\u00bbsolid\u00a0\u00bb]<\/p>\n<h2>Accessoires pour perceuses pneumatiques<\/h2>\n<p>[\/et_pb_text][et_pb_divider _builder_version=\u00a0\u00bb3.0.50&Prime; show_divider=\u00a0\u00bbon\u00a0\u00bb divider_style=\u00a0\u00bbsolid\u00a0\u00bb divider_position=\u00a0\u00bbcenter\u00a0\u00bb divider_weight=\u00a0\u00bb3&Prime; hide_on_mobile=\u00a0\u00bbon\u00a0\u00bb disabled_on=\u00a0\u00bbon|on|off\u00a0\u00bb \/][et_pb_text _builder_version=\u00a0\u00bb3.0.61&Prime; background_layout=\u00a0\u00bblight\u00a0\u00bb text_orientation=\u00a0\u00bbleft\u00a0\u00bb border_style=\u00a0\u00bbsolid\u00a0\u00bb]<\/p>\n<h3>Raccords pneumatiques<\/h3>\n<p>[\/et_pb_text][et_pb_gallery _builder_version=\u00a0\u00bb3.0.65&Prime; posts_number=\u00a0\u00bb15&Prime; show_title_and_caption=\u00a0\u00bbon\u00a0\u00bb show_pagination=\u00a0\u00bbon\u00a0\u00bb fullwidth=\u00a0\u00bboff\u00a0\u00bb orientation=\u00a0\u00bblandscape\u00a0\u00bb zoom_icon_color=\u00a0\u00bb#0f00a7&Prime; hover_overlay_color=\u00a0\u00bbrgba(255,255,255,0.9)\u00a0\u00bb background_layout=\u00a0\u00bblight\u00a0\u00bb border_style=\u00a0\u00bbsolid\u00a0\u00bb auto=\u00a0\u00bboff\u00a0\u00bb gallery_ids=\u00a0\u00bb7236,11014,7237,7238,8849,8850,7241,8851,7242,8852,7243,8853,8820,7244&Prime; title_font_size=\u00a0\u00bb14&Prime; \/][et_pb_divider _builder_version=\u00a0\u00bb3.0.50&Prime; show_divider=\u00a0\u00bbon\u00a0\u00bb divider_style=\u00a0\u00bbsolid\u00a0\u00bb divider_position=\u00a0\u00bbcenter\u00a0\u00bb divider_weight=\u00a0\u00bb3&Prime; hide_on_mobile=\u00a0\u00bbon\u00a0\u00bb disabled_on=\u00a0\u00bbon|on|off\u00a0\u00bb \/][et_pb_text _builder_version=\u00a0\u00bb3.0.61&Prime; background_layout=\u00a0\u00bblight\u00a0\u00bb text_orientation=\u00a0\u00bbleft\u00a0\u00bb border_style=\u00a0\u00bbsolid\u00a0\u00bb]<\/p>\n<h3>Forets<\/h3>\n<p><strong>Des informations compl\u00e9mentaires sur les produits sont disponibles dans la rubrique Produits\u00a0: Forets<\/strong><\/p>\n<h4><strong>Forets \u00e0 d\u00e9pointer les points de soudure HSCo<\/strong><\/h4>\n<p>[\/et_pb_text][et_pb_gallery _builder_version=\u00a0\u00bb3.0.98&Prime; posts_number=\u00a0\u00bb15&Prime; show_title_and_caption=\u00a0\u00bbon\u00a0\u00bb show_pagination=\u00a0\u00bbon\u00a0\u00bb fullwidth=\u00a0\u00bboff\u00a0\u00bb orientation=\u00a0\u00bblandscape\u00a0\u00bb zoom_icon_color=\u00a0\u00bb#0f00a7&Prime; hover_overlay_color=\u00a0\u00bbrgba(255,255,255,0.9)\u00a0\u00bb background_layout=\u00a0\u00bblight\u00a0\u00bb gallery_ids=\u00a0\u00bb13007,13004,12983&Prime; title_font_size=\u00a0\u00bb14&Prime; pagination_font_size_tablet=\u00a0\u00bb51&Prime; pagination_line_height_tablet=\u00a0\u00bb2&Prime; \/][et_pb_text _builder_version=\u00a0\u00bb3.0.61&Prime; background_layout=\u00a0\u00bblight\u00a0\u00bb text_orientation=\u00a0\u00bbleft\u00a0\u00bb border_style=\u00a0\u00bbsolid\u00a0\u00bb]<\/p>\n<h4><strong>Forets \u00e0 d\u00e9pointer les points de soudure HSCo-TIN<\/strong><\/h4>\n<p>[\/et_pb_text][et_pb_gallery _builder_version=\u00a0\u00bb3.0.98&Prime; posts_number=\u00a0\u00bb15&Prime; show_title_and_caption=\u00a0\u00bbon\u00a0\u00bb show_pagination=\u00a0\u00bbon\u00a0\u00bb fullwidth=\u00a0\u00bboff\u00a0\u00bb orientation=\u00a0\u00bblandscape\u00a0\u00bb zoom_icon_color=\u00a0\u00bb#0f00a7&Prime; hover_overlay_color=\u00a0\u00bbrgba(255,255,255,0.9)\u00a0\u00bb background_layout=\u00a0\u00bblight\u00a0\u00bb gallery_ids=\u00a0\u00bb13010,13013&Prime; title_font_size=\u00a0\u00bb14&Prime; pagination_font_size_tablet=\u00a0\u00bb51&Prime; pagination_line_height_tablet=\u00a0\u00bb2&Prime; \/][et_pb_text _builder_version=\u00a0\u00bb3.0.98&Prime; background_layout=\u00a0\u00bblight\u00a0\u00bb]<\/p>\n<h4><strong>Forets \u00e0 d\u00e9pointer les points de soudure HSCo-TICN<\/strong><\/h4>\n<p>[\/et_pb_text][et_pb_gallery _builder_version=\u00a0\u00bb3.0.98&Prime; posts_number=\u00a0\u00bb15&Prime; show_title_and_caption=\u00a0\u00bbon\u00a0\u00bb show_pagination=\u00a0\u00bbon\u00a0\u00bb fullwidth=\u00a0\u00bboff\u00a0\u00bb orientation=\u00a0\u00bblandscape\u00a0\u00bb zoom_icon_color=\u00a0\u00bb#0f00a7&Prime; hover_overlay_color=\u00a0\u00bbrgba(255,255,255,0.9)\u00a0\u00bb background_layout=\u00a0\u00bblight\u00a0\u00bb gallery_ids=\u00a0\u00bb13058,13034,13037&Prime; title_font_size=\u00a0\u00bb14&Prime; pagination_font_size_tablet=\u00a0\u00bb51&Prime; pagination_line_height_tablet=\u00a0\u00bb2&Prime; \/][\/et_pb_column][\/et_pb_row][\/et_pb_section]<\/p>\n","protected":false},"excerpt":{"rendered":"<p>Accessoires pour perceuses pneumatiques Raccords pneumatiques Forets Des informations compl\u00e9mentaires sur les produits sont disponibles dans la rubrique Produits\u00a0: Forets Forets \u00e0 d\u00e9pointer les points de soudure HSCo Forets \u00e0 d\u00e9pointer les points de soudure HSCo-TIN Forets \u00e0 d\u00e9pointer les points de soudure HSCo-TICN<\/p>\n","protected":false},"author":7,"featured_media":0,"parent":0,"menu_order":801,"comment_status":"closed","ping_status":"closed","template":"","meta":{"_et_pb_use_builder":"on","_et_pb_old_content":"","_et_gb_content_width":"","footnotes":""},"class_list":["post-19204","page","type-page","status-publish","hentry"],"_links":{"self":[{"href":"https:\/\/www.rotador.de\/fr\/wp-json\/wp\/v2\/pages\/19204","targetHints":{"allow":["GET"]}}],"collection":[{"href":"https:\/\/www.rotador.de\/fr\/wp-json\/wp\/v2\/pages"}],"about":[{"href":"https:\/\/www.rotador.de\/fr\/wp-json\/wp\/v2\/types\/page"}],"author":[{"embeddable":true,"href":"https:\/\/www.rotador.de\/fr\/wp-json\/wp\/v2\/users\/7"}],"replies":[{"embeddable":true,"href":"https:\/\/www.rotador.de\/fr\/wp-json\/wp\/v2\/comments?post=19204"}],"version-history":[{"count":11,"href":"https:\/\/www.rotador.de\/fr\/wp-json\/wp\/v2\/pages\/19204\/revisions"}],"predecessor-version":[{"id":23387,"href":"https:\/\/www.rotador.de\/fr\/wp-json\/wp\/v2\/pages\/19204\/revisions\/23387"}],"wp:attachment":[{"href":"https:\/\/www.rotador.de\/fr\/wp-json\/wp\/v2\/media?parent=19204"}],"curies":[{"name":"wp","href":"https:\/\/api.w.org\/{rel}","templated":true}]}}