{"id":19220,"date":"2017-11-21T10:28:36","date_gmt":"2017-11-21T10:28:36","guid":{"rendered":"http:\/\/www.bendel.de\/perceuse-dangle-3-8-d-6030\/"},"modified":"2018-07-06T18:13:13","modified_gmt":"2018-07-06T18:13:13","slug":"perceuse-dangle-3-8-d-6030","status":"publish","type":"page","link":"https:\/\/www.rotador.de\/fr\/perceuse-dangle-3-8-d-6030\/","title":{"rendered":"Perceuse d&rsquo;angle 3\/8\u201c D-6030"},"content":{"rendered":"<p>[et_pb_section bb_built=\u00a0\u00bb1&Prime; admin_label=\u00a0\u00bbSection\u00a0\u00bb fullwidth=\u00a0\u00bboff\u00a0\u00bb specialty=\u00a0\u00bbon\u00a0\u00bb][et_pb_column type=\u00a0\u00bb1_2&Prime;][et_pb_text background_layout=\u00a0\u00bblight\u00a0\u00bb background_position=\u00a0\u00bbtop_left\u00a0\u00bb background_repeat=\u00a0\u00bbrepeat\u00a0\u00bb background_size=\u00a0\u00bbinitial\u00a0\u00bb _builder_version=\u00a0\u00bb3.0.91&Prime; module_alignment=\u00a0\u00bbleft\u00a0\u00bb]<\/p>\n<h2><strong>D-6030<\/strong><\/h2>\n<h2>Perceuse de pr\u00e9cision 3\/8&Prime; avec mandrin auto-serrant<\/h2>\n<p>&nbsp;<\/p>\n<h3>R\u00e9f.art.\u00a0: <strong>600 535<\/strong><\/h3>\n<p>[\/et_pb_text][et_pb_image src=\u00a0\u00bbhttps:\/\/www.bendel.de\/wp-content\/uploads\/2017\/01\/D-6030.jpg\u00a0\u00bb alt=\u00a0\u00bbPerceuse d&amp;apos;angle 3\/8&amp;quot; D-6030&Prime; title_text=\u00a0\u00bbPerceuse d&amp;apos;angle 3\/8&amp;quot; D-6030&Prime; show_in_lightbox=\u00a0\u00bbon\u00a0\u00bb url_new_window=\u00a0\u00bboff\u00a0\u00bb use_overlay=\u00a0\u00bboff\u00a0\u00bb animation=\u00a0\u00bboff\u00a0\u00bb sticky=\u00a0\u00bboff\u00a0\u00bb align=\u00a0\u00bbleft\u00a0\u00bb force_fullwidth=\u00a0\u00bboff\u00a0\u00bb always_center_on_mobile=\u00a0\u00bbon\u00a0\u00bb use_border_color=\u00a0\u00bboff\u00a0\u00bb border_color=\u00a0\u00bb#ffffff\u00a0\u00bb border_style=\u00a0\u00bbsolid\u00a0\u00bb show_bottom_space=\u00a0\u00bbon\u00a0\u00bb animation_style=\u00a0\u00bbnone\u00a0\u00bb animation_duration=\u00a0\u00bb1000ms\u00a0\u00bb animation_intensity_slide=\u00a0\u00bb50%\u00a0\u00bb \/][et_pb_text background_layout=\u00a0\u00bblight\u00a0\u00bb text_orientation=\u00a0\u00bbleft\u00a0\u00bb border_style=\u00a0\u00bbsolid\u00a0\u00bb custom_margin=\u00a0\u00bb||0px|\u00a0\u00bb saved_tabs=\u00a0\u00bball\u00a0\u00bb background_position=\u00a0\u00bbtop_left\u00a0\u00bb background_repeat=\u00a0\u00bbrepeat\u00a0\u00bb background_size=\u00a0\u00bbinitial\u00a0\u00bb _builder_version=\u00a0\u00bb3.0.53&Prime; module_alignment=\u00a0\u00bbleft\u00a0\u00bb]<\/p>\n<h5>VUE \u00c9CLAT\u00c9E :<\/h5>\n<p>[\/et_pb_text][et_pb_button button_url=\u00a0\u00bbhttps:\/\/www.bendel.de\/wp-content\/uploads\/2017\/06\/D-6030.pdf\u00a0\u00bb url_new_window=\u00a0\u00bbon\u00a0\u00bb button_text=\u00a0\u00bbPDF Download\u00a0\u00bb button_alignment=\u00a0\u00bbleft\u00a0\u00bb background_layout=\u00a0\u00bblight\u00a0\u00bb custom_button=\u00a0\u00bbon\u00a0\u00bb button_icon_placement=\u00a0\u00bbright\u00a0\u00bb button_text_size=\u00a0\u00bb15&Prime; button_bg_color=\u00a0\u00bb#0f00a7&Prime; button_font=\u00a0\u00bbSource Sans Pro|on|||\u00a0\u00bb button_icon=\u00a0\u00bb%%59%%\u00a0\u00bb button_icon_color=\u00a0\u00bb#ffffff\u00a0\u00bb button_border_radius_hover=\u00a0\u00bb4&Prime; button_text_color=\u00a0\u00bb#ffffff\u00a0\u00bb button_border_width=\u00a0\u00bb7&Prime; _builder_version=\u00a0\u00bb3.0.83&Prime; \/][\/et_pb_column][et_pb_column type=\u00a0\u00bb1_2&Prime; specialty_columns=\u00a0\u00bb2&Prime;][et_pb_row_inner admin_label=\u00a0\u00bbRow\u00a0\u00bb padding_mobile=\u00a0\u00bboff\u00a0\u00bb use_custom_gutter=\u00a0\u00bboff\u00a0\u00bb column_padding_mobile=\u00a0\u00bbon\u00a0\u00bb make_equal=\u00a0\u00bbon\u00a0\u00bb parallax_1=\u00a0\u00bboff\u00a0\u00bb parallax_method_1=\u00a0\u00bboff\u00a0\u00bb parallax_2=\u00a0\u00bboff\u00a0\u00bb parallax_method_2=\u00a0\u00bboff\u00a0\u00bb][et_pb_column_inner type=\u00a0\u00bb4_4&Prime; saved_specialty_column_type=\u00a0\u00bb1_2&Prime;][et_pb_text background_layout=\u00a0\u00bblight\u00a0\u00bb use_border_color=\u00a0\u00bboff\u00a0\u00bb saved_tabs=\u00a0\u00bball\u00a0\u00bb module_alignment=\u00a0\u00bbleft\u00a0\u00bb border_color_all=\u00a0\u00bb#ffffff\u00a0\u00bb _builder_version=\u00a0\u00bb3.0.91&Prime;]<\/p>\n<hr class=\"linie100g\" \/>\n<h6>\n<table id=\"tablepress-758\" class=\"tablepress tablepress-id-758\">\n<tbody>\n<tr class=\"row-1\">\n\t<td class=\"column-1\">R\u00e9gime \u00e0 vide<\/td><td class=\"column-2\">2\u00a0200 tr\/min<\/td>\n<\/tr>\n<tr class=\"row-2\">\n\t<td class=\"column-1\">Mandrin<\/td><td class=\"column-2\">10 mm<\/td>\n<\/tr>\n<tr class=\"row-3\">\n\t<td class=\"column-1\">Entra\u00eenement<\/td><td class=\"column-2\">rotation \u00e0 droite<\/td>\n<\/tr>\n<tr class=\"row-4\">\n\t<td class=\"column-1\">Poids<\/td><td class=\"column-2\">1,1 kg<\/td>\n<\/tr>\n<tr class=\"row-5\">\n\t<td class=\"column-1\">Pression d'air<\/td><td class=\"column-2\">6,3 bar<\/td>\n<\/tr>\n<tr class=\"row-6\">\n\t<td class=\"column-1\">Raccord d'air comprim\u00e9<\/td><td class=\"column-2\">1\/4\"<\/td>\n<\/tr>\n<tr class=\"row-7\">\n\t<td class=\"column-1\">Pression acoustique<\/td><td class=\"column-2\">81 dB\/A<\/td>\n<\/tr>\n<\/tbody>\n<\/table>\n<!-- #tablepress-758 from cache --><\/h6>\n<hr class=\"linie100g\" \/>\n<p>[\/et_pb_text][et_pb_text background_layout=\u00a0\u00bblight\u00a0\u00bb text_orientation=\u00a0\u00bbleft\u00a0\u00bb use_border_color=\u00a0\u00bboff\u00a0\u00bb border_color=\u00a0\u00bb#ffffff\u00a0\u00bb border_style=\u00a0\u00bbsolid\u00a0\u00bb background_position=\u00a0\u00bbtop_left\u00a0\u00bb background_repeat=\u00a0\u00bbrepeat\u00a0\u00bb background_size=\u00a0\u00bbinitial\u00a0\u00bb _builder_version=\u00a0\u00bb3.0.59&Prime; module_alignment=\u00a0\u00bbleft\u00a0\u00bb border_color_all=\u00a0\u00bb#ffffff\u00a0\u00bb border_style_all=\u00a0\u00bbsolid\u00a0\u00bb]<\/p>\n<p><strong>Perceuse d&rsquo;angle 3\/8&Prime; performante avec mandrin auto-serrant, poign\u00e9e composite isol\u00e9e avec guidage de l&rsquo;air \u00e9vacu\u00e9 et vitesse de rotation r\u00e9glable en continu.<\/strong> L&rsquo;appareil dispose d&rsquo;un raccord de graissage pour le renvoi d&rsquo;angle. Le silencieux int\u00e9gr\u00e9 veille \u00e0 une r\u00e9duction plaisante du bruit. Avec sa faible hauteur de conception, la perceuse d&rsquo;angle convient remarquablement bien aux espaces de travail exigus. <strong>Recommand\u00e9e pour les ateliers de carrosserie, la construction m\u00e9tallique et la construction d&rsquo;expositions.<\/strong><\/p>\n<p>[\/et_pb_text][\/et_pb_column_inner][\/et_pb_row_inner][\/et_pb_column][\/et_pb_section][et_pb_section bb_built=\u00a0\u00bb1&Prime; fullwidth=\u00a0\u00bboff\u00a0\u00bb specialty=\u00a0\u00bboff\u00a0\u00bb transparent_background=\u00a0\u00bboff\u00a0\u00bb background_color=\u00a0\u00bb#dddddd\u00a0\u00bb allow_player_pause=\u00a0\u00bboff\u00a0\u00bb inner_shadow=\u00a0\u00bboff\u00a0\u00bb parallax=\u00a0\u00bboff\u00a0\u00bb parallax_method=\u00a0\u00bbon\u00a0\u00bb make_fullwidth=\u00a0\u00bboff\u00a0\u00bb use_custom_width=\u00a0\u00bboff\u00a0\u00bb width_unit=\u00a0\u00bbon\u00a0\u00bb make_equal=\u00a0\u00bboff\u00a0\u00bb use_custom_gutter=\u00a0\u00bboff\u00a0\u00bb custom_padding=\u00a0\u00bb0px||0px|\u00a0\u00bb][et_pb_row background_position=\u00a0\u00bbtop_left\u00a0\u00bb background_repeat=\u00a0\u00bbrepeat\u00a0\u00bb background_size=\u00a0\u00bbinitial\u00a0\u00bb][et_pb_column type=\u00a0\u00bb4_4&Prime;][et_pb_text background_layout=\u00a0\u00bblight\u00a0\u00bb text_orientation=\u00a0\u00bbleft\u00a0\u00bb use_border_color=\u00a0\u00bboff\u00a0\u00bb border_color=\u00a0\u00bb#ffffff\u00a0\u00bb border_style=\u00a0\u00bbsolid\u00a0\u00bb background_position=\u00a0\u00bbtop_left\u00a0\u00bb background_repeat=\u00a0\u00bbrepeat\u00a0\u00bb background_size=\u00a0\u00bbinitial\u00a0\u00bb module_alignment=\u00a0\u00bbleft\u00a0\u00bb]<\/p>\n<h5>ACCESSOIRES\u00a0:<\/h5>\n<p>[\/et_pb_text][et_pb_gallery gallery_ids=\u00a0\u00bb7236,7239,7240,7241,7242,7243,7244,7245&Prime; fullwidth=\u00a0\u00bboff\u00a0\u00bb orientation=\u00a0\u00bblandscape\u00a0\u00bb show_title_and_caption=\u00a0\u00bbon\u00a0\u00bb show_pagination=\u00a0\u00bbon\u00a0\u00bb background_layout=\u00a0\u00bblight\u00a0\u00bb auto=\u00a0\u00bboff\u00a0\u00bb hover_overlay_color=\u00a0\u00bbrgba(255,255,255,0.9)\u00a0\u00bb caption_line_height=\u00a0\u00bb14px\u00a0\u00bb title_font_size=\u00a0\u00bb14&Prime; use_border_color=\u00a0\u00bboff\u00a0\u00bb border_color=\u00a0\u00bb#ffffff\u00a0\u00bb border_style=\u00a0\u00bbsolid\u00a0\u00bb posts_number=\u00a0\u00bb12&Prime; saved_tabs=\u00a0\u00bball\u00a0\u00bb \/][et_pb_divider color=\u00a0\u00bb#ffffff\u00a0\u00bb show_divider=\u00a0\u00bbon\u00a0\u00bb divider_style=\u00a0\u00bbsolid\u00a0\u00bb divider_position=\u00a0\u00bbcenter\u00a0\u00bb hide_on_mobile=\u00a0\u00bbon\u00a0\u00bb divider_weight=\u00a0\u00bb3&Prime; disabled_on=\u00a0\u00bbon|on|off\u00a0\u00bb \/][\/et_pb_column][\/et_pb_row][\/et_pb_section][et_pb_section bb_built=\u00a0\u00bb1&Prime; fullwidth=\u00a0\u00bboff\u00a0\u00bb specialty=\u00a0\u00bboff\u00a0\u00bb transparent_background=\u00a0\u00bboff\u00a0\u00bb background_color=\u00a0\u00bb#dddddd\u00a0\u00bb allow_player_pause=\u00a0\u00bboff\u00a0\u00bb inner_shadow=\u00a0\u00bboff\u00a0\u00bb parallax=\u00a0\u00bboff\u00a0\u00bb parallax_method=\u00a0\u00bbon\u00a0\u00bb make_fullwidth=\u00a0\u00bboff\u00a0\u00bb use_custom_width=\u00a0\u00bboff\u00a0\u00bb width_unit=\u00a0\u00bbon\u00a0\u00bb make_equal=\u00a0\u00bboff\u00a0\u00bb use_custom_gutter=\u00a0\u00bboff\u00a0\u00bb custom_padding=\u00a0\u00bb0px||0px|\u00a0\u00bb][et_pb_row background_position=\u00a0\u00bbtop_left\u00a0\u00bb background_repeat=\u00a0\u00bbrepeat\u00a0\u00bb background_size=\u00a0\u00bbinitial\u00a0\u00bb][et_pb_column type=\u00a0\u00bb4_4&Prime;][et_pb_text background_layout=\u00a0\u00bblight\u00a0\u00bb text_orientation=\u00a0\u00bbleft\u00a0\u00bb use_border_color=\u00a0\u00bboff\u00a0\u00bb border_color=\u00a0\u00bb#ffffff\u00a0\u00bb border_style=\u00a0\u00bbsolid\u00a0\u00bb background_position=\u00a0\u00bbtop_left\u00a0\u00bb background_repeat=\u00a0\u00bbrepeat\u00a0\u00bb background_size=\u00a0\u00bbinitial\u00a0\u00bb module_alignment=\u00a0\u00bbleft\u00a0\u00bb]<\/p>\n<h5>AUTRES VUES\u00a0:<\/h5>\n<p>[\/et_pb_text][et_pb_gallery fullwidth=\u00a0\u00bboff\u00a0\u00bb posts_number=\u00a0\u00bb10&Prime; orientation=\u00a0\u00bblandscape\u00a0\u00bb show_title_and_caption=\u00a0\u00bboff\u00a0\u00bb show_pagination=\u00a0\u00bbon\u00a0\u00bb background_layout=\u00a0\u00bblight\u00a0\u00bb hover_overlay_color=\u00a0\u00bbrgba(255,255,255,0.9)\u00a0\u00bb caption_line_height=\u00a0\u00bb14px\u00a0\u00bb title_font_size=\u00a0\u00bb14&Prime; saved_tabs=\u00a0\u00bball\u00a0\u00bb gallery_ids=\u00a0\u00bb5564,5565,5566,5567,5568,5569,5571&Prime; _builder_version=\u00a0\u00bb3.0.83&Prime; zoom_icon_color=\u00a0\u00bb#0f00a7&Prime; pagination_font_size_tablet=\u00a0\u00bb51&Prime; pagination_line_height_tablet=\u00a0\u00bb2&Prime; \/][et_pb_divider color=\u00a0\u00bb#ffffff\u00a0\u00bb show_divider=\u00a0\u00bbon\u00a0\u00bb divider_style=\u00a0\u00bbsolid\u00a0\u00bb divider_position=\u00a0\u00bbcenter\u00a0\u00bb hide_on_mobile=\u00a0\u00bbon\u00a0\u00bb divider_weight=\u00a0\u00bb3&Prime; disabled_on=\u00a0\u00bbon|on|off\u00a0\u00bb \/][\/et_pb_column][\/et_pb_row][\/et_pb_section]<\/p>\n","protected":false},"excerpt":{"rendered":"<p>D-6030 Perceuse de pr\u00e9cision 3\/8&Prime; avec mandrin auto-serrant &nbsp; R\u00e9f.art.\u00a0: 600 535 VUE \u00c9CLAT\u00c9E : \n<table id=\"tablepress-758-no-2\" class=\"tablepress tablepress-id-758\">\n<tbody>\n<tr class=\"row-1\">\n\t<td class=\"column-1\">R\u00e9gime \u00e0 vide<\/td><td class=\"column-2\">2\u00a0200 tr\/min<\/td>\n<\/tr>\n<tr class=\"row-2\">\n\t<td class=\"column-1\">Mandrin<\/td><td class=\"column-2\">10 mm<\/td>\n<\/tr>\n<tr class=\"row-3\">\n\t<td class=\"column-1\">Entra\u00eenement<\/td><td class=\"column-2\">rotation \u00e0 droite<\/td>\n<\/tr>\n<tr class=\"row-4\">\n\t<td class=\"column-1\">Poids<\/td><td class=\"column-2\">1,1 kg<\/td>\n<\/tr>\n<tr class=\"row-5\">\n\t<td class=\"column-1\">Pression d'air<\/td><td class=\"column-2\">6,3 bar<\/td>\n<\/tr>\n<tr class=\"row-6\">\n\t<td class=\"column-1\">Raccord d'air comprim\u00e9<\/td><td class=\"column-2\">1\/4\"<\/td>\n<\/tr>\n<tr class=\"row-7\">\n\t<td class=\"column-1\">Pression acoustique<\/td><td class=\"column-2\">81 dB\/A<\/td>\n<\/tr>\n<\/tbody>\n<\/table>\n Perceuse d&rsquo;angle 3\/8&Prime; performante avec mandrin auto-serrant, poign\u00e9e composite isol\u00e9e avec guidage de l&rsquo;air \u00e9vacu\u00e9 et vitesse de rotation r\u00e9glable en continu. L&rsquo;appareil dispose d&rsquo;un raccord de graissage pour le renvoi d&rsquo;angle. Le silencieux int\u00e9gr\u00e9 veille \u00e0 [&hellip;]<\/p>\n","protected":false},"author":7,"featured_media":0,"parent":0,"menu_order":242,"comment_status":"closed","ping_status":"closed","template":"","meta":{"_et_pb_use_builder":"on","_et_pb_old_content":"","_et_gb_content_width":"","footnotes":""},"class_list":["post-19220","page","type-page","status-publish","hentry"],"_links":{"self":[{"href":"https:\/\/www.rotador.de\/fr\/wp-json\/wp\/v2\/pages\/19220","targetHints":{"allow":["GET"]}}],"collection":[{"href":"https:\/\/www.rotador.de\/fr\/wp-json\/wp\/v2\/pages"}],"about":[{"href":"https:\/\/www.rotador.de\/fr\/wp-json\/wp\/v2\/types\/page"}],"author":[{"embeddable":true,"href":"https:\/\/www.rotador.de\/fr\/wp-json\/wp\/v2\/users\/7"}],"replies":[{"embeddable":true,"href":"https:\/\/www.rotador.de\/fr\/wp-json\/wp\/v2\/comments?post=19220"}],"version-history":[{"count":9,"href":"https:\/\/www.rotador.de\/fr\/wp-json\/wp\/v2\/pages\/19220\/revisions"}],"predecessor-version":[{"id":23043,"href":"https:\/\/www.rotador.de\/fr\/wp-json\/wp\/v2\/pages\/19220\/revisions\/23043"}],"wp:attachment":[{"href":"https:\/\/www.rotador.de\/fr\/wp-json\/wp\/v2\/media?parent=19220"}],"curies":[{"name":"wp","href":"https:\/\/api.w.org\/{rel}","templated":true}]}}