{"id":19249,"date":"2017-11-21T10:28:40","date_gmt":"2017-11-21T10:28:40","guid":{"rendered":"http:\/\/www.bendel.de\/ponceuse-excentrique-c-3377-vp6\/"},"modified":"2018-07-06T18:13:04","modified_gmt":"2018-07-06T18:13:04","slug":"ponceuse-excentrique-c-3377-vp6","status":"publish","type":"page","link":"https:\/\/www.rotador.de\/fr\/ponceuse-excentrique-c-3377-vp6\/","title":{"rendered":"Ponceuse excentrique C-3377 VP6"},"content":{"rendered":"<p>[et_pb_section bb_built=\u00a0\u00bb1&Prime; fullwidth=\u00a0\u00bbon\u00a0\u00bb specialty=\u00a0\u00bboff\u00a0\u00bb][et_pb_fullwidth_menu global_module=\u00a0\u00bb4443&Prime; saved_tabs=\u00a0\u00bball\u00a0\u00bb menu_id=\u00a0\u00bb46&Prime; background_color=\u00a0\u00bb#0f00a7&Prime; background_layout=\u00a0\u00bbdark\u00a0\u00bb text_orientation=\u00a0\u00bbcenter\u00a0\u00bb submenu_direction=\u00a0\u00bbdownwards\u00a0\u00bb fullwidth_menu=\u00a0\u00bbon\u00a0\u00bb dropdown_menu_bg_color=\u00a0\u00bbrgba(0,17,73,0.68)\u00a0\u00bb dropdown_menu_animation=\u00a0\u00bbfade\u00a0\u00bb menu_font=\u00a0\u00bbSource Sans Pro|on||on|\u00a0\u00bb menu_font_size=\u00a0\u00bb16px\u00a0\u00bb \/][\/et_pb_section][et_pb_section bb_built=\u00a0\u00bb1&Prime; admin_label=\u00a0\u00bbSection\u00a0\u00bb fullwidth=\u00a0\u00bboff\u00a0\u00bb specialty=\u00a0\u00bbon\u00a0\u00bb][et_pb_column type=\u00a0\u00bb1_2&Prime;][et_pb_text background_layout=\u00a0\u00bblight\u00a0\u00bb text_orientation=\u00a0\u00bbleft\u00a0\u00bb use_border_color=\u00a0\u00bboff\u00a0\u00bb border_color=\u00a0\u00bb#ffffff\u00a0\u00bb border_style=\u00a0\u00bbsolid\u00a0\u00bb background_position=\u00a0\u00bbtop_left\u00a0\u00bb background_repeat=\u00a0\u00bbrepeat\u00a0\u00bb background_size=\u00a0\u00bbinitial\u00a0\u00bb module_alignment=\u00a0\u00bbleft\u00a0\u00bb]<\/p>\n<h2><strong>C-3377 VP6<\/strong><\/h2>\n<h2>Ponceuse excentrique avec aspiration des poussi\u00e8res<\/h2>\n<p>&nbsp;<\/p>\n<h3>R\u00e9f.art.\u00a0: 600 443<\/h3>\n<p>[\/et_pb_text][et_pb_image src=\u00a0\u00bbhttps:\/\/www.bendel.de\/wp-content\/uploads\/2017\/01\/C-3377.jpg\u00a0\u00bb alt=\u00a0\u00bbPonceuse excentrique avec aspiration des poussi&amp;egrave;res C-3377 VP6&Prime; title_text=\u00a0\u00bbPonceuse excentrique avec aspiration des poussi&amp;egrave;res C-3377 VP6&Prime; show_in_lightbox=\u00a0\u00bbon\u00a0\u00bb url_new_window=\u00a0\u00bboff\u00a0\u00bb use_overlay=\u00a0\u00bboff\u00a0\u00bb animation=\u00a0\u00bboff\u00a0\u00bb sticky=\u00a0\u00bboff\u00a0\u00bb align=\u00a0\u00bbleft\u00a0\u00bb force_fullwidth=\u00a0\u00bboff\u00a0\u00bb always_center_on_mobile=\u00a0\u00bbon\u00a0\u00bb use_border_color=\u00a0\u00bboff\u00a0\u00bb border_color=\u00a0\u00bb#ffffff\u00a0\u00bb border_style=\u00a0\u00bbsolid\u00a0\u00bb show_bottom_space=\u00a0\u00bbon\u00a0\u00bb animation_style=\u00a0\u00bbnone\u00a0\u00bb animation_duration=\u00a0\u00bb1000ms\u00a0\u00bb animation_intensity_slide=\u00a0\u00bb50%\u00a0\u00bb]<\/p>\n<p>&nbsp;<\/p>\n<p>[\/et_pb_image][et_pb_text background_layout=\u00a0\u00bblight\u00a0\u00bb text_orientation=\u00a0\u00bbleft\u00a0\u00bb border_style=\u00a0\u00bbsolid\u00a0\u00bb custom_margin=\u00a0\u00bb||0px|\u00a0\u00bb saved_tabs=\u00a0\u00bball\u00a0\u00bb background_position=\u00a0\u00bbtop_left\u00a0\u00bb background_repeat=\u00a0\u00bbrepeat\u00a0\u00bb background_size=\u00a0\u00bbinitial\u00a0\u00bb _builder_version=\u00a0\u00bb3.0.53&Prime; module_alignment=\u00a0\u00bbleft\u00a0\u00bb]<\/p>\n<h5>VUE \u00c9CLAT\u00c9E :<\/h5>\n<p>[\/et_pb_text][et_pb_button button_url=\u00a0\u00bbhttps:\/\/www.bendel.de\/wp-content\/uploads\/2017\/01\/c-3377.pdf\u00a0\u00bb url_new_window=\u00a0\u00bbon\u00a0\u00bb button_text=\u00a0\u00bbPDF Download\u00a0\u00bb button_alignment=\u00a0\u00bbleft\u00a0\u00bb background_layout=\u00a0\u00bblight\u00a0\u00bb custom_button=\u00a0\u00bbon\u00a0\u00bb button_icon_placement=\u00a0\u00bbright\u00a0\u00bb button_text_size=\u00a0\u00bb15&Prime; button_bg_color=\u00a0\u00bb#0f00a7&Prime; button_font=\u00a0\u00bbSource Sans Pro|on|||\u00a0\u00bb button_icon=\u00a0\u00bb%%59%%\u00a0\u00bb button_icon_color=\u00a0\u00bb#ffffff\u00a0\u00bb button_border_radius_hover=\u00a0\u00bb4&Prime; button_text_color=\u00a0\u00bb#ffffff\u00a0\u00bb button_border_width=\u00a0\u00bb7&Prime; _builder_version=\u00a0\u00bb3.0.83&Prime;]<\/p>\n<p>&nbsp;<\/p>\n<p>[\/et_pb_button][\/et_pb_column][et_pb_column type=\u00a0\u00bb1_2&Prime; specialty_columns=\u00a0\u00bb2&Prime;][et_pb_row_inner admin_label=\u00a0\u00bbZeile\u00a0\u00bb][et_pb_column_inner type=\u00a0\u00bb4_4&Prime; saved_specialty_column_type=\u00a0\u00bb1_2&Prime;][et_pb_text background_layout=\u00a0\u00bblight\u00a0\u00bb use_border_color=\u00a0\u00bboff\u00a0\u00bb saved_tabs=\u00a0\u00bball\u00a0\u00bb module_alignment=\u00a0\u00bbleft\u00a0\u00bb border_color_all=\u00a0\u00bb#ffffff\u00a0\u00bb _builder_version=\u00a0\u00bb3.0.91&Prime;]<\/p>\n<hr class=\"linie100g\" \/>\n<h6>\n<table id=\"tablepress-732\" class=\"tablepress tablepress-id-732\">\n<tbody>\n<tr class=\"row-1\">\n\t<td class=\"column-1\">R\u00e9gime \u00e0 vide<\/td><td class=\"column-2\">10\u00a0000 tr\/min<\/td>\n<\/tr>\n<tr class=\"row-2\">\n\t<td class=\"column-1\">Course<\/td><td class=\"column-2\">5 mm<\/td>\n<\/tr>\n<tr class=\"row-3\">\n\t<td class=\"column-1\">Plateau-support<\/td><td class=\"column-2\">mod\u00e8le auto-agrippant 152 mm \/ 6\"<\/td>\n<\/tr>\n<tr class=\"row-4\">\n\t<td class=\"column-1\">Poids<\/td><td class=\"column-2\">0,8 kg<\/td>\n<\/tr>\n<tr class=\"row-5\">\n\t<td class=\"column-1\">Pression d'air<\/td><td class=\"column-2\">6,3 bar<\/td>\n<\/tr>\n<tr class=\"row-6\">\n\t<td class=\"column-1\">Raccord d'air comprim\u00e9<\/td><td class=\"column-2\">1\/4\"<\/td>\n<\/tr>\n<tr class=\"row-7\">\n\t<td class=\"column-1\">Pression acoustique<\/td><td class=\"column-2\">79 dB\/A<\/td>\n<\/tr>\n<\/tbody>\n<\/table>\n<!-- #tablepress-732 from cache --><\/h6>\n<hr class=\"linie100g\" \/>\n<p>[\/et_pb_text][et_pb_text background_layout=\u00a0\u00bblight\u00a0\u00bb text_orientation=\u00a0\u00bbleft\u00a0\u00bb use_border_color=\u00a0\u00bboff\u00a0\u00bb border_color=\u00a0\u00bb#ffffff\u00a0\u00bb border_style=\u00a0\u00bbsolid\u00a0\u00bb background_position=\u00a0\u00bbtop_left\u00a0\u00bb background_repeat=\u00a0\u00bbrepeat\u00a0\u00bb background_size=\u00a0\u00bbinitial\u00a0\u00bb module_alignment=\u00a0\u00bbleft\u00a0\u00bb]<\/p>\n<p><strong>Ponceuse excentrique extr\u00eamement l\u00e9g\u00e8re et silencieuse, \u00e0 faible niveau de vibrations, dot\u00e9e d&rsquo;une course excentrique de 5\u00a0mm,<\/strong> qui garantit un enl\u00e8vement de mati\u00e8re important en peu de temps. La machine peut \u00eatre raccord\u00e9 \u00e0 un syst\u00e8me d&rsquo;aspiration des poussi\u00e8res. Elle est l\u00e9g\u00e8re, offre une bonne prise en main et id\u00e9ale pour une utilisation en continu. Con\u00e7ue pour tous les travaux de pon\u00e7age sur diff\u00e9rentes surfaces, elle garantit un r\u00e9sultat tr\u00e8s uniforme. <strong>Le plateau-support auto-agrippant de qualit\u00e9 vient id\u00e9alement parachever le niveau de performance professionnel de la machine.<\/strong><\/p>\n<p>[\/et_pb_text][\/et_pb_column_inner][\/et_pb_row_inner][\/et_pb_column][\/et_pb_section][et_pb_section bb_built=\u00a0\u00bb1&Prime; fullwidth=\u00a0\u00bboff\u00a0\u00bb specialty=\u00a0\u00bboff\u00a0\u00bb transparent_background=\u00a0\u00bboff\u00a0\u00bb background_color=\u00a0\u00bb#dddddd\u00a0\u00bb allow_player_pause=\u00a0\u00bboff\u00a0\u00bb inner_shadow=\u00a0\u00bboff\u00a0\u00bb parallax=\u00a0\u00bboff\u00a0\u00bb parallax_method=\u00a0\u00bbon\u00a0\u00bb make_fullwidth=\u00a0\u00bboff\u00a0\u00bb use_custom_width=\u00a0\u00bboff\u00a0\u00bb width_unit=\u00a0\u00bbon\u00a0\u00bb make_equal=\u00a0\u00bboff\u00a0\u00bb use_custom_gutter=\u00a0\u00bboff\u00a0\u00bb custom_padding=\u00a0\u00bb0px||0px|\u00a0\u00bb][et_pb_row background_position=\u00a0\u00bbtop_left\u00a0\u00bb background_repeat=\u00a0\u00bbrepeat\u00a0\u00bb background_size=\u00a0\u00bbinitial\u00a0\u00bb][et_pb_column type=\u00a0\u00bb4_4&Prime;][et_pb_text background_layout=\u00a0\u00bblight\u00a0\u00bb text_orientation=\u00a0\u00bbleft\u00a0\u00bb use_border_color=\u00a0\u00bboff\u00a0\u00bb border_color=\u00a0\u00bb#ffffff\u00a0\u00bb border_style=\u00a0\u00bbsolid\u00a0\u00bb background_position=\u00a0\u00bbtop_left\u00a0\u00bb background_repeat=\u00a0\u00bbrepeat\u00a0\u00bb background_size=\u00a0\u00bbinitial\u00a0\u00bb module_alignment=\u00a0\u00bbleft\u00a0\u00bb]<\/p>\n<h5>ACCESSOIRES\u00a0:<\/h5>\n<p>[\/et_pb_text][et_pb_gallery gallery_ids=\u00a0\u00bb7236,7239,7240,7241,7242,7243,7244,7245&Prime; fullwidth=\u00a0\u00bboff\u00a0\u00bb orientation=\u00a0\u00bblandscape\u00a0\u00bb show_title_and_caption=\u00a0\u00bbon\u00a0\u00bb show_pagination=\u00a0\u00bbon\u00a0\u00bb background_layout=\u00a0\u00bblight\u00a0\u00bb auto=\u00a0\u00bboff\u00a0\u00bb hover_overlay_color=\u00a0\u00bbrgba(255,255,255,0.9)\u00a0\u00bb caption_line_height=\u00a0\u00bb14px\u00a0\u00bb title_font_size=\u00a0\u00bb14&Prime; use_border_color=\u00a0\u00bboff\u00a0\u00bb border_color=\u00a0\u00bb#ffffff\u00a0\u00bb border_style=\u00a0\u00bbsolid\u00a0\u00bb posts_number=\u00a0\u00bb12&Prime; saved_tabs=\u00a0\u00bball\u00a0\u00bb \/][et_pb_divider color=\u00a0\u00bb#ffffff\u00a0\u00bb show_divider=\u00a0\u00bbon\u00a0\u00bb divider_style=\u00a0\u00bbsolid\u00a0\u00bb divider_position=\u00a0\u00bbcenter\u00a0\u00bb hide_on_mobile=\u00a0\u00bbon\u00a0\u00bb divider_weight=\u00a0\u00bb3&Prime; disabled_on=\u00a0\u00bbon|on|off\u00a0\u00bb \/][\/et_pb_column][\/et_pb_row][\/et_pb_section][et_pb_section bb_built=\u00a0\u00bb1&Prime; fullwidth=\u00a0\u00bboff\u00a0\u00bb specialty=\u00a0\u00bboff\u00a0\u00bb transparent_background=\u00a0\u00bboff\u00a0\u00bb background_color=\u00a0\u00bb#dddddd\u00a0\u00bb allow_player_pause=\u00a0\u00bboff\u00a0\u00bb inner_shadow=\u00a0\u00bboff\u00a0\u00bb parallax=\u00a0\u00bboff\u00a0\u00bb parallax_method=\u00a0\u00bbon\u00a0\u00bb make_fullwidth=\u00a0\u00bboff\u00a0\u00bb use_custom_width=\u00a0\u00bboff\u00a0\u00bb width_unit=\u00a0\u00bbon\u00a0\u00bb make_equal=\u00a0\u00bboff\u00a0\u00bb use_custom_gutter=\u00a0\u00bboff\u00a0\u00bb custom_padding=\u00a0\u00bb0px||0px|\u00a0\u00bb][et_pb_row background_position=\u00a0\u00bbtop_left\u00a0\u00bb background_repeat=\u00a0\u00bbrepeat\u00a0\u00bb background_size=\u00a0\u00bbinitial\u00a0\u00bb][et_pb_column type=\u00a0\u00bb4_4&Prime;][et_pb_text background_layout=\u00a0\u00bblight\u00a0\u00bb text_orientation=\u00a0\u00bbleft\u00a0\u00bb use_border_color=\u00a0\u00bboff\u00a0\u00bb border_color=\u00a0\u00bb#ffffff\u00a0\u00bb border_style=\u00a0\u00bbsolid\u00a0\u00bb background_position=\u00a0\u00bbtop_left\u00a0\u00bb background_repeat=\u00a0\u00bbrepeat\u00a0\u00bb background_size=\u00a0\u00bbinitial\u00a0\u00bb module_alignment=\u00a0\u00bbleft\u00a0\u00bb]<\/p>\n<h5>AUTRES VUES\u00a0:<\/h5>\n<p>[\/et_pb_text][et_pb_gallery gallery_ids=\u00a0\u00bb5337,5338,5339,5340&Prime; fullwidth=\u00a0\u00bboff\u00a0\u00bb orientation=\u00a0\u00bblandscape\u00a0\u00bb show_title_and_caption=\u00a0\u00bboff\u00a0\u00bb show_pagination=\u00a0\u00bbon\u00a0\u00bb background_layout=\u00a0\u00bblight\u00a0\u00bb hover_overlay_color=\u00a0\u00bbrgba(255,255,255,0.9)\u00a0\u00bb caption_line_height=\u00a0\u00bb14px\u00a0\u00bb title_font_size=\u00a0\u00bb14&Prime; _builder_version=\u00a0\u00bb3.0.83&Prime; zoom_icon_color=\u00a0\u00bb#0f00a7&Prime; pagination_font_size_tablet=\u00a0\u00bb51&Prime; pagination_line_height_tablet=\u00a0\u00bb2&Prime; \/][et_pb_divider color=\u00a0\u00bb#ffffff\u00a0\u00bb show_divider=\u00a0\u00bbon\u00a0\u00bb divider_style=\u00a0\u00bbsolid\u00a0\u00bb divider_position=\u00a0\u00bbcenter\u00a0\u00bb hide_on_mobile=\u00a0\u00bbon\u00a0\u00bb divider_weight=\u00a0\u00bb3&Prime; disabled_on=\u00a0\u00bbon|on|off\u00a0\u00bb \/][\/et_pb_column][\/et_pb_row][\/et_pb_section]<\/p>\n","protected":false},"excerpt":{"rendered":"<p>C-3377 VP6 Ponceuse excentrique avec aspiration des poussi\u00e8res &nbsp; R\u00e9f.art.\u00a0: 600 443 &nbsp; VUE \u00c9CLAT\u00c9E : &nbsp; \n<table id=\"tablepress-732-no-2\" class=\"tablepress tablepress-id-732\">\n<tbody>\n<tr class=\"row-1\">\n\t<td class=\"column-1\">R\u00e9gime \u00e0 vide<\/td><td class=\"column-2\">10\u00a0000 tr\/min<\/td>\n<\/tr>\n<tr class=\"row-2\">\n\t<td class=\"column-1\">Course<\/td><td class=\"column-2\">5 mm<\/td>\n<\/tr>\n<tr class=\"row-3\">\n\t<td class=\"column-1\">Plateau-support<\/td><td class=\"column-2\">mod\u00e8le auto-agrippant 152 mm \/ 6\"<\/td>\n<\/tr>\n<tr class=\"row-4\">\n\t<td class=\"column-1\">Poids<\/td><td class=\"column-2\">0,8 kg<\/td>\n<\/tr>\n<tr class=\"row-5\">\n\t<td class=\"column-1\">Pression d'air<\/td><td class=\"column-2\">6,3 bar<\/td>\n<\/tr>\n<tr class=\"row-6\">\n\t<td class=\"column-1\">Raccord d'air comprim\u00e9<\/td><td class=\"column-2\">1\/4\"<\/td>\n<\/tr>\n<tr class=\"row-7\">\n\t<td class=\"column-1\">Pression acoustique<\/td><td class=\"column-2\">79 dB\/A<\/td>\n<\/tr>\n<\/tbody>\n<\/table>\n Ponceuse excentrique extr\u00eamement l\u00e9g\u00e8re et silencieuse, \u00e0 faible niveau de vibrations, dot\u00e9e d&rsquo;une course excentrique de 5\u00a0mm, qui garantit un enl\u00e8vement de mati\u00e8re important en peu de temps. La machine peut \u00eatre raccord\u00e9 \u00e0 un [&hellip;]<\/p>\n","protected":false},"author":7,"featured_media":0,"parent":0,"menu_order":156,"comment_status":"closed","ping_status":"closed","template":"","meta":{"_et_pb_use_builder":"on","_et_pb_old_content":"","_et_gb_content_width":"","footnotes":""},"class_list":["post-19249","page","type-page","status-publish","hentry"],"_links":{"self":[{"href":"https:\/\/www.rotador.de\/fr\/wp-json\/wp\/v2\/pages\/19249","targetHints":{"allow":["GET"]}}],"collection":[{"href":"https:\/\/www.rotador.de\/fr\/wp-json\/wp\/v2\/pages"}],"about":[{"href":"https:\/\/www.rotador.de\/fr\/wp-json\/wp\/v2\/types\/page"}],"author":[{"embeddable":true,"href":"https:\/\/www.rotador.de\/fr\/wp-json\/wp\/v2\/users\/7"}],"replies":[{"embeddable":true,"href":"https:\/\/www.rotador.de\/fr\/wp-json\/wp\/v2\/comments?post=19249"}],"version-history":[{"count":7,"href":"https:\/\/www.rotador.de\/fr\/wp-json\/wp\/v2\/pages\/19249\/revisions"}],"predecessor-version":[{"id":22892,"href":"https:\/\/www.rotador.de\/fr\/wp-json\/wp\/v2\/pages\/19249\/revisions\/22892"}],"wp:attachment":[{"href":"https:\/\/www.rotador.de\/fr\/wp-json\/wp\/v2\/media?parent=19249"}],"curies":[{"name":"wp","href":"https:\/\/api.w.org\/{rel}","templated":true}]}}