{"id":19275,"date":"2017-11-21T10:28:43","date_gmt":"2017-11-21T10:28:43","guid":{"rendered":"http:\/\/www.bendel.de\/aiguille-damorce\/"},"modified":"2018-07-06T18:13:30","modified_gmt":"2018-07-06T18:13:30","slug":"aiguille-damorce","status":"publish","type":"page","link":"https:\/\/www.rotador.de\/fr\/aiguille-damorce\/","title":{"rendered":"Aiguille d&rsquo;amorce"},"content":{"rendered":"<p>[et_pb_section bb_built=\u00a0\u00bb1&Prime; admin_label=\u00a0\u00bbSection\u00a0\u00bb fullwidth=\u00a0\u00bboff\u00a0\u00bb specialty=\u00a0\u00bbon\u00a0\u00bb][et_pb_column type=\u00a0\u00bb1_2&Prime;][et_pb_text background_layout=\u00a0\u00bblight\u00a0\u00bb text_orientation=\u00a0\u00bbleft\u00a0\u00bb border_style=\u00a0\u00bbsolid\u00a0\u00bb background_position=\u00a0\u00bbtop_left\u00a0\u00bb background_repeat=\u00a0\u00bbrepeat\u00a0\u00bb background_size=\u00a0\u00bbinitial\u00a0\u00bb _builder_version=\u00a0\u00bb3.0.55&Prime; module_alignment=\u00a0\u00bbleft\u00a0\u00bb]<\/p>\n<h2><strong>Aiguille d&rsquo;amorce<\/strong><\/h2>\n<p>&nbsp;<\/p>\n<h3>R\u00e9f.art.\u00a0: 700 167<\/h3>\n<p>[\/et_pb_text][et_pb_image src=\u00a0\u00bbhttps:\/\/www.bendel.de\/wp-content\/uploads\/2017\/05\/700167.jpg\u00a0\u00bb show_in_lightbox=\u00a0\u00bbon\u00a0\u00bb url_new_window=\u00a0\u00bboff\u00a0\u00bb use_overlay=\u00a0\u00bboff\u00a0\u00bb sticky=\u00a0\u00bboff\u00a0\u00bb align=\u00a0\u00bbleft\u00a0\u00bb always_center_on_mobile=\u00a0\u00bbon\u00a0\u00bb use_border_color=\u00a0\u00bboff\u00a0\u00bb border_color=\u00a0\u00bb#ffffff\u00a0\u00bb border_style=\u00a0\u00bbsolid\u00a0\u00bb force_fullwidth=\u00a0\u00bboff\u00a0\u00bb animation=\u00a0\u00bbleft\u00a0\u00bb animation_direction=\u00a0\u00bbleft\u00a0\u00bb animation_style=\u00a0\u00bbslide\u00a0\u00bb animation_duration=\u00a0\u00bb500ms\u00a0\u00bb animation_intensity_slide=\u00a0\u00bb10%\u00a0\u00bb show_bottom_space=\u00a0\u00bbon\u00a0\u00bb \/][\/et_pb_column][et_pb_column type=\u00a0\u00bb1_2&Prime; specialty_columns=\u00a0\u00bb2&Prime;][et_pb_row_inner admin_label=\u00a0\u00bbRow\u00a0\u00bb padding_mobile=\u00a0\u00bboff\u00a0\u00bb use_custom_gutter=\u00a0\u00bboff\u00a0\u00bb column_padding_mobile=\u00a0\u00bbon\u00a0\u00bb make_equal=\u00a0\u00bbon\u00a0\u00bb parallax_1=\u00a0\u00bboff\u00a0\u00bb parallax_method_1=\u00a0\u00bboff\u00a0\u00bb parallax_2=\u00a0\u00bboff\u00a0\u00bb parallax_method_2=\u00a0\u00bboff\u00a0\u00bb][et_pb_column_inner type=\u00a0\u00bb4_4&Prime; saved_specialty_column_type=\u00a0\u00bb1_2&Prime;][et_pb_text background_layout=\u00a0\u00bblight\u00a0\u00bb use_border_color=\u00a0\u00bboff\u00a0\u00bb saved_tabs=\u00a0\u00bball\u00a0\u00bb module_alignment=\u00a0\u00bbleft\u00a0\u00bb border_color_all=\u00a0\u00bb#ffffff\u00a0\u00bb _builder_version=\u00a0\u00bb3.0.91&Prime;]<\/p>\n<hr class=\"linie100g\" \/>\n<h6>\n<table id=\"tablepress-784\" class=\"tablepress tablepress-id-784\">\n<tbody>\n<tr class=\"row-1\">\n\t<td class=\"column-1\">Composition<\/td><td class=\"column-2\">acier \u00e0 ressort flexible<\/td>\n<\/tr>\n<tr class=\"row-2\">\n\t<td class=\"column-1\">Structure<\/td><td class=\"column-2\">fourche de guidage sp\u00e9ciale \u00e0 travers laquelle il suffit d'ins\u00e9rer la corde qui n'a donc plus besoin d'\u00eatre enfil\u00e9e.<\/td>\n<\/tr>\n<tr class=\"row-3\">\n\t<td class=\"column-1\">Poids<\/td><td class=\"column-2\">env. 80 g<\/td>\n<\/tr>\n<\/tbody>\n<\/table>\n<!-- #tablepress-784 from cache --><\/h6>\n<hr class=\"linie100g\" \/>\n<p>[\/et_pb_text][et_pb_text background_layout=\u00a0\u00bblight\u00a0\u00bb text_orientation=\u00a0\u00bbleft\u00a0\u00bb border_style=\u00a0\u00bbsolid\u00a0\u00bb background_position=\u00a0\u00bbtop_left\u00a0\u00bb background_repeat=\u00a0\u00bbrepeat\u00a0\u00bb background_size=\u00a0\u00bbinitial\u00a0\u00bb _builder_version=\u00a0\u00bb3.0.59&Prime; module_alignment=\u00a0\u00bbleft\u00a0\u00bb border_style_all=\u00a0\u00bbsolid\u00a0\u00bb]<\/p>\n<p><strong>L&rsquo;aiguille d&rsquo;amorce a \u00e9t\u00e9 con\u00e7ue pour pouvoir guider facilement la corde \u00e0 piano \u00e0 travers la colle PU, y compris sur les cockpits surbaiss\u00e9s.<\/strong> La pointe pr\u00e9sente une forme de fourche dans laquelle il est possible d&rsquo;introduire et de guider ais\u00e9ment la corde. Afin de pouvoir s&rsquo;adapter \u00e9galement aux diff\u00e9rentes courbures des tableaux de bords, la tige est fabriqu\u00e9e dans un acier \u00e0 ressort ultra-flexible. La poign\u00e9e en T permet d&rsquo;exercer la pression de travail ad\u00e9quate. <strong>Cet outil sp\u00e9cifique fait partie de l&rsquo;\u00e9quipement de base de tous les garages.<\/strong><\/p>\n<p>[\/et_pb_text][\/et_pb_column_inner][\/et_pb_row_inner][\/et_pb_column][\/et_pb_section][et_pb_section bb_built=\u00a0\u00bb1&Prime; fullwidth=\u00a0\u00bboff\u00a0\u00bb specialty=\u00a0\u00bboff\u00a0\u00bb transparent_background=\u00a0\u00bboff\u00a0\u00bb background_color=\u00a0\u00bb#dddddd\u00a0\u00bb allow_player_pause=\u00a0\u00bboff\u00a0\u00bb inner_shadow=\u00a0\u00bboff\u00a0\u00bb parallax=\u00a0\u00bboff\u00a0\u00bb parallax_method=\u00a0\u00bbon\u00a0\u00bb make_fullwidth=\u00a0\u00bboff\u00a0\u00bb use_custom_width=\u00a0\u00bboff\u00a0\u00bb width_unit=\u00a0\u00bbon\u00a0\u00bb make_equal=\u00a0\u00bboff\u00a0\u00bb use_custom_gutter=\u00a0\u00bboff\u00a0\u00bb custom_padding=\u00a0\u00bb0px||0px|\u00a0\u00bb][et_pb_row background_position=\u00a0\u00bbtop_left\u00a0\u00bb background_repeat=\u00a0\u00bbrepeat\u00a0\u00bb background_size=\u00a0\u00bbinitial\u00a0\u00bb][et_pb_column type=\u00a0\u00bb4_4&Prime;][et_pb_text background_layout=\u00a0\u00bblight\u00a0\u00bb text_orientation=\u00a0\u00bbleft\u00a0\u00bb use_border_color=\u00a0\u00bboff\u00a0\u00bb border_color=\u00a0\u00bb#ffffff\u00a0\u00bb border_style=\u00a0\u00bbsolid\u00a0\u00bb background_position=\u00a0\u00bbtop_left\u00a0\u00bb background_repeat=\u00a0\u00bbrepeat\u00a0\u00bb background_size=\u00a0\u00bbinitial\u00a0\u00bb module_alignment=\u00a0\u00bbleft\u00a0\u00bb]<\/p>\n<h5>AUTRES VUES\u00a0:<\/h5>\n<p>[\/et_pb_text][et_pb_gallery fullwidth=\u00a0\u00bboff\u00a0\u00bb posts_number=\u00a0\u00bb10&Prime; orientation=\u00a0\u00bblandscape\u00a0\u00bb show_title_and_caption=\u00a0\u00bboff\u00a0\u00bb show_pagination=\u00a0\u00bbon\u00a0\u00bb background_layout=\u00a0\u00bblight\u00a0\u00bb hover_overlay_color=\u00a0\u00bbrgba(255,255,255,0.9)\u00a0\u00bb caption_line_height=\u00a0\u00bb14px\u00a0\u00bb title_font_size=\u00a0\u00bb14&Prime; saved_tabs=\u00a0\u00bball\u00a0\u00bb gallery_ids=\u00a0\u00bb7488,7489,7490,7491,7492&Prime; _builder_version=\u00a0\u00bb3.0.83&Prime; zoom_icon_color=\u00a0\u00bb#0f00a7&Prime; pagination_font_size_tablet=\u00a0\u00bb51&Prime; pagination_line_height_tablet=\u00a0\u00bb2&Prime; \/][et_pb_divider color=\u00a0\u00bb#ffffff\u00a0\u00bb show_divider=\u00a0\u00bbon\u00a0\u00bb divider_style=\u00a0\u00bbsolid\u00a0\u00bb divider_position=\u00a0\u00bbcenter\u00a0\u00bb hide_on_mobile=\u00a0\u00bbon\u00a0\u00bb divider_weight=\u00a0\u00bb3&Prime; disabled_on=\u00a0\u00bbon|on|off\u00a0\u00bb \/][\/et_pb_column][\/et_pb_row][\/et_pb_section][et_pb_section bb_built=\u00a0\u00bb1&Prime; fullwidth=\u00a0\u00bboff\u00a0\u00bb specialty=\u00a0\u00bboff\u00a0\u00bb transparent_background=\u00a0\u00bboff\u00a0\u00bb background_color=\u00a0\u00bb#dddddd\u00a0\u00bb allow_player_pause=\u00a0\u00bboff\u00a0\u00bb inner_shadow=\u00a0\u00bboff\u00a0\u00bb parallax=\u00a0\u00bboff\u00a0\u00bb parallax_method=\u00a0\u00bbon\u00a0\u00bb make_fullwidth=\u00a0\u00bboff\u00a0\u00bb use_custom_width=\u00a0\u00bboff\u00a0\u00bb width_unit=\u00a0\u00bbon\u00a0\u00bb make_equal=\u00a0\u00bboff\u00a0\u00bb use_custom_gutter=\u00a0\u00bboff\u00a0\u00bb custom_padding=\u00a0\u00bb0px||0px|\u00a0\u00bb][et_pb_row background_position=\u00a0\u00bbtop_left\u00a0\u00bb background_repeat=\u00a0\u00bbrepeat\u00a0\u00bb background_size=\u00a0\u00bbinitial\u00a0\u00bb][et_pb_column type=\u00a0\u00bb4_4&Prime;][et_pb_text background_layout=\u00a0\u00bblight\u00a0\u00bb text_orientation=\u00a0\u00bbleft\u00a0\u00bb use_border_color=\u00a0\u00bboff\u00a0\u00bb border_color=\u00a0\u00bb#ffffff\u00a0\u00bb border_style=\u00a0\u00bbsolid\u00a0\u00bb background_position=\u00a0\u00bbtop_left\u00a0\u00bb background_repeat=\u00a0\u00bbrepeat\u00a0\u00bb background_size=\u00a0\u00bbinitial\u00a0\u00bb module_alignment=\u00a0\u00bbleft\u00a0\u00bb]<\/p>\n<h5>APPLICATIONS\u00a0:<\/h5>\n<p>[\/et_pb_text][et_pb_gallery gallery_ids=\u00a0\u00bb7930&Prime; fullwidth=\u00a0\u00bboff\u00a0\u00bb orientation=\u00a0\u00bblandscape\u00a0\u00bb show_title_and_caption=\u00a0\u00bboff\u00a0\u00bb show_pagination=\u00a0\u00bbon\u00a0\u00bb background_layout=\u00a0\u00bblight\u00a0\u00bb hover_overlay_color=\u00a0\u00bbrgba(255,255,255,0.9)\u00a0\u00bb caption_line_height=\u00a0\u00bb14px\u00a0\u00bb title_font_size=\u00a0\u00bb14&Prime; posts_number=\u00a0\u00bb8&Prime; background_position=\u00a0\u00bbtop_left\u00a0\u00bb background_repeat=\u00a0\u00bbrepeat\u00a0\u00bb background_size=\u00a0\u00bbinitial\u00a0\u00bb _builder_version=\u00a0\u00bb3.0.83&Prime; zoom_icon_color=\u00a0\u00bb#0f00a7&Prime; pagination_font_size_tablet=\u00a0\u00bb51&Prime; pagination_line_height_tablet=\u00a0\u00bb2&Prime; \/][et_pb_divider color=\u00a0\u00bb#ffffff\u00a0\u00bb show_divider=\u00a0\u00bbon\u00a0\u00bb divider_style=\u00a0\u00bbsolid\u00a0\u00bb divider_position=\u00a0\u00bbcenter\u00a0\u00bb hide_on_mobile=\u00a0\u00bbon\u00a0\u00bb divider_weight=\u00a0\u00bb3&Prime; disabled_on=\u00a0\u00bbon|on|off\u00a0\u00bb \/][\/et_pb_column][\/et_pb_row][\/et_pb_section]<\/p>\n","protected":false},"excerpt":{"rendered":"<p>Aiguille d&rsquo;amorce &nbsp; R\u00e9f.art.\u00a0: 700 167 \n<table id=\"tablepress-784-no-2\" class=\"tablepress tablepress-id-784\">\n<tbody>\n<tr class=\"row-1\">\n\t<td class=\"column-1\">Composition<\/td><td class=\"column-2\">acier \u00e0 ressort flexible<\/td>\n<\/tr>\n<tr class=\"row-2\">\n\t<td class=\"column-1\">Structure<\/td><td class=\"column-2\">fourche de guidage sp\u00e9ciale \u00e0 travers laquelle il suffit d'ins\u00e9rer la corde qui n'a donc plus besoin d'\u00eatre enfil\u00e9e.<\/td>\n<\/tr>\n<tr class=\"row-3\">\n\t<td class=\"column-1\">Poids<\/td><td class=\"column-2\">env. 80 g<\/td>\n<\/tr>\n<\/tbody>\n<\/table>\n<!-- #tablepress-784-no-2 from cache --> L&rsquo;aiguille d&rsquo;amorce a \u00e9t\u00e9 con\u00e7ue pour pouvoir guider facilement la corde \u00e0 piano \u00e0 travers la colle PU, y compris sur les cockpits surbaiss\u00e9s. La pointe pr\u00e9sente une forme de fourche dans laquelle il est possible d&rsquo;introduire et de guider ais\u00e9ment la corde. Afin de pouvoir [&hellip;]<\/p>\n","protected":false},"author":7,"featured_media":0,"parent":0,"menu_order":393,"comment_status":"closed","ping_status":"closed","template":"","meta":{"_et_pb_use_builder":"on","_et_pb_old_content":"","_et_gb_content_width":"","footnotes":""},"class_list":["post-19275","page","type-page","status-publish","hentry"],"_links":{"self":[{"href":"https:\/\/www.rotador.de\/fr\/wp-json\/wp\/v2\/pages\/19275","targetHints":{"allow":["GET"]}}],"collection":[{"href":"https:\/\/www.rotador.de\/fr\/wp-json\/wp\/v2\/pages"}],"about":[{"href":"https:\/\/www.rotador.de\/fr\/wp-json\/wp\/v2\/types\/page"}],"author":[{"embeddable":true,"href":"https:\/\/www.rotador.de\/fr\/wp-json\/wp\/v2\/users\/7"}],"replies":[{"embeddable":true,"href":"https:\/\/www.rotador.de\/fr\/wp-json\/wp\/v2\/comments?post=19275"}],"version-history":[{"count":8,"href":"https:\/\/www.rotador.de\/fr\/wp-json\/wp\/v2\/pages\/19275\/revisions"}],"predecessor-version":[{"id":22965,"href":"https:\/\/www.rotador.de\/fr\/wp-json\/wp\/v2\/pages\/19275\/revisions\/22965"}],"wp:attachment":[{"href":"https:\/\/www.rotador.de\/fr\/wp-json\/wp\/v2\/media?parent=19275"}],"curies":[{"name":"wp","href":"https:\/\/api.w.org\/{rel}","templated":true}]}}