{"id":19283,"date":"2017-11-21T10:28:43","date_gmt":"2017-11-21T10:28:43","guid":{"rendered":"http:\/\/www.bendel.de\/corde-piano-section-carre\/"},"modified":"2018-07-06T18:13:32","modified_gmt":"2018-07-06T18:13:32","slug":"corde-piano-section-carre","status":"publish","type":"page","link":"https:\/\/www.rotador.de\/fr\/corde-piano-section-carre\/","title":{"rendered":"Corde &agrave; piano, section carr&eacute;e"},"content":{"rendered":"<p>[et_pb_section bb_built=\u00a0\u00bb1&Prime; admin_label=\u00a0\u00bbSection\u00a0\u00bb fullwidth=\u00a0\u00bboff\u00a0\u00bb specialty=\u00a0\u00bbon\u00a0\u00bb][et_pb_column type=\u00a0\u00bb1_2&Prime;][et_pb_text background_layout=\u00a0\u00bblight\u00a0\u00bb text_orientation=\u00a0\u00bbleft\u00a0\u00bb border_style=\u00a0\u00bbsolid\u00a0\u00bb background_position=\u00a0\u00bbtop_left\u00a0\u00bb background_repeat=\u00a0\u00bbrepeat\u00a0\u00bb background_size=\u00a0\u00bbinitial\u00a0\u00bb _builder_version=\u00a0\u00bb3.0.55&Prime; module_alignment=\u00a0\u00bbleft\u00a0\u00bb]<\/p>\n<h2><strong>Corde \u00e0 piano, section carr\u00e9e<\/strong><\/h2>\n<p>&nbsp;<\/p>\n<h3>R\u00e9f.art.\u00a0: 700 150<\/h3>\n<p>[\/et_pb_text][et_pb_image src=\u00a0\u00bbhttps:\/\/www.bendel.de\/wp-content\/uploads\/2017\/05\/700150-Vierkantdraht-3.jpg\u00a0\u00bb show_in_lightbox=\u00a0\u00bbon\u00a0\u00bb url_new_window=\u00a0\u00bboff\u00a0\u00bb use_overlay=\u00a0\u00bboff\u00a0\u00bb sticky=\u00a0\u00bboff\u00a0\u00bb align=\u00a0\u00bbleft\u00a0\u00bb always_center_on_mobile=\u00a0\u00bbon\u00a0\u00bb use_border_color=\u00a0\u00bboff\u00a0\u00bb border_color=\u00a0\u00bb#ffffff\u00a0\u00bb border_style=\u00a0\u00bbsolid\u00a0\u00bb force_fullwidth=\u00a0\u00bboff\u00a0\u00bb animation=\u00a0\u00bbleft\u00a0\u00bb animation_direction=\u00a0\u00bbleft\u00a0\u00bb animation_style=\u00a0\u00bbslide\u00a0\u00bb animation_duration=\u00a0\u00bb500ms\u00a0\u00bb animation_intensity_slide=\u00a0\u00bb10%\u00a0\u00bb show_bottom_space=\u00a0\u00bbon\u00a0\u00bb \/][\/et_pb_column][et_pb_column type=\u00a0\u00bb1_2&Prime; specialty_columns=\u00a0\u00bb2&Prime;][et_pb_row_inner admin_label=\u00a0\u00bbRow\u00a0\u00bb padding_mobile=\u00a0\u00bboff\u00a0\u00bb use_custom_gutter=\u00a0\u00bboff\u00a0\u00bb column_padding_mobile=\u00a0\u00bbon\u00a0\u00bb make_equal=\u00a0\u00bbon\u00a0\u00bb parallax_1=\u00a0\u00bboff\u00a0\u00bb parallax_method_1=\u00a0\u00bboff\u00a0\u00bb parallax_2=\u00a0\u00bboff\u00a0\u00bb parallax_method_2=\u00a0\u00bboff\u00a0\u00bb][et_pb_column_inner type=\u00a0\u00bb4_4&Prime; saved_specialty_column_type=\u00a0\u00bb1_2&Prime;][et_pb_text background_layout=\u00a0\u00bblight\u00a0\u00bb use_border_color=\u00a0\u00bboff\u00a0\u00bb saved_tabs=\u00a0\u00bball\u00a0\u00bb module_alignment=\u00a0\u00bbleft\u00a0\u00bb border_color_all=\u00a0\u00bb#ffffff\u00a0\u00bb _builder_version=\u00a0\u00bb3.0.91&Prime;]<\/p>\n<hr class=\"linie100g\" \/>\n<h6>\n<table id=\"tablepress-787\" class=\"tablepress tablepress-id-787\">\n<tbody>\n<tr class=\"row-1\">\n\t<td class=\"column-1\">Mat\u00e9riau<\/td><td class=\"column-2\">acier alli\u00e9 sp\u00e9cial<\/td>\n<\/tr>\n<tr class=\"row-2\">\n\t<td class=\"column-1\">R\u00e9sistance \u00e0 la traction<\/td><td class=\"column-2\">2\u00a0400 N\/mm\u00b2 minimum<\/td>\n<\/tr>\n<tr class=\"row-3\">\n\t<td class=\"column-1\">Contenu<\/td><td class=\"column-2\">bobine de 50m sur support carton<\/td>\n<\/tr>\n<tr class=\"row-4\">\n\t<td class=\"column-1\">Poids<\/td><td class=\"column-2\">155 g<\/td>\n<\/tr>\n<tr class=\"row-5\">\n\t<td class=\"column-1\">Conditionnement\u00a0:<\/td><td class=\"column-2\">100 pi\u00e8ces<\/td>\n<\/tr>\n<\/tbody>\n<\/table>\n<!-- #tablepress-787 from cache --><\/h6>\n<hr class=\"linie100g\" \/>\n<p>[\/et_pb_text][et_pb_text background_layout=\u00a0\u00bblight\u00a0\u00bb text_orientation=\u00a0\u00bbleft\u00a0\u00bb use_border_color=\u00a0\u00bboff\u00a0\u00bb border_color=\u00a0\u00bb#ffffff\u00a0\u00bb border_style=\u00a0\u00bbsolid\u00a0\u00bb background_position=\u00a0\u00bbtop_left\u00a0\u00bb background_repeat=\u00a0\u00bbrepeat\u00a0\u00bb background_size=\u00a0\u00bbinitial\u00a0\u00bb module_alignment=\u00a0\u00bbleft\u00a0\u00bb border_color_all=\u00a0\u00bb#ffffff\u00a0\u00bb border_style_all=\u00a0\u00bbsolid\u00a0\u00bb]<\/p>\n<p><strong>Le profil carr\u00e9 de cette corde<\/strong> permet une coupe facile, pr\u00e9cise et nette, m\u00eame <strong>\u00e0 travers les couches de polyur\u00e9thane les plus \u00e9paisses. <\/strong>Cette corde \u00e0 section carr\u00e9e est fabriqu\u00e9e dans un alliage sp\u00e9cial afin de garantir des r\u00e9sistances \u00e0 la traction extr\u00eamement importantes au-del\u00e0 de 2\u00a0400 MPa et \u00e9viter ainsi un \u00ab\u00a0arrachage\u00a0\u00bb dangereux en traction. <strong>Corde professionnelle indispensable pour le remplacement professionnel de pare-brises.<\/strong><\/p>\n<p>[\/et_pb_text][\/et_pb_column_inner][\/et_pb_row_inner][\/et_pb_column][\/et_pb_section][et_pb_section bb_built=\u00a0\u00bb1&Prime; fullwidth=\u00a0\u00bboff\u00a0\u00bb specialty=\u00a0\u00bboff\u00a0\u00bb transparent_background=\u00a0\u00bboff\u00a0\u00bb background_color=\u00a0\u00bb#dddddd\u00a0\u00bb allow_player_pause=\u00a0\u00bboff\u00a0\u00bb inner_shadow=\u00a0\u00bboff\u00a0\u00bb parallax=\u00a0\u00bboff\u00a0\u00bb parallax_method=\u00a0\u00bbon\u00a0\u00bb make_fullwidth=\u00a0\u00bboff\u00a0\u00bb use_custom_width=\u00a0\u00bboff\u00a0\u00bb width_unit=\u00a0\u00bbon\u00a0\u00bb make_equal=\u00a0\u00bboff\u00a0\u00bb use_custom_gutter=\u00a0\u00bboff\u00a0\u00bb custom_padding=\u00a0\u00bb0px||0px|\u00a0\u00bb][et_pb_row background_position=\u00a0\u00bbtop_left\u00a0\u00bb background_repeat=\u00a0\u00bbrepeat\u00a0\u00bb background_size=\u00a0\u00bbinitial\u00a0\u00bb][et_pb_column type=\u00a0\u00bb4_4&Prime;][et_pb_text background_layout=\u00a0\u00bblight\u00a0\u00bb text_orientation=\u00a0\u00bbleft\u00a0\u00bb use_border_color=\u00a0\u00bboff\u00a0\u00bb border_color=\u00a0\u00bb#ffffff\u00a0\u00bb border_style=\u00a0\u00bbsolid\u00a0\u00bb background_position=\u00a0\u00bbtop_left\u00a0\u00bb background_repeat=\u00a0\u00bbrepeat\u00a0\u00bb background_size=\u00a0\u00bbinitial\u00a0\u00bb module_alignment=\u00a0\u00bbleft\u00a0\u00bb]<\/p>\n<h5>AUTRES VUES\u00a0:<\/h5>\n<p>[\/et_pb_text][et_pb_gallery fullwidth=\u00a0\u00bboff\u00a0\u00bb posts_number=\u00a0\u00bb10&Prime; orientation=\u00a0\u00bblandscape\u00a0\u00bb show_title_and_caption=\u00a0\u00bboff\u00a0\u00bb show_pagination=\u00a0\u00bbon\u00a0\u00bb background_layout=\u00a0\u00bblight\u00a0\u00bb hover_overlay_color=\u00a0\u00bbrgba(255,255,255,0.9)\u00a0\u00bb caption_line_height=\u00a0\u00bb14px\u00a0\u00bb title_font_size=\u00a0\u00bb14&Prime; saved_tabs=\u00a0\u00bball\u00a0\u00bb gallery_ids=\u00a0\u00bb7472,7475&Prime; _builder_version=\u00a0\u00bb3.0.83&Prime; zoom_icon_color=\u00a0\u00bb#0f00a7&Prime; pagination_font_size_tablet=\u00a0\u00bb51&Prime; pagination_line_height_tablet=\u00a0\u00bb2&Prime; \/][et_pb_divider color=\u00a0\u00bb#ffffff\u00a0\u00bb show_divider=\u00a0\u00bbon\u00a0\u00bb divider_style=\u00a0\u00bbsolid\u00a0\u00bb divider_position=\u00a0\u00bbcenter\u00a0\u00bb hide_on_mobile=\u00a0\u00bbon\u00a0\u00bb divider_weight=\u00a0\u00bb3&Prime; disabled_on=\u00a0\u00bbon|on|off\u00a0\u00bb \/][\/et_pb_column][\/et_pb_row][\/et_pb_section]<\/p>\n","protected":false},"excerpt":{"rendered":"<p>Corde \u00e0 piano, section carr\u00e9e &nbsp; R\u00e9f.art.\u00a0: 700 150 \n<table id=\"tablepress-787-no-2\" class=\"tablepress tablepress-id-787\">\n<tbody>\n<tr class=\"row-1\">\n\t<td class=\"column-1\">Mat\u00e9riau<\/td><td class=\"column-2\">acier alli\u00e9 sp\u00e9cial<\/td>\n<\/tr>\n<tr class=\"row-2\">\n\t<td class=\"column-1\">R\u00e9sistance \u00e0 la traction<\/td><td class=\"column-2\">2\u00a0400 N\/mm\u00b2 minimum<\/td>\n<\/tr>\n<tr class=\"row-3\">\n\t<td class=\"column-1\">Contenu<\/td><td class=\"column-2\">bobine de 50m sur support carton<\/td>\n<\/tr>\n<tr class=\"row-4\">\n\t<td class=\"column-1\">Poids<\/td><td class=\"column-2\">155 g<\/td>\n<\/tr>\n<tr class=\"row-5\">\n\t<td class=\"column-1\">Conditionnement\u00a0:<\/td><td class=\"column-2\">100 pi\u00e8ces<\/td>\n<\/tr>\n<\/tbody>\n<\/table>\n Le profil carr\u00e9 de cette corde permet une coupe facile, pr\u00e9cise et nette, m\u00eame \u00e0 travers les couches de polyur\u00e9thane les plus \u00e9paisses. Cette corde \u00e0 section carr\u00e9e est fabriqu\u00e9e dans un alliage sp\u00e9cial afin de garantir des r\u00e9sistances \u00e0 la traction extr\u00eamement [&hellip;]<\/p>\n","protected":false},"author":7,"featured_media":0,"parent":0,"menu_order":412,"comment_status":"closed","ping_status":"closed","template":"","meta":{"_et_pb_use_builder":"on","_et_pb_old_content":"","_et_gb_content_width":"","footnotes":""},"class_list":["post-19283","page","type-page","status-publish","hentry"],"_links":{"self":[{"href":"https:\/\/www.rotador.de\/fr\/wp-json\/wp\/v2\/pages\/19283","targetHints":{"allow":["GET"]}}],"collection":[{"href":"https:\/\/www.rotador.de\/fr\/wp-json\/wp\/v2\/pages"}],"about":[{"href":"https:\/\/www.rotador.de\/fr\/wp-json\/wp\/v2\/types\/page"}],"author":[{"embeddable":true,"href":"https:\/\/www.rotador.de\/fr\/wp-json\/wp\/v2\/users\/7"}],"replies":[{"embeddable":true,"href":"https:\/\/www.rotador.de\/fr\/wp-json\/wp\/v2\/comments?post=19283"}],"version-history":[{"count":7,"href":"https:\/\/www.rotador.de\/fr\/wp-json\/wp\/v2\/pages\/19283\/revisions"}],"predecessor-version":[{"id":23000,"href":"https:\/\/www.rotador.de\/fr\/wp-json\/wp\/v2\/pages\/19283\/revisions\/23000"}],"wp:attachment":[{"href":"https:\/\/www.rotador.de\/fr\/wp-json\/wp\/v2\/media?parent=19283"}],"curies":[{"name":"wp","href":"https:\/\/api.w.org\/{rel}","templated":true}]}}