{"id":19410,"date":"2017-07-10T12:52:57","date_gmt":"2017-07-10T12:52:57","guid":{"rendered":"http:\/\/www.bendel.de\/accessoires-pour-cliquets\/"},"modified":"2018-07-06T18:14:19","modified_gmt":"2018-07-06T18:14:19","slug":"zubehoer-fuer-ratschen","status":"publish","type":"page","link":"https:\/\/www.rotador.de\/fr\/zubehoer-fuer-ratschen\/","title":{"rendered":"Accessoires pour cliquets"},"content":{"rendered":"<p>[et_pb_section bb_built=\u00a0\u00bb1&Prime; admin_label=\u00a0\u00bbsection\u00a0\u00bb _builder_version=\u00a0\u00bb3.0.50&Prime; background_color=\u00a0\u00bb#dddddd\u00a0\u00bb][et_pb_row background_position=\u00a0\u00bbtop_left\u00a0\u00bb background_repeat=\u00a0\u00bbrepeat\u00a0\u00bb background_size=\u00a0\u00bbinitial\u00a0\u00bb _builder_version=\u00a0\u00bb3.0.56&Prime;][et_pb_column type=\u00a0\u00bb4_4&Prime;][et_pb_text _builder_version=\u00a0\u00bb3.0.90&Prime; background_layout=\u00a0\u00bblight\u00a0\u00bb module_alignment=\u00a0\u00bbleft\u00a0\u00bb]<\/p>\n<h2>Accessoires pour cliquets<\/h2>\n<p>[\/et_pb_text][et_pb_divider _builder_version=\u00a0\u00bb3.0.50&Prime; show_divider=\u00a0\u00bbon\u00a0\u00bb divider_style=\u00a0\u00bbsolid\u00a0\u00bb divider_position=\u00a0\u00bbcenter\u00a0\u00bb divider_weight=\u00a0\u00bb3&Prime; hide_on_mobile=\u00a0\u00bbon\u00a0\u00bb disabled_on=\u00a0\u00bbon|on|off\u00a0\u00bb \/][et_pb_text _builder_version=\u00a0\u00bb3.0.62&Prime; background_layout=\u00a0\u00bblight\u00a0\u00bb text_orientation=\u00a0\u00bbleft\u00a0\u00bb border_style=\u00a0\u00bbsolid\u00a0\u00bb module_alignment=\u00a0\u00bbleft\u00a0\u00bb]<\/p>\n<h3>Raccords pneumatiques<\/h3>\n<p><strong>Raccord filetage femelle 1\/4&Prime; ZZ-1001<\/strong><\/p>\n<p>[\/et_pb_text][et_pb_gallery _builder_version=\u00a0\u00bb3.0.65&Prime; posts_number=\u00a0\u00bb15&Prime; show_title_and_caption=\u00a0\u00bbon\u00a0\u00bb show_pagination=\u00a0\u00bbon\u00a0\u00bb fullwidth=\u00a0\u00bboff\u00a0\u00bb orientation=\u00a0\u00bblandscape\u00a0\u00bb zoom_icon_color=\u00a0\u00bb#0f00a7&Prime; hover_overlay_color=\u00a0\u00bbrgba(255,255,255,0.9)\u00a0\u00bb background_layout=\u00a0\u00bblight\u00a0\u00bb border_style=\u00a0\u00bbsolid\u00a0\u00bb auto=\u00a0\u00bboff\u00a0\u00bb gallery_ids=\u00a0\u00bb7236,11014,7237,7238,8849,8850,7241,8851,7242,8852,7243,8853,8820,7244&Prime; title_font_size=\u00a0\u00bb14&Prime; \/][et_pb_divider _builder_version=\u00a0\u00bb3.0.50&Prime; show_divider=\u00a0\u00bbon\u00a0\u00bb divider_style=\u00a0\u00bbsolid\u00a0\u00bb divider_position=\u00a0\u00bbcenter\u00a0\u00bb divider_weight=\u00a0\u00bb3&Prime; hide_on_mobile=\u00a0\u00bbon\u00a0\u00bb disabled_on=\u00a0\u00bbon|on|off\u00a0\u00bb \/][et_pb_text _builder_version=\u00a0\u00bb3.0.61&Prime; background_layout=\u00a0\u00bblight\u00a0\u00bb text_orientation=\u00a0\u00bbleft\u00a0\u00bb border_style=\u00a0\u00bbsolid\u00a0\u00bb module_alignment=\u00a0\u00bbleft\u00a0\u00bb]<\/p>\n<h3>Flexibles pneumatiques<\/h3>\n<h6><span style=\"font-size: 14pt;\">\n<table id=\"tablepress-108\" class=\"tablepress tablepress-id-108\">\n<tbody>\n<tr class=\"row-1\">\n\t<td class=\"column-1\">Abmessungen<\/td><td class=\"column-2\">8,0 mm ID x 12,0 mm AD<\/td>\n<\/tr>\n<tr class=\"row-2\">\n\t<td class=\"column-1\">L\u00e4nge ohne Zug<\/td><td class=\"column-2\">ca. m<\/td>\n<\/tr>\n<tr class=\"row-3\">\n\t<td class=\"column-1\">Auszugsl\u00e4nge<\/td><td class=\"column-2\">10 m<\/td>\n<\/tr>\n<tr class=\"row-4\">\n\t<td class=\"column-1\">Anschl\u00fcsse<\/td><td class=\"column-2\">\u00bc\u201c Stecknippel,<br \/>\n\u00bc\u201c Kupplung<\/td>\n<\/tr>\n<\/tbody>\n<\/table>\n<!-- #tablepress-108 from cache --><\/span><\/h6>\n<p>Flexible spiral\u00e9 en PU pr\u00eat \u00e0 raccorder. La protection anti-torsion aux deux extr\u00e9mit\u00e9s garantit davantage de stabilit\u00e9 et ainsi, une plus longue dur\u00e9e de vie. Les flexibles en polyur\u00e9thane se distinguent par les caract\u00e9ristiques suivantes\u00a0: faible poids, r\u00e9sistance \u00e0 l&rsquo;abrasion, grande flexibilit\u00e9, tr\u00e8s bonne r\u00e9sistance \u00e0 l&rsquo;huile et \u00e0 l&rsquo;essence, grande flexibilit\u00e9 \u00e0 froid, rayon de courbe minime, s\u00e9curit\u00e9 anti-torsion et tr\u00e8s bonne r\u00e9sistance \u00e0 l&rsquo;\u00e9crasement. <strong>Les flexibles spiral\u00e9s en PU repr\u00e9sentent un gain de place et sont des accessoires indispensables dans tous les ateliers professionnels.<\/strong><\/p>\n<p>[\/et_pb_text][et_pb_gallery _builder_version=\u00a0\u00bb3.0.61&Prime; posts_number=\u00a0\u00bb15&Prime; show_title_and_caption=\u00a0\u00bbon\u00a0\u00bb show_pagination=\u00a0\u00bbon\u00a0\u00bb fullwidth=\u00a0\u00bboff\u00a0\u00bb orientation=\u00a0\u00bblandscape\u00a0\u00bb zoom_icon_color=\u00a0\u00bb#0f00a7&Prime; hover_overlay_color=\u00a0\u00bbrgba(255,255,255,0.9)\u00a0\u00bb background_layout=\u00a0\u00bblight\u00a0\u00bb border_style=\u00a0\u00bbsolid\u00a0\u00bb auto=\u00a0\u00bboff\u00a0\u00bb gallery_ids=\u00a0\u00bb7245,8854&Prime; title_font_size=\u00a0\u00bb14&Prime; \/][et_pb_divider _builder_version=\u00a0\u00bb3.0.50&Prime; show_divider=\u00a0\u00bbon\u00a0\u00bb divider_style=\u00a0\u00bbsolid\u00a0\u00bb divider_position=\u00a0\u00bbcenter\u00a0\u00bb divider_weight=\u00a0\u00bb3&Prime; hide_on_mobile=\u00a0\u00bbon\u00a0\u00bb disabled_on=\u00a0\u00bbon|on|off\u00a0\u00bb \/][et_pb_text _builder_version=\u00a0\u00bb3.0.61&Prime; background_layout=\u00a0\u00bblight\u00a0\u00bb text_orientation=\u00a0\u00bbleft\u00a0\u00bb border_style=\u00a0\u00bbsolid\u00a0\u00bb module_alignment=\u00a0\u00bbleft\u00a0\u00bb]<\/p>\n<h3><strong>Mini-pompe \u00e0 graisse \u00e0 cartouches<\/strong><\/h3>\n<h6>\n<table id=\"tablepress-109\" class=\"tablepress tablepress-id-109\">\n<tbody>\n<tr class=\"row-1\">\n\t<td class=\"column-1\">Druck<\/td><td class=\"column-2\">max. 69 bar<\/td>\n<\/tr>\n<tr class=\"row-2\">\n\t<td class=\"column-1\">F\u00fcllmenge<\/td><td class=\"column-2\">80 g<\/td>\n<\/tr>\n<tr class=\"row-3\">\n\t<td class=\"column-1\">Geeignet f\u00fcr<\/td><td class=\"column-2\">loses Fett<\/td>\n<\/tr>\n<tr class=\"row-4\">\n\t<td class=\"column-1\">L\u00e4nge<\/td><td class=\"column-2\">145 mm<\/td>\n<\/tr>\n<tr class=\"row-5\">\n\t<td class=\"column-1\">Material<\/td><td class=\"column-2\">Metall<\/td>\n<\/tr>\n<tr class=\"row-6\">\n\t<td class=\"column-1\">Gewicht<\/td><td class=\"column-2\">260 g<\/td>\n<\/tr>\n<\/tbody>\n<\/table>\n<!-- #tablepress-109 from cache --><\/h6>\n<ul>\n<li>Pour une lubrification pr\u00e9cise avec de la graisse fluide<\/li>\n<li>Simplicit\u00e9 d&rsquo;utilisation gr\u00e2ce au poussoir facilement accessible<\/li>\n<li>Carter en m\u00e9tal pour une longue dur\u00e9e de vie<\/li>\n<li>Maniement confortable et ergonomique<\/li>\n<li>Remplissage ais\u00e9 gr\u00e2ce au grand orifice<\/li>\n<\/ul>\n<p>La mini-pompe \u00e0 graisse convient remarquablement \u00e0 des lubrifications propres et pr\u00e9cises. Le remplissage de la graisse s&rsquo;effectue en toute simplicit\u00e9 et son utilisation s&rsquo;av\u00e8re agr\u00e9able gr\u00e2ce au grand poussoir de forme convexe. La quantit\u00e9 de graisse est tr\u00e8s facile \u00e0 doser. Son ex\u00e9cution robuste lui garantit une longue dur\u00e9e de vie. Un outil indispensable au quotidien dans les garages pour la lubrification des bo\u00eetes de vitesses, des pas de vis ou d&rsquo;autres objets.<\/p>\n<p>[\/et_pb_text][et_pb_gallery _builder_version=\u00a0\u00bb3.0.61&Prime; posts_number=\u00a0\u00bb15&Prime; show_title_and_caption=\u00a0\u00bbon\u00a0\u00bb show_pagination=\u00a0\u00bbon\u00a0\u00bb fullwidth=\u00a0\u00bboff\u00a0\u00bb orientation=\u00a0\u00bblandscape\u00a0\u00bb zoom_icon_color=\u00a0\u00bb#0f00a7&Prime; hover_overlay_color=\u00a0\u00bbrgba(255,255,255,0.9)\u00a0\u00bb background_layout=\u00a0\u00bblight\u00a0\u00bb border_style=\u00a0\u00bbsolid\u00a0\u00bb auto=\u00a0\u00bboff\u00a0\u00bb gallery_ids=\u00a0\u00bb7211,8818&Prime; title_font_size=\u00a0\u00bb14&Prime; \/][\/et_pb_column][\/et_pb_row][\/et_pb_section]<\/p>\n","protected":false},"excerpt":{"rendered":"<p>Accessoires pour cliquets Raccords pneumatiques Raccord filetage femelle 1\/4&Prime; ZZ-1001 Flexibles pneumatiques \n<table id=\"tablepress-108-no-2\" class=\"tablepress tablepress-id-108\">\n<tbody>\n<tr class=\"row-1\">\n\t<td class=\"column-1\">Abmessungen<\/td><td class=\"column-2\">8,0 mm ID x 12,0 mm AD<\/td>\n<\/tr>\n<tr class=\"row-2\">\n\t<td class=\"column-1\">L\u00e4nge ohne Zug<\/td><td class=\"column-2\">ca. m<\/td>\n<\/tr>\n<tr class=\"row-3\">\n\t<td class=\"column-1\">Auszugsl\u00e4nge<\/td><td class=\"column-2\">10 m<\/td>\n<\/tr>\n<tr class=\"row-4\">\n\t<td class=\"column-1\">Anschl\u00fcsse<\/td><td class=\"column-2\">\u00bc\u201c Stecknippel,<br \/>\n\u00bc\u201c Kupplung<\/td>\n<\/tr>\n<\/tbody>\n<\/table>\n<!-- #tablepress-108-no-2 from cache --> Flexible spiral\u00e9 en PU pr\u00eat \u00e0 raccorder. La protection anti-torsion aux deux extr\u00e9mit\u00e9s garantit davantage de stabilit\u00e9 et ainsi, une plus longue dur\u00e9e de vie. Les flexibles en polyur\u00e9thane se distinguent par les caract\u00e9ristiques suivantes\u00a0: faible poids, r\u00e9sistance \u00e0 l&rsquo;abrasion, [&hellip;]<\/p>\n","protected":false},"author":7,"featured_media":0,"parent":0,"menu_order":829,"comment_status":"closed","ping_status":"closed","template":"","meta":{"_et_pb_use_builder":"on","_et_pb_old_content":"","_et_gb_content_width":"","footnotes":""},"class_list":["post-19410","page","type-page","status-publish","hentry"],"_links":{"self":[{"href":"https:\/\/www.rotador.de\/fr\/wp-json\/wp\/v2\/pages\/19410","targetHints":{"allow":["GET"]}}],"collection":[{"href":"https:\/\/www.rotador.de\/fr\/wp-json\/wp\/v2\/pages"}],"about":[{"href":"https:\/\/www.rotador.de\/fr\/wp-json\/wp\/v2\/types\/page"}],"author":[{"embeddable":true,"href":"https:\/\/www.rotador.de\/fr\/wp-json\/wp\/v2\/users\/7"}],"replies":[{"embeddable":true,"href":"https:\/\/www.rotador.de\/fr\/wp-json\/wp\/v2\/comments?post=19410"}],"version-history":[{"count":17,"href":"https:\/\/www.rotador.de\/fr\/wp-json\/wp\/v2\/pages\/19410\/revisions"}],"predecessor-version":[{"id":22844,"href":"https:\/\/www.rotador.de\/fr\/wp-json\/wp\/v2\/pages\/19410\/revisions\/22844"}],"wp:attachment":[{"href":"https:\/\/www.rotador.de\/fr\/wp-json\/wp\/v2\/media?parent=19410"}],"curies":[{"name":"wp","href":"https:\/\/api.w.org\/{rel}","templated":true}]}}